{"id":391,"date":"2019-12-10T08:37:22","date_gmt":"2019-12-10T07:37:22","guid":{"rendered":"https:\/\/www.ecolelasource.ch\/en\/?page_id=391"},"modified":"2025-09-18T12:06:11","modified_gmt":"2025-09-18T10:06:11","slug":"semester","status":"publish","type":"page","link":"https:\/\/www.ecolelasource.ch\/en\/international\/study-abroad\/semester\/","title":{"rendered":"Semester abroad"},"content":{"rendered":"<h2>Studying abroad one semester at a renowned university is a dream that can come true<\/h2>\n<p><img loading=\"lazy\" class=\"alignleft\" src=\"http:\/\/www.ecolelasource.ch\/wp-content\/uploads\/Slide_large.jpeg\" width=\"381\" height=\"180\"><br \/>\nBSN students can complete the <strong>5<sup>th<\/sup> semester<\/strong> of the programme abroad at any of La Source\u2019s prestigious partner universities.<\/p>\n<h2>Partner universities<\/h2>\n<ul>\n<li><a href=\"http:\/\/www.umontreal.ca\" target=\"_blank\" rel=\"noopener noreferrer\">Universit\u00e9 de Montr\u00e9al<\/a> (Quebec)<\/li>\n<li><a href=\"https:\/\/www.usj.edu.lb\/english\/\" target=\"_blank\" rel=\"noopener noreferrer\">Universit\u00e9 Saint-Joseph of Beirut<\/a> (Lebanon)<\/li>\n<li><a href=\"http:\/\/www.ulaval.ca\" target=\"_blank\" rel=\"noopener noreferrer\">Universit\u00e9 Laval<\/a> (Quebec)<\/li>\n<li>La Scuola universitaria professionale della Svizzera italiana (SUSPI)<\/li>\n<\/ul>\n<h2>What to expect<\/h2>\n<p>The focus is on nursing science. Classroom courses are completed by a practicum. An HES-SO bursary helps cover part of the cost.<\/p>\n<p>It is possible also to complete a semester of studies at Universit\u00e9 Saint-Joseph in Lebanon. New options are developed on a regular basis with new partners.<\/p>\n<h2>Want to learn more?<\/h2>\n<p><a class=\"fasc-button fasc-size-medium fasc-type-flat fasc-ico-before dashicons-email-alt\" style=\"background-color: #e3c800;color: #ffffff\" target=\"_blank\" rel=\"noopener noreferrer\" href=\"javascript:DeCryptX('3l1o0t0e0r0n2c0t0i1p2p0a3o3C0e2e0o3o0e1m3d2u2q0u0r2e1f1\/3f3k')\">Send us your questions<\/a>&nbsp;<\/p>\n<p>We will be happy to provide all the information you need!<\/p>\n","protected":false},"excerpt":{"rendered":"<p>Studying abroad one semester at a renowned university is a dream that can come true BSN students can complete the 5th semester of the programme abroad at any of La Source\u2019s prestigious partner universities. Partner universities Universit\u00e9 de Montr\u00e9al (Quebec) Universit\u00e9 Saint-Joseph of Beirut (Lebanon) Universit\u00e9 Laval (Quebec) La Scuola universitaria professionale della Svizzera italiana [&hellip;]<\/p>\n","protected":false},"author":13,"featured_media":0,"parent":386,"menu_order":15,"comment_status":"closed","ping_status":"closed","template":"page-full.php","meta":[],"acf":[],"yoast_head":"<!-- This site is optimized with the Yoast SEO plugin v19.13 - https:\/\/yoast.com\/wordpress\/plugins\/seo\/ -->\n<title>Semester abroad - [EN] Institut et Haute Ecole de la Sant\u00e9 La Source<\/title>\n<meta name=\"robots\" content=\"index, follow, max-snippet:-1, max-image-preview:large, max-video-preview:-1\" \/>\n<meta property=\"og:locale\" content=\"en_US\" \/>\n<meta property=\"og:type\" content=\"article\" \/>\n<meta property=\"og:title\" content=\"Semester abroad - [EN] Institut et Haute Ecole de la Sant\u00e9 La Source\" \/>\n<meta property=\"og:description\" content=\"Studying abroad one semester at a renowned university is a dream that can come true BSN students can complete the 5th semester of the programme abroad at any of La Source\u2019s prestigious partner universities. Partner universities Universit\u00e9 de Montr\u00e9al (Quebec) Universit\u00e9 Saint-Joseph of Beirut (Lebanon) Universit\u00e9 Laval (Quebec) La Scuola universitaria professionale della Svizzera italiana [&hellip;]\" \/>\n<meta property=\"og:url\" content=\"https:\/\/www.ecolelasource.ch\/en\/international\/study-abroad\/semester\/\" \/>\n<meta property=\"og:site_name\" content=\"[EN] Institut et Haute Ecole de la Sant\u00e9 La Source\" \/>\n<meta property=\"article:modified_time\" content=\"2025-09-18T10:06:11+00:00\" \/>\n<meta property=\"og:image\" content=\"http:\/\/www.ecolelasource.ch\/wp-content\/uploads\/Slide_large.jpeg\" \/>\n<meta name=\"twitter:card\" content=\"summary_large_image\" \/>\n<meta name=\"twitter:label1\" content=\"Est. reading time\" \/>\n\t<meta name=\"twitter:data1\" content=\"1 minute\" \/>\n<!-- \/ Yoast SEO plugin. -->","yoast_head_json":{"title":"Semester abroad - [EN] Institut et Haute Ecole de la Sant\u00e9 La Source","robots":{"index":"index","follow":"follow","max-snippet":"max-snippet:-1","max-image-preview":"max-image-preview:large","max-video-preview":"max-video-preview:-1"},"og_locale":"en_US","og_type":"article","og_title":"Semester abroad - [EN] Institut et Haute Ecole de la Sant\u00e9 La Source","og_description":"Studying abroad one semester at a renowned university is a dream that can come true BSN students can complete the 5th semester of the programme abroad at any of La Source\u2019s prestigious partner universities. Partner universities Universit\u00e9 de Montr\u00e9al (Quebec) Universit\u00e9 Saint-Joseph of Beirut (Lebanon) Universit\u00e9 Laval (Quebec) La Scuola universitaria professionale della Svizzera italiana [&hellip;]","og_url":"https:\/\/www.ecolelasource.ch\/en\/international\/study-abroad\/semester\/","og_site_name":"[EN] Institut et Haute Ecole de la Sant\u00e9 La Source","article_modified_time":"2025-09-18T10:06:11+00:00","og_image":[{"url":"http:\/\/www.ecolelasource.ch\/wp-content\/uploads\/Slide_large.jpeg"}],"twitter_card":"summary_large_image","twitter_misc":{"Est. reading time":"1 minute"},"schema":{"@context":"https:\/\/schema.org","@graph":[{"@type":"WebPage","@id":"https:\/\/www.ecolelasource.ch\/en\/international\/study-abroad\/semester\/","url":"https:\/\/www.ecolelasource.ch\/en\/international\/study-abroad\/semester\/","name":"Semester abroad - [EN] Institut et Haute Ecole de la Sant\u00e9 La Source","isPartOf":{"@id":"https:\/\/www.ecolelasource.ch\/en\/#website"},"datePublished":"2019-12-10T07:37:22+00:00","dateModified":"2025-09-18T10:06:11+00:00","breadcrumb":{"@id":"https:\/\/www.ecolelasource.ch\/en\/international\/study-abroad\/semester\/#breadcrumb"},"inLanguage":"en-US","potentialAction":[{"@type":"ReadAction","target":["https:\/\/www.ecolelasource.ch\/en\/international\/study-abroad\/semester\/"]}]},{"@type":"BreadcrumbList","@id":"https:\/\/www.ecolelasource.ch\/en\/international\/study-abroad\/semester\/#breadcrumb","itemListElement":[{"@type":"ListItem","position":1,"name":"Home","item":"https:\/\/www.ecolelasource.ch\/en\/"},{"@type":"ListItem","position":2,"name":"International","item":"https:\/\/www.ecolelasource.ch\/en\/international\/"},{"@type":"ListItem","position":3,"name":"Study abroad","item":"https:\/\/www.ecolelasource.ch\/en\/international\/study-abroad\/"},{"@type":"ListItem","position":4,"name":"Semester abroad"}]},{"@type":"WebSite","@id":"https:\/\/www.ecolelasource.ch\/en\/#website","url":"https:\/\/www.ecolelasource.ch\/en\/","name":"[EN] Institut et Haute Ecole de la Sant\u00e9 La Source","description":"Sites Institut et Haute Ecole de la Sant\u00e9 La Source","potentialAction":[{"@type":"SearchAction","target":{"@type":"EntryPoint","urlTemplate":"https:\/\/www.ecolelasource.ch\/en\/?s={search_term_string}"},"query-input":"required name=search_term_string"}],"inLanguage":"en-US"}]}},"publishpress_future_action":{"enabled":false,"date":"2026-04-30 12:49:26","action":"draft","terms":[],"taxonomy":"secteur_en"},"_links":{"self":[{"href":"https:\/\/www.ecolelasource.ch\/en\/wp-json\/wp\/v2\/pages\/391"}],"collection":[{"href":"https:\/\/www.ecolelasource.ch\/en\/wp-json\/wp\/v2\/pages"}],"about":[{"href":"https:\/\/www.ecolelasource.ch\/en\/wp-json\/wp\/v2\/types\/page"}],"author":[{"embeddable":true,"href":"https:\/\/www.ecolelasource.ch\/en\/wp-json\/wp\/v2\/users\/13"}],"replies":[{"embeddable":true,"href":"https:\/\/www.ecolelasource.ch\/en\/wp-json\/wp\/v2\/comments?post=391"}],"version-history":[{"count":11,"href":"https:\/\/www.ecolelasource.ch\/en\/wp-json\/wp\/v2\/pages\/391\/revisions"}],"predecessor-version":[{"id":846,"href":"https:\/\/www.ecolelasource.ch\/en\/wp-json\/wp\/v2\/pages\/391\/revisions\/846"}],"up":[{"embeddable":true,"href":"https:\/\/www.ecolelasource.ch\/en\/wp-json\/wp\/v2\/pages\/386"}],"wp:attachment":[{"href":"https:\/\/www.ecolelasource.ch\/en\/wp-json\/wp\/v2\/media?parent=391"}],"curies":[{"name":"wp","href":"https:\/\/api.w.org\/{rel}","templated":true}]}}