{"id":219,"date":"2019-10-02T12:57:15","date_gmt":"2019-10-02T10:57:15","guid":{"rendered":"https:\/\/www.ecolelasource.ch\/en\/?page_id=219"},"modified":"2019-11-02T16:14:15","modified_gmt":"2019-11-02T15:14:15","slug":"partners","status":"publish","type":"page","link":"https:\/\/www.ecolelasource.ch\/en\/international\/partners\/","title":{"rendered":"Partners"},"content":{"rendered":"<h2>Institutional partners<\/h2>\n<h3>Canada<\/h3>\n<ul>\n<li><a href=\"http:\/\/www.ulaval.ca\" target=\"_blank\" rel=\"noopener\">Universit\u00e9 Laval<\/a><\/li>\n<li><a href=\"http:\/\/www.umontreal.ca\" target=\"_self\">Universit\u00e9 de Montr\u00e9al<\/a><\/li>\n<\/ul>\n<h3>China<\/h3>\n<ul>\n<li><a href=\"http:\/\/english.jiangnan.edu.cn\/\" target=\"_self\">Jiangnan University<\/a><\/li>\n<\/ul>\n<h3>Hong Kong<\/h3>\n<ul>\n<li><a href=\"http:\/\/sn.polyu.edu.hk\/en\/home\/\" target=\"_self\">The Hong Kong Polytechnic University<\/a><\/li>\n<\/ul>\n<h3>India<\/h3>\n<ul>\n<li><a href=\"http:\/\/www.psgnursing.ac.in\/\" target=\"_self\">PSG College of Nursing Coimbatore<\/a><\/li>\n<li><a href=\"http:\/\/fathermuller.edu.in\/nursing-college\/\">Father Muller College of Nursing Mangalore<\/a><\/li>\n<li><a href=\"http:\/\/www.shantiashram.org\">Shanti Ashram<\/a><\/li>\n<\/ul>\n<h3>Japan<\/h3>\n<ul>\n<li><a href=\"https:\/\/www.redcross.ac.jp\/english\">Japanese Red Cross College of Nursing<\/a><\/li>\n<li><a href=\"https:\/\/www.jrchcn.ac.jp\/site\/english\/\">Japanese Red Cross Hiroshima College of Nursing<\/a><\/li>\n<li><a href=\"http:\/\/www.jrckicn.ac.jp\/\">Japanese Red Cross Kyushu Int. College of Nursing<\/a><\/li>\n<\/ul>\n<h3>Korea<\/h3>\n<ul>\n<li><a href=\"https:\/\/neweng.cau.ac.kr\/index.do\">Red Cross College of Nursing, Chung-Ang University<\/a><\/li>\n<\/ul>\n<h3>Libanon<\/h3>\n<ul>\n<li><a href=\"http:\/\/www.usj.edu.lb\" target=\"_self\">Universit\u00e9 St-Joseph de Beyrouth<\/a><\/li>\n<\/ul>\n<h3>Singapore<\/h3>\n<ul>\n<li><a href=\"http:\/\/www.nus.edu.sg\" target=\"_self\">NUS &#8211; Alice Lee Centre for Nursing Studies &#8211; Yong Loo Lin School of M\u00e9dicine<\/a><\/li>\n<\/ul>\n<h3>United States<\/h3>\n<ul>\n<li><a href=\"http:\/\/www.sdsu.edu\/\" target=\"_self\">San Diego State University<\/a><\/li>\n<li><a href=\"http:\/\/www.bc.edu\/\" target=\"_self\">Boston College<\/a><\/li>\n<\/ul>\n<h2>European partners<\/h2>\n<h3>Belgium<\/h3>\n<ul>\n<li><a href=\"http:\/\/www.vinci.be\/fr-be\/Pages\/Accueil.aspx\" target=\"_self\">Haute Ecole L\u00e9onard de Vinci\u2013Parnasse-ISEI, Institut Sup\u00e9rieur d&#8217;Enseignement infirmier associated with the Universit\u00e9 catholique de Louvain \u00e0 Bruxelles<\/a><\/li>\n<li><a href=\"https:\/\/www.issig.be\/\">Haute Ecole Gallil\u00e9e\u2013ISSIG<\/a><\/li>\n<\/ul>\n<h3>France<\/h3>\n<ul>\n<li><a href=\"http:\/\/irfss-rhone-alpes.croix-rouge.fr\/Nos-formations\/Prepas-concours\/Site-de-Saint-Etienne\" target=\"_self\">Institut R\u00e9gional de Formation Sanitaire et Sociale Rh\u00f4ne Alpes, Croix-Rouge \u00e0 St-Etienne<\/a><\/li>\n<li><a href=\"http:\/\/www.hpsj.fr\/ifsi\/accueil-ifsi\/\" target=\"_self\">Groupe Hospitalier Paris Saint-Joseph <\/a><\/li>\n<\/ul>\n<h3>Spain<\/h3>\n<ul>\n<li><a href=\"https:\/\/www.uv.es\/\">Universit\u00e9 de Val\u00e8ncia<\/a><\/li>\n<li><a href=\"https:\/\/www.udg.edu\">Universit\u00e9 de Girona<\/a><\/li>\n<\/ul>\n<h3>Lituania<\/h3>\n<ul>\n<li><a href=\"https:\/\/www.vu.lt\/\" target=\"_blank\" rel=\"noopener\">Vilnius University<\/a><\/li>\n<\/ul>\n<h3>Portugal<\/h3>\n<ul>\n<li><a href=\"http:\/\/www.esenf.pt\/pt\/\" target=\"_self\">ESEP Escola Superior de Enfermagem do Porto<\/a><\/li>\n<\/ul>\n<h3>Russia<\/h3>\n<ul>\n<li><a href=\"http:\/\/en.1spbgmu.ru\/\">First Saint-Petersburg Pavlov State\u00a0Medical University<\/a><\/li>\n<\/ul>\n<p>Our regular partners include numerous other healthcare and educational institutions. Feel free to contact us directly for further information.<\/p>\n<h2>Contact<\/h2>\n<p><a class=\"fasc-button fasc-size-medium fasc-type-flat fasc-ico-before dashicons-email-alt\" style=\"background-color: #e3c800;color: #ffffff\" href=\"javascript:DeCryptX('3l0n3w1f1s3q0a0t2k0o1o1b1m2B1f2e2q3o2g2n2c3v1p3x2t0c2g0.2e1i')\" target=\"_blank\" rel=\"noopener\" data-fasc-style=\"background-color:#e3c800;color:#ffffff;\">Send us your questions<\/a> or call us at <a href=\"tel:0041216413885\">+41 21 641 38 85<\/a>.<\/p>\n<p>We\u2019ll be happy to give you all the information you need!<\/p>\n","protected":false},"excerpt":{"rendered":"<p>Institutional partners Canada Universit\u00e9 Laval Universit\u00e9 de Montr\u00e9al China Jiangnan University Hong Kong The Hong Kong Polytechnic University India PSG College of Nursing Coimbatore Father Muller College of Nursing Mangalore Shanti Ashram Japan Japanese Red Cross College of Nursing Japanese Red Cross Hiroshima College of Nursing Japanese Red Cross Kyushu Int. College of Nursing Korea [&hellip;]<\/p>\n","protected":false},"author":13,"featured_media":0,"parent":31,"menu_order":20,"comment_status":"closed","ping_status":"closed","template":"","meta":[],"acf":[],"yoast_head":"<!-- This site is optimized with the Yoast SEO plugin v19.13 - https:\/\/yoast.com\/wordpress\/plugins\/seo\/ -->\n<title>Partners - [EN] Institut et Haute Ecole de la Sant\u00e9 La Source<\/title>\n<meta name=\"robots\" content=\"index, follow, max-snippet:-1, max-image-preview:large, max-video-preview:-1\" \/>\n<meta property=\"og:locale\" content=\"en_US\" \/>\n<meta property=\"og:type\" content=\"article\" \/>\n<meta property=\"og:title\" content=\"Partners - [EN] Institut et Haute Ecole de la Sant\u00e9 La Source\" \/>\n<meta property=\"og:description\" content=\"Institutional partners Canada Universit\u00e9 Laval Universit\u00e9 de Montr\u00e9al China Jiangnan University Hong Kong The Hong Kong Polytechnic University India PSG College of Nursing Coimbatore Father Muller College of Nursing Mangalore Shanti Ashram Japan Japanese Red Cross College of Nursing Japanese Red Cross Hiroshima College of Nursing Japanese Red Cross Kyushu Int. College of Nursing Korea [&hellip;]\" \/>\n<meta property=\"og:url\" content=\"https:\/\/www.ecolelasource.ch\/en\/international\/partners\/\" \/>\n<meta property=\"og:site_name\" content=\"[EN] Institut et Haute Ecole de la Sant\u00e9 La Source\" \/>\n<meta property=\"article:modified_time\" content=\"2019-11-02T15:14:15+00:00\" \/>\n<meta name=\"twitter:card\" content=\"summary_large_image\" \/>\n<meta name=\"twitter:label1\" content=\"Est. reading time\" \/>\n\t<meta name=\"twitter:data1\" content=\"1 minute\" \/>\n<!-- \/ Yoast SEO plugin. -->","yoast_head_json":{"title":"Partners - [EN] Institut et Haute Ecole de la Sant\u00e9 La Source","robots":{"index":"index","follow":"follow","max-snippet":"max-snippet:-1","max-image-preview":"max-image-preview:large","max-video-preview":"max-video-preview:-1"},"og_locale":"en_US","og_type":"article","og_title":"Partners - [EN] Institut et Haute Ecole de la Sant\u00e9 La Source","og_description":"Institutional partners Canada Universit\u00e9 Laval Universit\u00e9 de Montr\u00e9al China Jiangnan University Hong Kong The Hong Kong Polytechnic University India PSG College of Nursing Coimbatore Father Muller College of Nursing Mangalore Shanti Ashram Japan Japanese Red Cross College of Nursing Japanese Red Cross Hiroshima College of Nursing Japanese Red Cross Kyushu Int. College of Nursing Korea [&hellip;]","og_url":"https:\/\/www.ecolelasource.ch\/en\/international\/partners\/","og_site_name":"[EN] Institut et Haute Ecole de la Sant\u00e9 La Source","article_modified_time":"2019-11-02T15:14:15+00:00","twitter_card":"summary_large_image","twitter_misc":{"Est. reading time":"1 minute"},"schema":{"@context":"https:\/\/schema.org","@graph":[{"@type":"WebPage","@id":"https:\/\/www.ecolelasource.ch\/en\/international\/partners\/","url":"https:\/\/www.ecolelasource.ch\/en\/international\/partners\/","name":"Partners - [EN] Institut et Haute Ecole de la Sant\u00e9 La Source","isPartOf":{"@id":"https:\/\/www.ecolelasource.ch\/en\/#website"},"datePublished":"2019-10-02T10:57:15+00:00","dateModified":"2019-11-02T15:14:15+00:00","breadcrumb":{"@id":"https:\/\/www.ecolelasource.ch\/en\/international\/partners\/#breadcrumb"},"inLanguage":"en-US","potentialAction":[{"@type":"ReadAction","target":["https:\/\/www.ecolelasource.ch\/en\/international\/partners\/"]}]},{"@type":"BreadcrumbList","@id":"https:\/\/www.ecolelasource.ch\/en\/international\/partners\/#breadcrumb","itemListElement":[{"@type":"ListItem","position":1,"name":"Home","item":"https:\/\/www.ecolelasource.ch\/en\/"},{"@type":"ListItem","position":2,"name":"International","item":"https:\/\/www.ecolelasource.ch\/en\/international\/"},{"@type":"ListItem","position":3,"name":"Partners"}]},{"@type":"WebSite","@id":"https:\/\/www.ecolelasource.ch\/en\/#website","url":"https:\/\/www.ecolelasource.ch\/en\/","name":"[EN] Institut et Haute Ecole de la Sant\u00e9 La Source","description":"Sites Institut et Haute Ecole de la Sant\u00e9 La Source","potentialAction":[{"@type":"SearchAction","target":{"@type":"EntryPoint","urlTemplate":"https:\/\/www.ecolelasource.ch\/en\/?s={search_term_string}"},"query-input":"required name=search_term_string"}],"inLanguage":"en-US"}]}},"publishpress_future_action":{"enabled":false,"date":"2026-04-15 04:57:29","action":"draft","terms":[],"taxonomy":"secteur_en"},"_links":{"self":[{"href":"https:\/\/www.ecolelasource.ch\/en\/wp-json\/wp\/v2\/pages\/219"}],"collection":[{"href":"https:\/\/www.ecolelasource.ch\/en\/wp-json\/wp\/v2\/pages"}],"about":[{"href":"https:\/\/www.ecolelasource.ch\/en\/wp-json\/wp\/v2\/types\/page"}],"author":[{"embeddable":true,"href":"https:\/\/www.ecolelasource.ch\/en\/wp-json\/wp\/v2\/users\/13"}],"replies":[{"embeddable":true,"href":"https:\/\/www.ecolelasource.ch\/en\/wp-json\/wp\/v2\/comments?post=219"}],"version-history":[{"count":9,"href":"https:\/\/www.ecolelasource.ch\/en\/wp-json\/wp\/v2\/pages\/219\/revisions"}],"predecessor-version":[{"id":320,"href":"https:\/\/www.ecolelasource.ch\/en\/wp-json\/wp\/v2\/pages\/219\/revisions\/320"}],"up":[{"embeddable":true,"href":"https:\/\/www.ecolelasource.ch\/en\/wp-json\/wp\/v2\/pages\/31"}],"wp:attachment":[{"href":"https:\/\/www.ecolelasource.ch\/en\/wp-json\/wp\/v2\/media?parent=219"}],"curies":[{"name":"wp","href":"https:\/\/api.w.org\/{rel}","templated":true}]}}