
{"id":894,"date":"2021-02-04T19:41:12","date_gmt":"2021-02-04T18:41:12","guid":{"rendered":"https:\/\/www.ecolelasource.ch\/defi-source\/?page_id=894"},"modified":"2023-01-09T18:57:28","modified_gmt":"2023-01-09T17:57:28","slug":"etapes","status":"publish","type":"page","link":"https:\/\/www.ecolelasource.ch\/defi-source\/etapes\/","title":{"rendered":"Etapes"},"content":{"rendered":"<h2>Programme d\u00e9taill\u00e9<\/h2>\n<p><img class=\"alignnone wp-image-1175 hidden-sm hidden-xs\" src=\"https:\/\/www.ecolelasource.ch\/defi-source\/wp-content\/uploads\/sites\/8\/2021\/02\/DS21-Site-Page-Etapes_bleu_rogn\u00e9.png\" alt=\"\" width=\"869\" height=\"307\" srcset=\"https:\/\/www.ecolelasource.ch\/defi-source\/wp-content\/uploads\/sites\/8\/2021\/02\/DS21-Site-Page-Etapes_bleu_rogn\u00e9.png 1280w, https:\/\/www.ecolelasource.ch\/defi-source\/wp-content\/uploads\/sites\/8\/2021\/02\/DS21-Site-Page-Etapes_bleu_rogn\u00e9-300x106.png 300w, https:\/\/www.ecolelasource.ch\/defi-source\/wp-content\/uploads\/sites\/8\/2021\/02\/DS21-Site-Page-Etapes_bleu_rogn\u00e9-1024x362.png 1024w, https:\/\/www.ecolelasource.ch\/defi-source\/wp-content\/uploads\/sites\/8\/2021\/02\/DS21-Site-Page-Etapes_bleu_rogn\u00e9-768x271.png 768w, https:\/\/www.ecolelasource.ch\/defi-source\/wp-content\/uploads\/sites\/8\/2021\/02\/DS21-Site-Page-Etapes_bleu_rogn\u00e9-767x271.png 767w\" sizes=\"(max-width: 869px) 100vw, 869px\" \/><br \/>\n<img class=\"visible-sm visible-xs wp-image-1286 size-full alignleft\" src=\"https:\/\/www.ecolelasource.ch\/defi-source\/wp-content\/uploads\/sites\/8\/2021\/02\/Diapositive1.png\" alt=\"\" width=\"720\" height=\"1280\" srcset=\"https:\/\/www.ecolelasource.ch\/defi-source\/wp-content\/uploads\/sites\/8\/2021\/02\/Diapositive1.png 720w, https:\/\/www.ecolelasource.ch\/defi-source\/wp-content\/uploads\/sites\/8\/2021\/02\/Diapositive1-169x300.png 169w, https:\/\/www.ecolelasource.ch\/defi-source\/wp-content\/uploads\/sites\/8\/2021\/02\/Diapositive1-576x1024.png 576w\" sizes=\"(max-width: 720px) 100vw, 720px\" \/><\/p>\n<h2>Un soutien \u00e0 chaque \u00e9tape<\/h2>\n<p><img class=\"alignnone wp-image-1175 hidden-sm hidden-xs\" src=\"https:\/\/www.ecolelasource.ch\/defi-source\/wp-content\/uploads\/sites\/8\/2021\/02\/DS21-Site-Page-Etapes_bleu_fonc\u00e9_horizontale_VF_rogn\u00e9.png\" alt=\"\" width=\"869\" height=\"307\"><br \/>\n<img class=\"visible-sm visible-xs wp-image-1286 size-full alignleft\" src=\"https:\/\/www.ecolelasource.ch\/defi-source\/wp-content\/uploads\/sites\/8\/2021\/02\/Diapositive2-1.png\"><\/p>\n<h2>L&rsquo;investissement \u00e0 chaque \u00e9tape<\/h2>\n<p>Temps de pr\u00e9sence et de travail, repas et ap\u00e9ritifs compris.<br \/>\n<img class=\"alignnone wp-image-1175 hidden-sm hidden-xs\" src=\"https:\/\/www.ecolelasource.ch\/defi-source\/wp-content\/uploads\/sites\/8\/2021\/02\/DS21-Site-Page-Etapes_green_rogn\u00e9.png\" alt=\"\" width=\"869\" height=\"307\"><br \/>\n<img class=\"visible-sm visible-xs wp-image-1286 size-full alignleft\" src=\"https:\/\/www.ecolelasource.ch\/defi-source\/wp-content\/uploads\/sites\/8\/2021\/02\/Diapositive3.png\"><\/p>\n<h2>Questions fr\u00e9quentes<\/h2>\n<p><a class=\"fasc-button fasc-size-medium fasc-type-flat fasc-ico-before dashicons-arrow-right-alt\" style=\"background-color: #6e8ca8;color: #ffffff\" rel=\"noopener noreferrer\" href=\"https:\/\/www.ecolelasource.ch\/defi-source\/faq\/\">Acc\u00e9der \u00e0 la FAQ<\/a><\/p>\n<hr>\n<p><a href=\"http:\/\/www.innosuisse.ch\/networkingeventseries\"><img class=\"alignnone wp-image-1762\" src=\"https:\/\/www.ecolelasource.ch\/defi-source\/wp-content\/uploads\/sites\/8\/2021\/03\/TFV_Networking_Event_Series_Stempel_Kontur_rgb.png\" alt=\"\" width=\"120\" height=\"120\" srcset=\"https:\/\/www.ecolelasource.ch\/defi-source\/wp-content\/uploads\/sites\/8\/2021\/03\/TFV_Networking_Event_Series_Stempel_Kontur_rgb.png 3000w, https:\/\/www.ecolelasource.ch\/defi-source\/wp-content\/uploads\/sites\/8\/2021\/03\/TFV_Networking_Event_Series_Stempel_Kontur_rgb-300x300.png 300w, https:\/\/www.ecolelasource.ch\/defi-source\/wp-content\/uploads\/sites\/8\/2021\/03\/TFV_Networking_Event_Series_Stempel_Kontur_rgb-1024x1024.png 1024w, https:\/\/www.ecolelasource.ch\/defi-source\/wp-content\/uploads\/sites\/8\/2021\/03\/TFV_Networking_Event_Series_Stempel_Kontur_rgb-200x200.png 200w, https:\/\/www.ecolelasource.ch\/defi-source\/wp-content\/uploads\/sites\/8\/2021\/03\/TFV_Networking_Event_Series_Stempel_Kontur_rgb-768x768.png 768w, https:\/\/www.ecolelasource.ch\/defi-source\/wp-content\/uploads\/sites\/8\/2021\/03\/TFV_Networking_Event_Series_Stempel_Kontur_rgb-1536x1536.png 1536w, https:\/\/www.ecolelasource.ch\/defi-source\/wp-content\/uploads\/sites\/8\/2021\/03\/TFV_Networking_Event_Series_Stempel_Kontur_rgb-2048x2048.png 2048w, https:\/\/www.ecolelasource.ch\/defi-source\/wp-content\/uploads\/sites\/8\/2021\/03\/TFV_Networking_Event_Series_Stempel_Kontur_rgb-767x767.png 767w, https:\/\/www.ecolelasource.ch\/defi-source\/wp-content\/uploads\/sites\/8\/2021\/03\/TFV_Networking_Event_Series_Stempel_Kontur_rgb-40x40.png 40w, https:\/\/www.ecolelasource.ch\/defi-source\/wp-content\/uploads\/sites\/8\/2021\/03\/TFV_Networking_Event_Series_Stempel_Kontur_rgb-60x60.png 60w\" sizes=\"(max-width: 120px) 100vw, 120px\" \/><\/a><\/p>\n","protected":false},"excerpt":{"rendered":"<p>Programme d\u00e9taill\u00e9 Un soutien \u00e0 chaque \u00e9tape L&rsquo;investissement \u00e0 chaque \u00e9tape Temps de pr\u00e9sence et de travail, repas et ap\u00e9ritifs compris. Questions fr\u00e9quentes Acc\u00e9der \u00e0 la FAQ<\/p>\n","protected":false},"author":13,"featured_media":0,"parent":0,"menu_order":15,"comment_status":"closed","ping_status":"closed","template":"page-sommaire.php","meta":[],"acf":[],"_links":{"self":[{"href":"https:\/\/www.ecolelasource.ch\/defi-source\/wp-json\/wp\/v2\/pages\/894"}],"collection":[{"href":"https:\/\/www.ecolelasource.ch\/defi-source\/wp-json\/wp\/v2\/pages"}],"about":[{"href":"https:\/\/www.ecolelasource.ch\/defi-source\/wp-json\/wp\/v2\/types\/page"}],"author":[{"embeddable":true,"href":"https:\/\/www.ecolelasource.ch\/defi-source\/wp-json\/wp\/v2\/users\/13"}],"replies":[{"embeddable":true,"href":"https:\/\/www.ecolelasource.ch\/defi-source\/wp-json\/wp\/v2\/comments?post=894"}],"version-history":[{"count":10,"href":"https:\/\/www.ecolelasource.ch\/defi-source\/wp-json\/wp\/v2\/pages\/894\/revisions"}],"predecessor-version":[{"id":2617,"href":"https:\/\/www.ecolelasource.ch\/defi-source\/wp-json\/wp\/v2\/pages\/894\/revisions\/2617"}],"wp:attachment":[{"href":"https:\/\/www.ecolelasource.ch\/defi-source\/wp-json\/wp\/v2\/media?parent=894"}],"curies":[{"name":"wp","href":"https:\/\/api.w.org\/{rel}","templated":true}]}}