
{"id":79,"date":"2020-05-18T12:57:33","date_gmt":"2020-05-18T10:57:33","guid":{"rendered":"https:\/\/www.ecolelasource.ch\/defi-source\/?page_id=79"},"modified":"2023-01-05T10:07:40","modified_gmt":"2023-01-05T09:07:40","slug":"politique-de-confidentialite","status":"publish","type":"page","link":"https:\/\/www.ecolelasource.ch\/defi-source\/politique-de-confidentialite\/","title":{"rendered":"Politique de confidentialit\u00e9"},"content":{"rendered":"<h2>Introduction<\/h2>\n<p>Devant le d\u00e9veloppement des nouveaux outils de communication, il est n\u00e9cessaire de porter une attention particuli\u00e8re \u00e0 la protection de la vie priv\u00e9e. C\u2019est pourquoi, nous nous engageons \u00e0 respecter la confidentialit\u00e9 des renseignements personnels que nous collectons.<\/p>\n<h2>Collecte des renseignements personnels<\/h2>\n<p>Nous collectons les renseignements personnels usuels et utiles \u00e0 l\u2019organisation et \u00e0 la promotion du D\u00e9fi Source, tels que: nom, pr\u00e9nom, email, date de naissance, \u00e9quipe choisie, etc. \u00a0(liste non exhaustive).<\/p>\n<h2>Formulaires et interactivit\u00e9<\/h2>\n<p>Vos renseignements personnels sont collect\u00e9s par le biais des formulaires de pr\u00e9inscription au D\u00e9fi Source et dans le cadre des inscriptions effectu\u00e9es via l\u2019Innoboard. Nous utilisons les renseignements ainsi collect\u00e9s pour les finalit\u00e9s suivantes:<\/p>\n<ul>\n<li>Contact<\/li>\n<li>Statistiques<\/li>\n<\/ul>\n<p>Vos informations personnelles ne sont en aucun cas transmises \u00e0 des tiers.<\/p>\n<h2>Droit d\u2019acc\u00e8s<\/h2>\n<p>Nous nous engageons \u00e0 reconna\u00eetre un droit d\u2019acc\u00e8s et de rectification aux personnes concern\u00e9es d\u00e9sireuses de consulter, modifier, voire radier les informations les concernant.<br \/>\nL\u2019exercice de ce droit se fera:<br \/>\nPar courrier: Institut et Haute Ecole de Sant\u00e9 La Source, Rue Vinet 30, 1004 Lausanne<br \/>\n<a href=\"javascript:DeCryptX('1e2g3i1j0@2g0c2q3o2g0l0a2u3r2w2t3f3h310c3k')\">E-mail<\/a><br \/>\nT\u00e9l\u00e9phone: +41 21 556 41 93<\/p>\n<h2>S\u00e9curit\u00e9<\/h2>\n<p>Les renseignements personnels que nous collectons sont conserv\u00e9s dans un environnement s\u00e9curis\u00e9. Les personnes travaillant pour nous sont tenues de respecter la confidentialit\u00e9 de vos informations.<\/p>\n<p>Nous nous engageons \u00e0 maintenir un haut degr\u00e9 de confidentialit\u00e9 en int\u00e9grant les derni\u00e8res innovations technologiques permettant d\u2019assurer la confidentialit\u00e9 de vos transactions. Toutefois, comme aucun m\u00e9canisme n\u2019offre une s\u00e9curit\u00e9 maximale, une part de risque est toujours pr\u00e9sente lorsque l\u2019on utilise Internet pour transmettre des renseignements personnels.<\/p>\n","protected":false},"excerpt":{"rendered":"<p>Introduction Devant le d\u00e9veloppement des nouveaux outils de communication, il est n\u00e9cessaire de porter une attention particuli\u00e8re \u00e0 la protection de la vie priv\u00e9e. C\u2019est pourquoi, nous nous engageons \u00e0 respecter la confidentialit\u00e9 des renseignements personnels que nous collectons. Collecte des renseignements personnels Nous collectons les renseignements personnels usuels et utiles \u00e0 l\u2019organisation et \u00e0 [&hellip;]<\/p>\n","protected":false},"author":13,"featured_media":0,"parent":0,"menu_order":23,"comment_status":"closed","ping_status":"closed","template":"page.php","meta":[],"acf":[],"_links":{"self":[{"href":"https:\/\/www.ecolelasource.ch\/defi-source\/wp-json\/wp\/v2\/pages\/79"}],"collection":[{"href":"https:\/\/www.ecolelasource.ch\/defi-source\/wp-json\/wp\/v2\/pages"}],"about":[{"href":"https:\/\/www.ecolelasource.ch\/defi-source\/wp-json\/wp\/v2\/types\/page"}],"author":[{"embeddable":true,"href":"https:\/\/www.ecolelasource.ch\/defi-source\/wp-json\/wp\/v2\/users\/13"}],"replies":[{"embeddable":true,"href":"https:\/\/www.ecolelasource.ch\/defi-source\/wp-json\/wp\/v2\/comments?post=79"}],"version-history":[{"count":6,"href":"https:\/\/www.ecolelasource.ch\/defi-source\/wp-json\/wp\/v2\/pages\/79\/revisions"}],"predecessor-version":[{"id":365,"href":"https:\/\/www.ecolelasource.ch\/defi-source\/wp-json\/wp\/v2\/pages\/79\/revisions\/365"}],"wp:attachment":[{"href":"https:\/\/www.ecolelasource.ch\/defi-source\/wp-json\/wp\/v2\/media?parent=79"}],"curies":[{"name":"wp","href":"https:\/\/api.w.org\/{rel}","templated":true}]}}