
{"id":5036,"date":"2025-04-01T15:08:36","date_gmt":"2025-04-01T13:08:36","guid":{"rendered":"https:\/\/www.ecolelasource.ch\/defi-source\/?page_id=5036"},"modified":"2025-04-15T17:14:37","modified_gmt":"2025-04-15T15:14:37","slug":"webinaires","status":"publish","type":"page","link":"https:\/\/www.ecolelasource.ch\/defi-source\/edition-2025\/webinaires\/","title":{"rendered":"Webinaires"},"content":{"rendered":"<p>&nbsp;<\/p>\n<p><strong>Le D\u00e9fi Source vous propose deux webinaires en partenariat avec:<\/strong><\/p>\n<p><img class=\"alignnone wp-image-5074\" src=\"https:\/\/www.ecolelasource.ch\/defi-source\/wp-content\/uploads\/sites\/8\/2025\/04\/Elca22-300x31.png\" alt=\"\" width=\"581\" height=\"60\" srcset=\"https:\/\/www.ecolelasource.ch\/defi-source\/wp-content\/uploads\/sites\/8\/2025\/04\/Elca22-300x31.png 300w, https:\/\/www.ecolelasource.ch\/defi-source\/wp-content\/uploads\/sites\/8\/2025\/04\/Elca22-1024x107.png 1024w, https:\/\/www.ecolelasource.ch\/defi-source\/wp-content\/uploads\/sites\/8\/2025\/04\/Elca22-768x80.png 768w, https:\/\/www.ecolelasource.ch\/defi-source\/wp-content\/uploads\/sites\/8\/2025\/04\/Elca22-767x80.png 767w, https:\/\/www.ecolelasource.ch\/defi-source\/wp-content\/uploads\/sites\/8\/2025\/04\/Elca22.png 1483w\" sizes=\"(max-width: 581px) 100vw, 581px\" \/><\/p>\n<p>&nbsp;<\/p>\n<p>&nbsp;<\/p>\n<p><img class=\"aligncenter wp-image-5055\" src=\"https:\/\/www.ecolelasource.ch\/defi-source\/wp-content\/uploads\/sites\/8\/2025\/04\/DShome_webinaires_2-300x169.png\" alt=\"\" width=\"906\" height=\"510\" srcset=\"https:\/\/www.ecolelasource.ch\/defi-source\/wp-content\/uploads\/sites\/8\/2025\/04\/DShome_webinaires_2-300x169.png 300w, https:\/\/www.ecolelasource.ch\/defi-source\/wp-content\/uploads\/sites\/8\/2025\/04\/DShome_webinaires_2-1024x576.png 1024w, https:\/\/www.ecolelasource.ch\/defi-source\/wp-content\/uploads\/sites\/8\/2025\/04\/DShome_webinaires_2-768x432.png 768w, https:\/\/www.ecolelasource.ch\/defi-source\/wp-content\/uploads\/sites\/8\/2025\/04\/DShome_webinaires_2-1536x864.png 1536w, https:\/\/www.ecolelasource.ch\/defi-source\/wp-content\/uploads\/sites\/8\/2025\/04\/DShome_webinaires_2-2048x1152.png 2048w, https:\/\/www.ecolelasource.ch\/defi-source\/wp-content\/uploads\/sites\/8\/2025\/04\/DShome_webinaires_2-767x431.png 767w\" sizes=\"(max-width: 906px) 100vw, 906px\" \/><\/p>\n<p>&nbsp;<\/p>\n<p><strong><span style=\"color: #00a9e8\">\ud83d\udc49 WEBINAIRE \u00c0 VENIR<\/span><\/strong><\/p>\n<p><strong>Le Low-code en action avec la Power Platform de Microsoft: transformez vos id\u00e9es en applications sans \u00eatre d\u00e9veloppeur.<\/strong><\/p>\n<p>La Power Platform est un outil low-code de Microsoft qui permet de cr\u00e9er des applications s\u00e9curis\u00e9es sans comp\u00e9tence technique, gr\u00e2ce \u00e0 une interface simple et visuelle, comme un jeu de construction.<\/p>\n<p>Avec Power Apps, vous pouvez cr\u00e9er des solutions adapt\u00e9es \u00e0 votre r\u00e9alit\u00e9 de terrain, sans avoir besoin de comp\u00e9tence technique avanc\u00e9e, pour vous permettre par exemple de:<br \/>\n\u2022 Cr\u00e9er une app de suivi des patients (sympt\u00f4mes, traitements, \u00e9volution\u2026)<br \/>\n\u2022 G\u00e9rer les plannings et transmissions de l\u2019\u00e9quipe<br \/>\n\u2022 Automatiser la gestion des stocks de mat\u00e9riel<br \/>\n\u2022 Signaler un incident en 2 clics depuis un smartphone<\/p>\n<p>On vous explique tout lors de ce webinaire.<br \/>\n\ud83d\udcc5 Mardi 6 mai, de 17h \u00e0 18h, en ligne<\/p>\n<p><span style=\"color: #00a9e8\"><a class=\"fasc-button fasc-size-medium fasc-type-flat fasc-ico-before dashicons-admin-links\" style=\"background-color: #00a9e8;color: #ffffff\" target=\"_blank\" rel=\"noopener\" href=\"https:\/\/forms.office.com\/e\/U2nQsJTg7c\">Webinaire gratuit, inscription obligatoire ici.<\/a><\/span><\/p>\n<p>&nbsp;<\/p>\n<p><strong><span style=\"color: #00a9e8\">\ud83d\udc49 WEBINAIRE 1 <\/span><\/strong><span style=\"color: #828282\">&#8211; \u00e9v\u00e9nement pass\u00e9<\/span><\/p>\n<p><strong>Low-code en sant\u00e9: automatisez, simplifiez et soignez!<\/strong><\/p>\n<p>Le num\u00e9rique en sant\u00e9 : Et si on simplifiait tout \u00e7a?<br \/>\nLa sant\u00e9, \u00e7a allie s\u00e9curit\u00e9, interop\u00e9rabilit\u00e9 et complexit\u00e9 humaine\u2026 Num\u00e9riser les processus devient vite un casse-t\u00eate, et les solutions classiques sont souvent lourdes et peu efficientes.<\/p>\n<p>Bonne nouvelle: le Low-code change la donne ! Avec son interface intuitive, il vous permet de cr\u00e9er des applications presqu&rsquo;aussi facilement que d\u2019assembler des LEGO. Plus besoin d\u2019\u00eatre d\u00e9veloppeur pour automatiser des t\u00e2ches, g\u00e9rer des donn\u00e9es ou optimiser vos workflows, dans le respect des contraintes de s\u00e9curit\u00e9 et de confidentialit\u00e9 des donn\u00e9es.<\/p>\n<p style=\"text-align: center\"><em><span style=\"color: #00a9e8\">Un gain de temps, une r\u00e9duction des co\u00fbts et une technologie s\u00fbre accessible.<\/span><\/em><\/p>\n<p><strong>Envie de voir concr\u00e8tement comment \u00e7a marche?<\/strong><br \/>\nRejoignez les experts d\u2019ELCA pour d\u00e9couvrir le prototypage Low-Code en sant\u00e9 et des exemples concrets de r\u00e9alisation: une approche simple et puissante qui peut transformer votre quotidien en simplifiant et digitalisant vos processus.<\/p>\n<p>On vous dit tout lors de ce webinaire.<br \/>\n<span style=\"color: #8c8989\">\ud83d\udcc5 Mardi 15 avril, de 17h \u00e0 18h, en ligne &#8211; \u00e9v\u00e9nement pass\u00e9<\/span><\/p>\n<p>&nbsp;<\/p>\n<p><img class=\"alignnone wp-image-5074\" src=\"https:\/\/www.ecolelasource.ch\/defi-source\/wp-content\/uploads\/sites\/8\/2025\/04\/Elca22-300x31.png\" alt=\"\" width=\"397\" height=\"41\" srcset=\"https:\/\/www.ecolelasource.ch\/defi-source\/wp-content\/uploads\/sites\/8\/2025\/04\/Elca22-300x31.png 300w, https:\/\/www.ecolelasource.ch\/defi-source\/wp-content\/uploads\/sites\/8\/2025\/04\/Elca22-1024x107.png 1024w, https:\/\/www.ecolelasource.ch\/defi-source\/wp-content\/uploads\/sites\/8\/2025\/04\/Elca22-768x80.png 768w, https:\/\/www.ecolelasource.ch\/defi-source\/wp-content\/uploads\/sites\/8\/2025\/04\/Elca22-767x80.png 767w, https:\/\/www.ecolelasource.ch\/defi-source\/wp-content\/uploads\/sites\/8\/2025\/04\/Elca22.png 1483w\" sizes=\"(max-width: 397px) 100vw, 397px\" \/><\/p>\n<p>&nbsp;<\/p>\n<p>&nbsp;<\/p>\n<p style=\"text-align: center\"><img class=\"aligncenter wp-image-4989\" src=\"https:\/\/www.ecolelasource.ch\/defi-source\/wp-content\/uploads\/sites\/8\/2025\/03\/DS_Webinaire_site-300x169.jpg\" alt=\"\" width=\"906\" height=\"510\" srcset=\"https:\/\/www.ecolelasource.ch\/defi-source\/wp-content\/uploads\/sites\/8\/2025\/03\/DS_Webinaire_site-300x169.jpg 300w, https:\/\/www.ecolelasource.ch\/defi-source\/wp-content\/uploads\/sites\/8\/2025\/03\/DS_Webinaire_site-1024x576.jpg 1024w, https:\/\/www.ecolelasource.ch\/defi-source\/wp-content\/uploads\/sites\/8\/2025\/03\/DS_Webinaire_site-768x432.jpg 768w, https:\/\/www.ecolelasource.ch\/defi-source\/wp-content\/uploads\/sites\/8\/2025\/03\/DS_Webinaire_site-1536x864.jpg 1536w, https:\/\/www.ecolelasource.ch\/defi-source\/wp-content\/uploads\/sites\/8\/2025\/03\/DS_Webinaire_site-2048x1152.jpg 2048w, https:\/\/www.ecolelasource.ch\/defi-source\/wp-content\/uploads\/sites\/8\/2025\/03\/DS_Webinaire_site-767x431.jpg 767w\" sizes=\"(max-width: 906px) 100vw, 906px\" \/><a class=\"fasc-button fasc-size-medium fasc-type-flat fasc-ico-before dashicons-arrow-right-alt\" style=\"background-color: #00a9e8;color: #ffffff\" target=\"_blank\" rel=\"noopener\" href=\"https:\/\/www.ecolelasource.ch\/defi-source\/edition-2025\/seancesinfo-webinaires\/\">Retrouvez le programme complet des formations ici<\/a><\/p>\n","protected":false},"excerpt":{"rendered":"<p>&nbsp; Le D\u00e9fi Source vous propose deux webinaires en partenariat avec: &nbsp; &nbsp; &nbsp; \ud83d\udc49 WEBINAIRE \u00c0 VENIR Le Low-code en action avec la Power Platform de Microsoft: transformez vos id\u00e9es en applications sans \u00eatre d\u00e9veloppeur. La Power Platform est un outil low-code de Microsoft qui permet de cr\u00e9er des applications s\u00e9curis\u00e9es sans comp\u00e9tence technique, [&hellip;]<\/p>\n","protected":false},"author":2559,"featured_media":0,"parent":4466,"menu_order":0,"comment_status":"closed","ping_status":"closed","template":"","meta":[],"acf":[],"_links":{"self":[{"href":"https:\/\/www.ecolelasource.ch\/defi-source\/wp-json\/wp\/v2\/pages\/5036"}],"collection":[{"href":"https:\/\/www.ecolelasource.ch\/defi-source\/wp-json\/wp\/v2\/pages"}],"about":[{"href":"https:\/\/www.ecolelasource.ch\/defi-source\/wp-json\/wp\/v2\/types\/page"}],"author":[{"embeddable":true,"href":"https:\/\/www.ecolelasource.ch\/defi-source\/wp-json\/wp\/v2\/users\/2559"}],"replies":[{"embeddable":true,"href":"https:\/\/www.ecolelasource.ch\/defi-source\/wp-json\/wp\/v2\/comments?post=5036"}],"version-history":[{"count":10,"href":"https:\/\/www.ecolelasource.ch\/defi-source\/wp-json\/wp\/v2\/pages\/5036\/revisions"}],"predecessor-version":[{"id":5120,"href":"https:\/\/www.ecolelasource.ch\/defi-source\/wp-json\/wp\/v2\/pages\/5036\/revisions\/5120"}],"up":[{"embeddable":true,"href":"https:\/\/www.ecolelasource.ch\/defi-source\/wp-json\/wp\/v2\/pages\/4466"}],"wp:attachment":[{"href":"https:\/\/www.ecolelasource.ch\/defi-source\/wp-json\/wp\/v2\/media?parent=5036"}],"curies":[{"name":"wp","href":"https:\/\/api.w.org\/{rel}","templated":true}]}}