
{"id":4969,"date":"2025-03-24T10:50:00","date_gmt":"2025-03-24T09:50:00","guid":{"rendered":"https:\/\/www.ecolelasource.ch\/defi-source\/?page_id=4969"},"modified":"2025-05-22T14:01:54","modified_gmt":"2025-05-22T12:01:54","slug":"seancesinfo-webinaires","status":"publish","type":"page","link":"https:\/\/www.ecolelasource.ch\/defi-source\/edition-2025\/seancesinfo-webinaires\/","title":{"rendered":"S\u00e9ances d&rsquo;info et webinaires"},"content":{"rendered":"<p>&nbsp;<\/p>\n<p>Pour vous apporter de nouvelles comp\u00e9tences,<br \/>\nVous pr\u00e9parer \u00e0 des pr\u00e9sentations ou concours,<br \/>\nStimuler votre curiosit\u00e9 et gagner en confiance,<br \/>\n<strong>Les formations en ligne ci-dessous vous sont offertes dans le cadre du D\u00e9fi Source:<\/strong><\/p>\n<p>&nbsp;<\/p>\n<p><span style=\"color: #00a9e8\">\ud83d\udc49 Formations et webinaires inspirants<\/span><\/p>\n<ul>\n<li><span style=\"color: #8c8b8b\">L\u2019art du pitch, techniques et strat\u00e9gies pour pr\u00e9senter efficacement un projet: jeudi 8 mai, 18h, termin\u00e9\u00a0<\/span><\/li>\n<li><span style=\"color: #8c8b8b\">Innover en sant\u00e9, exploration des innovations et tendances en sant\u00e9: lundi 28 avril, 19h, termin\u00e9<\/span><\/li>\n<li><span style=\"color: #8c8b8b\">L&rsquo;art de monter un projet et de travailler en \u00e9quipe: jeudi 1er mai, 18h, termin\u00e9<\/span><\/li>\n<\/ul>\n<p>&nbsp;<\/p>\n<p>\ud83d\udc49 <span style=\"color: #00a9e8\">Webinaires en partenariat:<\/span><\/p>\n<p><img class=\"alignnone size-medium wp-image-5074\" src=\"https:\/\/www.ecolelasource.ch\/defi-source\/wp-content\/uploads\/sites\/8\/2025\/04\/Elca22-300x31.png\" alt=\"\" width=\"300\" height=\"31\" srcset=\"https:\/\/www.ecolelasource.ch\/defi-source\/wp-content\/uploads\/sites\/8\/2025\/04\/Elca22-300x31.png 300w, https:\/\/www.ecolelasource.ch\/defi-source\/wp-content\/uploads\/sites\/8\/2025\/04\/Elca22-1024x107.png 1024w, https:\/\/www.ecolelasource.ch\/defi-source\/wp-content\/uploads\/sites\/8\/2025\/04\/Elca22-768x80.png 768w, https:\/\/www.ecolelasource.ch\/defi-source\/wp-content\/uploads\/sites\/8\/2025\/04\/Elca22-767x80.png 767w, https:\/\/www.ecolelasource.ch\/defi-source\/wp-content\/uploads\/sites\/8\/2025\/04\/Elca22.png 1483w\" sizes=\"(max-width: 300px) 100vw, 300px\" \/><\/p>\n<ul>\n<li><span style=\"color: #8c8b8b\">Low-code en sant\u00e9: automatisez, simplifiez et soignez: mardi 15 avril, 17h &#8211; termin\u00e9<\/span><\/li>\n<li><span style=\"color: #8c8b8b\">Le Low-code en action avec la Power Platform de Microsoft: transformez vos id\u00e9es en applications sans \u00eatre d\u00e9veloppeur: mardi 6 mai, 17h, termin\u00e9<\/span><\/li>\n<li><span style=\"color: #8c8b8b\">Description d\u00e9taill\u00e9e de ces deux webinaires <a style=\"color: #8c8b8b\" href=\"https:\/\/www.ecolelasource.ch\/defi-source\/edition-2025\/webinaires\/\" target=\"_blank\" rel=\"noopener\">disponible ici<\/a><\/span><\/li>\n<\/ul>\n<p>&nbsp;<\/p>\n<p>\ud83d\udc49<span style=\"color: #00a9e8\"> S\u00e9ances d&rsquo;information<\/span><\/p>\n<p><span style=\"color: #8c8b8b\">Le D\u00e9fi Source: c&rsquo;est quoi, qui peut participer, r\u00e8glement, questions: lundi 7 avril, 19h &#8211; termin\u00e9<\/span><br \/>\n<span style=\"color: #8c8b8b\">La plateforme d&rsquo;inscription: comment \u00e7a marche, r\u00e8gles,&#8230;: mardi 29 avril, 12h, termin\u00e9\u00a0<\/span><\/p>\n<p>&nbsp;<\/p>\n<p style=\"text-align: center\"><img class=\"alignnone wp-image-4989\" src=\"https:\/\/www.ecolelasource.ch\/defi-source\/wp-content\/uploads\/sites\/8\/2025\/03\/DS_Webinaire_site-300x169.jpg\" alt=\"\" width=\"900\" height=\"506\" srcset=\"https:\/\/www.ecolelasource.ch\/defi-source\/wp-content\/uploads\/sites\/8\/2025\/03\/DS_Webinaire_site-300x169.jpg 300w, https:\/\/www.ecolelasource.ch\/defi-source\/wp-content\/uploads\/sites\/8\/2025\/03\/DS_Webinaire_site-1024x576.jpg 1024w, https:\/\/www.ecolelasource.ch\/defi-source\/wp-content\/uploads\/sites\/8\/2025\/03\/DS_Webinaire_site-768x432.jpg 768w, https:\/\/www.ecolelasource.ch\/defi-source\/wp-content\/uploads\/sites\/8\/2025\/03\/DS_Webinaire_site-1536x864.jpg 1536w, https:\/\/www.ecolelasource.ch\/defi-source\/wp-content\/uploads\/sites\/8\/2025\/03\/DS_Webinaire_site-2048x1152.jpg 2048w, https:\/\/www.ecolelasource.ch\/defi-source\/wp-content\/uploads\/sites\/8\/2025\/03\/DS_Webinaire_site-767x431.jpg 767w\" sizes=\"(max-width: 900px) 100vw, 900px\" \/><\/p>\n<p><span style=\"color: #00a9e8\">\u26a0\ufe0f<span style=\"color: #e80080\"> <strong><span style=\"color: #e80080\">INFORMATIONS<\/span> PRATIQUES<\/strong><\/span><br \/>\n<\/span>&#8211; les \u00e9v\u00e9nements sont gratuits<br \/>\n&#8211; chaque s\u00e9ance se fait avec Microsoft Teams et dure 1 heure<br \/>\n&#8211; aucune inscription n\u00e9cessaire (sauf pour les 2 webinaires ELCA). Cliquez simplement sur le lien de l&rsquo;\u00e9v\u00e9nement, le jour et l&rsquo;heure concern\u00e9s.<\/p>\n","protected":false},"excerpt":{"rendered":"<p>&nbsp; Pour vous apporter de nouvelles comp\u00e9tences, Vous pr\u00e9parer \u00e0 des pr\u00e9sentations ou concours, Stimuler votre curiosit\u00e9 et gagner en confiance, Les formations en ligne ci-dessous vous sont offertes dans le cadre du D\u00e9fi Source: &nbsp; \ud83d\udc49 Formations et webinaires inspirants L\u2019art du pitch, techniques et strat\u00e9gies pour pr\u00e9senter efficacement un projet: jeudi 8 mai, [&hellip;]<\/p>\n","protected":false},"author":2559,"featured_media":0,"parent":4466,"menu_order":0,"comment_status":"closed","ping_status":"closed","template":"","meta":[],"acf":[],"_links":{"self":[{"href":"https:\/\/www.ecolelasource.ch\/defi-source\/wp-json\/wp\/v2\/pages\/4969"}],"collection":[{"href":"https:\/\/www.ecolelasource.ch\/defi-source\/wp-json\/wp\/v2\/pages"}],"about":[{"href":"https:\/\/www.ecolelasource.ch\/defi-source\/wp-json\/wp\/v2\/types\/page"}],"author":[{"embeddable":true,"href":"https:\/\/www.ecolelasource.ch\/defi-source\/wp-json\/wp\/v2\/users\/2559"}],"replies":[{"embeddable":true,"href":"https:\/\/www.ecolelasource.ch\/defi-source\/wp-json\/wp\/v2\/comments?post=4969"}],"version-history":[{"count":10,"href":"https:\/\/www.ecolelasource.ch\/defi-source\/wp-json\/wp\/v2\/pages\/4969\/revisions"}],"predecessor-version":[{"id":5280,"href":"https:\/\/www.ecolelasource.ch\/defi-source\/wp-json\/wp\/v2\/pages\/4969\/revisions\/5280"}],"up":[{"embeddable":true,"href":"https:\/\/www.ecolelasource.ch\/defi-source\/wp-json\/wp\/v2\/pages\/4466"}],"wp:attachment":[{"href":"https:\/\/www.ecolelasource.ch\/defi-source\/wp-json\/wp\/v2\/media?parent=4969"}],"curies":[{"name":"wp","href":"https:\/\/api.w.org\/{rel}","templated":true}]}}