
{"id":4871,"date":"2025-03-07T15:33:40","date_gmt":"2025-03-07T14:33:40","guid":{"rendered":"https:\/\/www.ecolelasource.ch\/defi-source\/?page_id=4871"},"modified":"2025-04-08T09:13:45","modified_gmt":"2025-04-08T07:13:45","slug":"detail-prix2025","status":"publish","type":"page","link":"https:\/\/www.ecolelasource.ch\/defi-source\/edition-2025\/detail-prix2025\/","title":{"rendered":"D\u00e9tail des prix 2025"},"content":{"rendered":"<h2><\/h2>\n<h2><span style=\"color: #000000\"><strong>13 prix et distinctions \u00e0 gagner<\/strong><\/span><\/h2>\n<p>D\u00e9cern\u00e9s par des entreprises, institutions et associations de renom, ils apportent des expertises, des m\u00e9thodologies, du suivi et des outils,\u2026 pour permettre aux \u00e9quipes gagnantes de continuer \u00e0 d\u00e9velopper leurs projets au-del\u00e0 du D\u00e9fi Source.<\/p>\n<p><span style=\"color: #00a9e8\">Pour une valeur totale de plus de CHF 100\u2019000.-<\/span>, les prix en nature offrent une large vari\u00e9t\u00e9 de soutien pour r\u00e9pondre aux besoins de projets en d\u00e9veloppement: de v\u00e9ritables tremplins pour transformer les id\u00e9es innovantes en de v\u00e9ritables solutions applicables sur le terrain.<\/p>\n<p>&nbsp;<\/p>\n<h2><span style=\"color: #000000\"><strong>8 PRIX offerts par des partenaires<\/strong><\/span><\/h2>\n<p><a href=\"https:\/\/www.ecolelasource.ch\/defi-source\/wp-content\/uploads\/sites\/8\/2025\/03\/1.png\" target=\"_blank\" rel=\"noopener\"><span style=\"text-decoration: underline\"><img class=\"alignnone wp-image-4891\" src=\"https:\/\/www.ecolelasource.ch\/defi-source\/wp-content\/uploads\/sites\/8\/2025\/03\/1-212x300.png\" alt=\"\" width=\"364\" height=\"515\" srcset=\"https:\/\/www.ecolelasource.ch\/defi-source\/wp-content\/uploads\/sites\/8\/2025\/03\/1-212x300.png 212w, https:\/\/www.ecolelasource.ch\/defi-source\/wp-content\/uploads\/sites\/8\/2025\/03\/1-724x1024.png 724w, https:\/\/www.ecolelasource.ch\/defi-source\/wp-content\/uploads\/sites\/8\/2025\/03\/1-768x1086.png 768w, https:\/\/www.ecolelasource.ch\/defi-source\/wp-content\/uploads\/sites\/8\/2025\/03\/1-1086x1536.png 1086w, https:\/\/www.ecolelasource.ch\/defi-source\/wp-content\/uploads\/sites\/8\/2025\/03\/1-1448x2048.png 1448w, https:\/\/www.ecolelasource.ch\/defi-source\/wp-content\/uploads\/sites\/8\/2025\/03\/1-767x1085.png 767w\" sizes=\"(max-width: 364px) 100vw, 364px\" \/><\/span><\/a>\u00a0 \u00a0<a href=\"https:\/\/www.ecolelasource.ch\/defi-source\/wp-content\/uploads\/sites\/8\/2025\/03\/2.png\" target=\"_blank\" rel=\"noopener\"><img class=\"alignnone wp-image-4892\" src=\"https:\/\/www.ecolelasource.ch\/defi-source\/wp-content\/uploads\/sites\/8\/2025\/03\/2-212x300.png\" alt=\"\" width=\"364\" height=\"515\" srcset=\"https:\/\/www.ecolelasource.ch\/defi-source\/wp-content\/uploads\/sites\/8\/2025\/03\/2-212x300.png 212w, https:\/\/www.ecolelasource.ch\/defi-source\/wp-content\/uploads\/sites\/8\/2025\/03\/2-724x1024.png 724w, https:\/\/www.ecolelasource.ch\/defi-source\/wp-content\/uploads\/sites\/8\/2025\/03\/2-768x1086.png 768w, https:\/\/www.ecolelasource.ch\/defi-source\/wp-content\/uploads\/sites\/8\/2025\/03\/2-1086x1536.png 1086w, https:\/\/www.ecolelasource.ch\/defi-source\/wp-content\/uploads\/sites\/8\/2025\/03\/2-1448x2048.png 1448w, https:\/\/www.ecolelasource.ch\/defi-source\/wp-content\/uploads\/sites\/8\/2025\/03\/2-767x1085.png 767w\" sizes=\"(max-width: 364px) 100vw, 364px\" \/><\/a>\u00a0 \u00a0<a href=\"https:\/\/www.ecolelasource.ch\/defi-source\/wp-content\/uploads\/sites\/8\/2025\/03\/3.png\" target=\"_blank\" rel=\"noopener\"><img class=\"alignnone wp-image-4893\" src=\"https:\/\/www.ecolelasource.ch\/defi-source\/wp-content\/uploads\/sites\/8\/2025\/03\/3-212x300.png\" alt=\"\" width=\"364\" height=\"515\" srcset=\"https:\/\/www.ecolelasource.ch\/defi-source\/wp-content\/uploads\/sites\/8\/2025\/03\/3-212x300.png 212w, https:\/\/www.ecolelasource.ch\/defi-source\/wp-content\/uploads\/sites\/8\/2025\/03\/3-724x1024.png 724w, https:\/\/www.ecolelasource.ch\/defi-source\/wp-content\/uploads\/sites\/8\/2025\/03\/3-768x1086.png 768w, https:\/\/www.ecolelasource.ch\/defi-source\/wp-content\/uploads\/sites\/8\/2025\/03\/3-1086x1536.png 1086w, https:\/\/www.ecolelasource.ch\/defi-source\/wp-content\/uploads\/sites\/8\/2025\/03\/3-1448x2048.png 1448w, https:\/\/www.ecolelasource.ch\/defi-source\/wp-content\/uploads\/sites\/8\/2025\/03\/3-767x1085.png 767w, https:\/\/www.ecolelasource.ch\/defi-source\/wp-content\/uploads\/sites\/8\/2025\/03\/3.png 1810w\" sizes=\"(max-width: 364px) 100vw, 364px\" \/><\/a>\u00a0 \u00a0<a href=\"https:\/\/www.ecolelasource.ch\/defi-source\/wp-content\/uploads\/sites\/8\/2025\/03\/44.png\" target=\"_blank\" rel=\"noopener\"><img class=\"alignnone wp-image-4928\" src=\"https:\/\/www.ecolelasource.ch\/defi-source\/wp-content\/uploads\/sites\/8\/2025\/03\/44-212x300.png\" alt=\"\" width=\"364\" height=\"515\" srcset=\"https:\/\/www.ecolelasource.ch\/defi-source\/wp-content\/uploads\/sites\/8\/2025\/03\/44-212x300.png 212w, https:\/\/www.ecolelasource.ch\/defi-source\/wp-content\/uploads\/sites\/8\/2025\/03\/44-724x1024.png 724w, https:\/\/www.ecolelasource.ch\/defi-source\/wp-content\/uploads\/sites\/8\/2025\/03\/44-768x1086.png 768w, https:\/\/www.ecolelasource.ch\/defi-source\/wp-content\/uploads\/sites\/8\/2025\/03\/44-1086x1536.png 1086w, https:\/\/www.ecolelasource.ch\/defi-source\/wp-content\/uploads\/sites\/8\/2025\/03\/44-1448x2048.png 1448w, https:\/\/www.ecolelasource.ch\/defi-source\/wp-content\/uploads\/sites\/8\/2025\/03\/44-767x1085.png 767w\" sizes=\"(max-width: 364px) 100vw, 364px\" \/><\/a>\u00a0 \u00a0<a href=\"https:\/\/www.ecolelasource.ch\/defi-source\/wp-content\/uploads\/sites\/8\/2025\/03\/55.png\" target=\"_blank\" rel=\"noopener\"><img class=\"alignnone wp-image-4929 \" src=\"https:\/\/www.ecolelasource.ch\/defi-source\/wp-content\/uploads\/sites\/8\/2025\/03\/55-212x300.png\" alt=\"\" width=\"363\" height=\"514\" srcset=\"https:\/\/www.ecolelasource.ch\/defi-source\/wp-content\/uploads\/sites\/8\/2025\/03\/55-212x300.png 212w, https:\/\/www.ecolelasource.ch\/defi-source\/wp-content\/uploads\/sites\/8\/2025\/03\/55-724x1024.png 724w, https:\/\/www.ecolelasource.ch\/defi-source\/wp-content\/uploads\/sites\/8\/2025\/03\/55-768x1086.png 768w, https:\/\/www.ecolelasource.ch\/defi-source\/wp-content\/uploads\/sites\/8\/2025\/03\/55-1086x1536.png 1086w, https:\/\/www.ecolelasource.ch\/defi-source\/wp-content\/uploads\/sites\/8\/2025\/03\/55-1448x2048.png 1448w, https:\/\/www.ecolelasource.ch\/defi-source\/wp-content\/uploads\/sites\/8\/2025\/03\/55-767x1085.png 767w\" sizes=\"(max-width: 363px) 100vw, 363px\" \/><\/a>\u00a0 \u00a0 <a href=\"https:\/\/www.ecolelasource.ch\/defi-source\/wp-content\/uploads\/sites\/8\/2025\/03\/Ds25_prix-4.png\" target=\"_blank\" rel=\"noopener\"><img class=\"alignnone wp-image-5033\" src=\"https:\/\/www.ecolelasource.ch\/defi-source\/wp-content\/uploads\/sites\/8\/2025\/03\/Ds25_prix-4-212x300.png\" alt=\"\" width=\"363\" height=\"514\" srcset=\"https:\/\/www.ecolelasource.ch\/defi-source\/wp-content\/uploads\/sites\/8\/2025\/03\/Ds25_prix-4-212x300.png 212w, https:\/\/www.ecolelasource.ch\/defi-source\/wp-content\/uploads\/sites\/8\/2025\/03\/Ds25_prix-4-724x1024.png 724w, https:\/\/www.ecolelasource.ch\/defi-source\/wp-content\/uploads\/sites\/8\/2025\/03\/Ds25_prix-4-768x1086.png 768w, https:\/\/www.ecolelasource.ch\/defi-source\/wp-content\/uploads\/sites\/8\/2025\/03\/Ds25_prix-4-1086x1536.png 1086w, https:\/\/www.ecolelasource.ch\/defi-source\/wp-content\/uploads\/sites\/8\/2025\/03\/Ds25_prix-4-1448x2048.png 1448w, https:\/\/www.ecolelasource.ch\/defi-source\/wp-content\/uploads\/sites\/8\/2025\/03\/Ds25_prix-4-767x1085.png 767w, https:\/\/www.ecolelasource.ch\/defi-source\/wp-content\/uploads\/sites\/8\/2025\/03\/Ds25_prix-4.png 1810w\" sizes=\"(max-width: 363px) 100vw, 363px\" \/><\/a><\/p>\n<h2><span style=\"color: #000000\"><strong>Prix du Jury et Prix du Public<\/strong><\/span><\/h2>\n<p><a href=\"https:\/\/www.ecolelasource.ch\/defi-source\/wp-content\/uploads\/sites\/8\/2025\/03\/8-1.png\" target=\"_blank\" rel=\"noopener\"><img class=\"alignnone wp-image-4958\" src=\"https:\/\/www.ecolelasource.ch\/defi-source\/wp-content\/uploads\/sites\/8\/2025\/03\/8-1-212x300.png\" alt=\"\" width=\"364\" height=\"515\" srcset=\"https:\/\/www.ecolelasource.ch\/defi-source\/wp-content\/uploads\/sites\/8\/2025\/03\/8-1-212x300.png 212w, https:\/\/www.ecolelasource.ch\/defi-source\/wp-content\/uploads\/sites\/8\/2025\/03\/8-1-724x1024.png 724w, https:\/\/www.ecolelasource.ch\/defi-source\/wp-content\/uploads\/sites\/8\/2025\/03\/8-1-768x1086.png 768w, https:\/\/www.ecolelasource.ch\/defi-source\/wp-content\/uploads\/sites\/8\/2025\/03\/8-1-1086x1536.png 1086w, https:\/\/www.ecolelasource.ch\/defi-source\/wp-content\/uploads\/sites\/8\/2025\/03\/8-1-1448x2048.png 1448w, https:\/\/www.ecolelasource.ch\/defi-source\/wp-content\/uploads\/sites\/8\/2025\/03\/8-1-767x1085.png 767w\" sizes=\"(max-width: 364px) 100vw, 364px\" \/><\/a>\u00a0 \u00a0<a href=\"https:\/\/www.ecolelasource.ch\/defi-source\/wp-content\/uploads\/sites\/8\/2025\/03\/9-1.png\" target=\"_blank\" rel=\"noopener\"><img class=\"alignnone wp-image-4959\" src=\"https:\/\/www.ecolelasource.ch\/defi-source\/wp-content\/uploads\/sites\/8\/2025\/03\/9-1-212x300.png\" alt=\"\" width=\"364\" height=\"515\" srcset=\"https:\/\/www.ecolelasource.ch\/defi-source\/wp-content\/uploads\/sites\/8\/2025\/03\/9-1-212x300.png 212w, https:\/\/www.ecolelasource.ch\/defi-source\/wp-content\/uploads\/sites\/8\/2025\/03\/9-1-724x1024.png 724w, https:\/\/www.ecolelasource.ch\/defi-source\/wp-content\/uploads\/sites\/8\/2025\/03\/9-1-768x1086.png 768w, https:\/\/www.ecolelasource.ch\/defi-source\/wp-content\/uploads\/sites\/8\/2025\/03\/9-1-1086x1536.png 1086w, https:\/\/www.ecolelasource.ch\/defi-source\/wp-content\/uploads\/sites\/8\/2025\/03\/9-1-1448x2048.png 1448w, https:\/\/www.ecolelasource.ch\/defi-source\/wp-content\/uploads\/sites\/8\/2025\/03\/9-1-767x1085.png 767w, https:\/\/www.ecolelasource.ch\/defi-source\/wp-content\/uploads\/sites\/8\/2025\/03\/9-1.png 1810w\" sizes=\"(max-width: 364px) 100vw, 364px\" \/><\/a><\/p>\n<p>&nbsp;<\/p>\n<h2><span style=\"color: #000000\"><strong>5 DISTINCTIONS &#171;Coup de c\u0153ur&#187;<\/strong><\/span><\/h2>\n<p><a href=\"https:\/\/www.ecolelasource.ch\/defi-source\/wp-content\/uploads\/sites\/8\/2025\/03\/11_1k.png\" target=\"_blank\" rel=\"noopener\"><img class=\"alignnone wp-image-4962\" src=\"https:\/\/www.ecolelasource.ch\/defi-source\/wp-content\/uploads\/sites\/8\/2025\/03\/11_1k-212x300.png\" alt=\"\" width=\"364\" height=\"515\" srcset=\"https:\/\/www.ecolelasource.ch\/defi-source\/wp-content\/uploads\/sites\/8\/2025\/03\/11_1k-212x300.png 212w, https:\/\/www.ecolelasource.ch\/defi-source\/wp-content\/uploads\/sites\/8\/2025\/03\/11_1k-724x1024.png 724w, https:\/\/www.ecolelasource.ch\/defi-source\/wp-content\/uploads\/sites\/8\/2025\/03\/11_1k-768x1086.png 768w, https:\/\/www.ecolelasource.ch\/defi-source\/wp-content\/uploads\/sites\/8\/2025\/03\/11_1k-1086x1536.png 1086w, https:\/\/www.ecolelasource.ch\/defi-source\/wp-content\/uploads\/sites\/8\/2025\/03\/11_1k-1448x2048.png 1448w, https:\/\/www.ecolelasource.ch\/defi-source\/wp-content\/uploads\/sites\/8\/2025\/03\/11_1k-767x1085.png 767w, https:\/\/www.ecolelasource.ch\/defi-source\/wp-content\/uploads\/sites\/8\/2025\/03\/11_1k.png 1810w\" sizes=\"(max-width: 364px) 100vw, 364px\" \/><\/a>\u00a0 <a href=\"https:\/\/www.ecolelasource.ch\/defi-source\/wp-content\/uploads\/sites\/8\/2025\/03\/Galenica_3.png\" target=\"_blank\" rel=\"noopener\"><img class=\"alignnone wp-image-5000\" src=\"https:\/\/www.ecolelasource.ch\/defi-source\/wp-content\/uploads\/sites\/8\/2025\/03\/Galenica_3-212x300.png\" alt=\"\" width=\"364\" height=\"515\" srcset=\"https:\/\/www.ecolelasource.ch\/defi-source\/wp-content\/uploads\/sites\/8\/2025\/03\/Galenica_3-212x300.png 212w, https:\/\/www.ecolelasource.ch\/defi-source\/wp-content\/uploads\/sites\/8\/2025\/03\/Galenica_3-724x1024.png 724w, https:\/\/www.ecolelasource.ch\/defi-source\/wp-content\/uploads\/sites\/8\/2025\/03\/Galenica_3-768x1086.png 768w, https:\/\/www.ecolelasource.ch\/defi-source\/wp-content\/uploads\/sites\/8\/2025\/03\/Galenica_3-1086x1536.png 1086w, https:\/\/www.ecolelasource.ch\/defi-source\/wp-content\/uploads\/sites\/8\/2025\/03\/Galenica_3-1448x2048.png 1448w, https:\/\/www.ecolelasource.ch\/defi-source\/wp-content\/uploads\/sites\/8\/2025\/03\/Galenica_3-767x1085.png 767w, https:\/\/www.ecolelasource.ch\/defi-source\/wp-content\/uploads\/sites\/8\/2025\/03\/Galenica_3.png 1810w\" sizes=\"(max-width: 364px) 100vw, 364px\" \/><\/a>\u00a0\u00a0<a href=\"https:\/\/www.ecolelasource.ch\/defi-source\/wp-content\/uploads\/sites\/8\/2025\/03\/HEIG_.png\" target=\"_blank\" rel=\"noopener\"><img class=\"alignnone wp-image-4995\" src=\"https:\/\/www.ecolelasource.ch\/defi-source\/wp-content\/uploads\/sites\/8\/2025\/03\/HEIG_-212x300.png\" alt=\"\" width=\"364\" height=\"515\" srcset=\"https:\/\/www.ecolelasource.ch\/defi-source\/wp-content\/uploads\/sites\/8\/2025\/03\/HEIG_-212x300.png 212w, https:\/\/www.ecolelasource.ch\/defi-source\/wp-content\/uploads\/sites\/8\/2025\/03\/HEIG_-724x1024.png 724w, https:\/\/www.ecolelasource.ch\/defi-source\/wp-content\/uploads\/sites\/8\/2025\/03\/HEIG_-768x1086.png 768w, https:\/\/www.ecolelasource.ch\/defi-source\/wp-content\/uploads\/sites\/8\/2025\/03\/HEIG_-1086x1536.png 1086w, https:\/\/www.ecolelasource.ch\/defi-source\/wp-content\/uploads\/sites\/8\/2025\/03\/HEIG_-1448x2048.png 1448w, https:\/\/www.ecolelasource.ch\/defi-source\/wp-content\/uploads\/sites\/8\/2025\/03\/HEIG_-767x1085.png 767w, https:\/\/www.ecolelasource.ch\/defi-source\/wp-content\/uploads\/sites\/8\/2025\/03\/HEIG_.png 1810w\" sizes=\"(max-width: 364px) 100vw, 364px\" \/><\/a><a href=\"https:\/\/www.ecolelasource.ch\/defi-source\/wp-content\/uploads\/sites\/8\/2025\/03\/13.png\" target=\"_blank\" rel=\"noopener\">\u00a0<\/a>\u00a0 <a href=\"https:\/\/www.ecolelasource.ch\/defi-source\/wp-content\/uploads\/sites\/8\/2025\/03\/14.png\" target=\"_blank\" rel=\"noopener\"><img class=\"alignnone wp-image-4938\" src=\"https:\/\/www.ecolelasource.ch\/defi-source\/wp-content\/uploads\/sites\/8\/2025\/03\/14-212x300.png\" alt=\"\" width=\"364\" height=\"515\" srcset=\"https:\/\/www.ecolelasource.ch\/defi-source\/wp-content\/uploads\/sites\/8\/2025\/03\/14-212x300.png 212w, https:\/\/www.ecolelasource.ch\/defi-source\/wp-content\/uploads\/sites\/8\/2025\/03\/14-724x1024.png 724w, https:\/\/www.ecolelasource.ch\/defi-source\/wp-content\/uploads\/sites\/8\/2025\/03\/14-768x1086.png 768w, https:\/\/www.ecolelasource.ch\/defi-source\/wp-content\/uploads\/sites\/8\/2025\/03\/14-1086x1536.png 1086w, https:\/\/www.ecolelasource.ch\/defi-source\/wp-content\/uploads\/sites\/8\/2025\/03\/14-1448x2048.png 1448w, https:\/\/www.ecolelasource.ch\/defi-source\/wp-content\/uploads\/sites\/8\/2025\/03\/14-767x1085.png 767w, https:\/\/www.ecolelasource.ch\/defi-source\/wp-content\/uploads\/sites\/8\/2025\/03\/14.png 1810w\" sizes=\"(max-width: 364px) 100vw, 364px\" \/><\/a>\u00a0 \u00a0<a href=\"https:\/\/www.ecolelasource.ch\/defi-source\/wp-content\/uploads\/sites\/8\/2025\/03\/15_2k.png\" target=\"_blank\" rel=\"noopener\"><img class=\"alignnone wp-image-4963\" src=\"https:\/\/www.ecolelasource.ch\/defi-source\/wp-content\/uploads\/sites\/8\/2025\/03\/15_2k-212x300.png\" alt=\"\" width=\"364\" height=\"515\" srcset=\"https:\/\/www.ecolelasource.ch\/defi-source\/wp-content\/uploads\/sites\/8\/2025\/03\/15_2k-212x300.png 212w, https:\/\/www.ecolelasource.ch\/defi-source\/wp-content\/uploads\/sites\/8\/2025\/03\/15_2k-724x1024.png 724w, https:\/\/www.ecolelasource.ch\/defi-source\/wp-content\/uploads\/sites\/8\/2025\/03\/15_2k-768x1086.png 768w, https:\/\/www.ecolelasource.ch\/defi-source\/wp-content\/uploads\/sites\/8\/2025\/03\/15_2k-1086x1536.png 1086w, https:\/\/www.ecolelasource.ch\/defi-source\/wp-content\/uploads\/sites\/8\/2025\/03\/15_2k-1448x2048.png 1448w, https:\/\/www.ecolelasource.ch\/defi-source\/wp-content\/uploads\/sites\/8\/2025\/03\/15_2k-767x1085.png 767w, https:\/\/www.ecolelasource.ch\/defi-source\/wp-content\/uploads\/sites\/8\/2025\/03\/15_2k.png 1810w\" sizes=\"(max-width: 364px) 100vw, 364px\" \/><\/a><\/p>\n<h2><strong><span style=\"color: #000000\">D\u00e9signation des laur\u00e9ats<\/span><\/strong><\/h2>\n<ul>\n<li><span style=\"color: #000000\">Le Prix du Jury sera d\u00e9cern\u00e9 par les membres du jury du D Day.<\/span><\/li>\n<li><span style=\"color: #000000\">Le Prix du Public<\/span> reviendra \u00e0 l\u2019\u00e9quipe qui recueille le plus de votes en ligne.<\/li>\n<li><span style=\"color: #000000\">Les entreprises qui remettent un prix ou une distinction en leur nom choisissent l\u2019\u00e9quipe \u00e0 qui elles veulent l&rsquo;octroyer. S<\/span>i aucun projet ne correspond \u00e0 leurs crit\u00e8res, le prix peut ne pas \u00eatre attribu\u00e9.<\/li>\n<\/ul>\n<p>Une \u00e9quipe peut recevoir plusieurs distinctions.<\/p>\n<p>&nbsp;<\/p>\n<h2><span style=\"color: #000000\"><strong>Et bien plus encore!<\/strong><\/span><\/h2>\n<p><span style=\"color: #00a9e8\">Un Bootcamp d&rsquo;une valeur de CHF 10&rsquo;000.- par \u00e9quipe<\/span><br \/>\nLes \u00e9quipes qualifi\u00e9es \u00e0 l&rsquo;issue du Pitch Day pourront acc\u00e9der au Bootcamp estim\u00e9 \u00e0 CHF 10&rsquo;000.- par \u00e9quipe. Cette valeur comprend du coaching exclusif et sur-mesure, un acc\u00e8s \u00e0 des expert\u00b7e\u00b7s en sant\u00e9 et innovation, des repas, un acc\u00e8s \u00e0 un H\u00f4pital simul\u00e9, la mise \u00e0 disposition de mat\u00e9riel d\u2019exp\u00e9rimentation et des ateliers de pr\u00e9paration.<\/p>\n<p><span style=\"color: #00a9e8\">Le D\u00e9fi Source, c&rsquo;est aussi&#8230;<\/span><br \/>\nL\u2019occasion d\u2019acc\u00e9der \u00e0 un nouveau r\u00e9seau, de suivre des formations gratuites, d\u2019acqu\u00e9rir une boite \u00e0 outils en gestion de projets innovants, d\u2019apprendre \u00e0 parler en public, de cr\u00e9er une entreprise, de s\u2019amuser en travaillant et surtout\u2026 de vivre une nouvelle aventure humaine.<\/p>\n<h2><strong><span style=\"color: #000000\">\ud83d\udc49 Alors vite, rejoignez l\u2019aventure!<br \/>\nOuverture des inscriptions le 28 avril.<\/span><\/strong><\/h2>\n","protected":false},"excerpt":{"rendered":"<p>13 prix et distinctions \u00e0 gagner D\u00e9cern\u00e9s par des entreprises, institutions et associations de renom, ils apportent des expertises, des m\u00e9thodologies, du suivi et des outils,\u2026 pour permettre aux \u00e9quipes gagnantes de continuer \u00e0 d\u00e9velopper leurs projets au-del\u00e0 du D\u00e9fi Source. Pour une valeur totale de plus de CHF 100\u2019000.-, les prix en nature offrent [&hellip;]<\/p>\n","protected":false},"author":2559,"featured_media":0,"parent":4466,"menu_order":4,"comment_status":"closed","ping_status":"closed","template":"","meta":[],"acf":[],"_links":{"self":[{"href":"https:\/\/www.ecolelasource.ch\/defi-source\/wp-json\/wp\/v2\/pages\/4871"}],"collection":[{"href":"https:\/\/www.ecolelasource.ch\/defi-source\/wp-json\/wp\/v2\/pages"}],"about":[{"href":"https:\/\/www.ecolelasource.ch\/defi-source\/wp-json\/wp\/v2\/types\/page"}],"author":[{"embeddable":true,"href":"https:\/\/www.ecolelasource.ch\/defi-source\/wp-json\/wp\/v2\/users\/2559"}],"replies":[{"embeddable":true,"href":"https:\/\/www.ecolelasource.ch\/defi-source\/wp-json\/wp\/v2\/comments?post=4871"}],"version-history":[{"count":10,"href":"https:\/\/www.ecolelasource.ch\/defi-source\/wp-json\/wp\/v2\/pages\/4871\/revisions"}],"predecessor-version":[{"id":5084,"href":"https:\/\/www.ecolelasource.ch\/defi-source\/wp-json\/wp\/v2\/pages\/4871\/revisions\/5084"}],"up":[{"embeddable":true,"href":"https:\/\/www.ecolelasource.ch\/defi-source\/wp-json\/wp\/v2\/pages\/4466"}],"wp:attachment":[{"href":"https:\/\/www.ecolelasource.ch\/defi-source\/wp-json\/wp\/v2\/media?parent=4871"}],"curies":[{"name":"wp","href":"https:\/\/api.w.org\/{rel}","templated":true}]}}