
{"id":4522,"date":"2025-02-04T16:37:06","date_gmt":"2025-02-04T15:37:06","guid":{"rendered":"https:\/\/www.ecolelasource.ch\/defi-source\/?page_id=4522"},"modified":"2025-05-22T14:02:26","modified_gmt":"2025-05-22T12:02:26","slug":"prix","status":"publish","type":"page","link":"https:\/\/www.ecolelasource.ch\/defi-source\/edition-2025\/prix\/","title":{"rendered":"Prix et distinctions"},"content":{"rendered":"<p>&nbsp;<\/p>\n<p>En 2025, <span style=\"color: #00a9e8\">8 prix et 5 distinctions sont d\u00e9cern\u00e9s<\/span> par des entreprises et organisations priv\u00e9es et publiques suisses.<br \/>\nIls permettent d&rsquo;accompagner le projet au-del\u00e0 de l&rsquo;\u00e9v\u00e9nement pour l&rsquo;aider dans son d\u00e9veloppement et sa concr\u00e9tisation.<\/p>\n<h2><\/h2>\n<h2><span style=\"color: #000000\"><strong>\u2b50 Partenaires offrant un prix<\/strong><\/span><\/h2>\n<p>&nbsp;<\/p>\n<p><a href=\"https:\/\/www.cransmontana.ch\/fr\/accueil\/\" target=\"_blank\" rel=\"noopener\"><img class=\"alignnone wp-image-4692\" src=\"https:\/\/www.ecolelasource.ch\/defi-source\/wp-content\/uploads\/sites\/8\/2025\/02\/3crans-300x161.png\" alt=\"\" width=\"201\" height=\"108\" srcset=\"https:\/\/www.ecolelasource.ch\/defi-source\/wp-content\/uploads\/sites\/8\/2025\/02\/3crans-300x161.png 300w, https:\/\/www.ecolelasource.ch\/defi-source\/wp-content\/uploads\/sites\/8\/2025\/02\/3crans.png 758w\" sizes=\"(max-width: 201px) 100vw, 201px\" \/><\/a>\u00a0 \u00a0 \u00a0 \u00a0 \u00a0 \u00a0 \u00a0 \u00a0\u00a0<a href=\"https:\/\/www.cms-vaud.ch\/avasad\/\" target=\"_blank\" rel=\"noopener\"><img class=\"alignnone wp-image-4691\" src=\"https:\/\/www.ecolelasource.ch\/defi-source\/wp-content\/uploads\/sites\/8\/2025\/02\/3avasad-300x253.png\" alt=\"\" width=\"113\" height=\"95\" srcset=\"https:\/\/www.ecolelasource.ch\/defi-source\/wp-content\/uploads\/sites\/8\/2025\/02\/3avasad-300x253.png 300w, https:\/\/www.ecolelasource.ch\/defi-source\/wp-content\/uploads\/sites\/8\/2025\/02\/3avasad.png 503w\" sizes=\"(max-width: 113px) 100vw, 113px\" \/><\/a> \u00a0\u00a0 \u00a0\u00a0 \u00a0\u00a0 \u00a0\u00a0 \u00a0 \u00a0 \u00a0 \u00a0 \u00a0 \u00a0 <a href=\"https:\/\/www.css.ch\/fr\/\" target=\"_blank\" rel=\"noopener\"><img class=\"alignnone wp-image-4693\" src=\"https:\/\/www.ecolelasource.ch\/defi-source\/wp-content\/uploads\/sites\/8\/2025\/02\/3css.png\" alt=\"\" width=\"200\" height=\"84\" \/><\/a><\/p>\n<p><a href=\"https:\/\/ucreate.ch\/\" target=\"_blank\" rel=\"noopener\"><img class=\"alignnone wp-image-4694\" src=\"https:\/\/www.ecolelasource.ch\/defi-source\/wp-content\/uploads\/sites\/8\/2025\/02\/3unilhub-300x165.png\" alt=\"\" width=\"200\" height=\"110\" srcset=\"https:\/\/www.ecolelasource.ch\/defi-source\/wp-content\/uploads\/sites\/8\/2025\/02\/3unilhub-300x165.png 300w, https:\/\/www.ecolelasource.ch\/defi-source\/wp-content\/uploads\/sites\/8\/2025\/02\/3unilhub-600x330.png 600w, https:\/\/www.ecolelasource.ch\/defi-source\/wp-content\/uploads\/sites\/8\/2025\/02\/3unilhub.png 623w\" sizes=\"(max-width: 200px) 100vw, 200px\" \/><\/a>\u00a0 \u00a0 \u00a0 \u00a0 \u00a0 <a href=\"https:\/\/www.unisante.ch\/fr\" target=\"_blank\" rel=\"noopener\"><img class=\"alignnone wp-image-4695\" src=\"https:\/\/www.ecolelasource.ch\/defi-source\/wp-content\/uploads\/sites\/8\/2025\/02\/3unisante-300x118.png\" alt=\"\" width=\"201\" height=\"79\" srcset=\"https:\/\/www.ecolelasource.ch\/defi-source\/wp-content\/uploads\/sites\/8\/2025\/02\/3unisante-300x118.png 300w, https:\/\/www.ecolelasource.ch\/defi-source\/wp-content\/uploads\/sites\/8\/2025\/02\/3unisante.png 754w\" sizes=\"(max-width: 201px) 100vw, 201px\" \/><\/a>\u00a0 \u00a0 \u00a0 \u00a0 \u00a0 \u00a0 <img class=\"alignnone wp-image-5027\" src=\"https:\/\/www.ecolelasource.ch\/defi-source\/wp-content\/uploads\/sites\/8\/2025\/03\/logo7_3-300x176.png\" alt=\"\" width=\"205\" height=\"120\" srcset=\"https:\/\/www.ecolelasource.ch\/defi-source\/wp-content\/uploads\/sites\/8\/2025\/03\/logo7_3-300x176.png 300w, https:\/\/www.ecolelasource.ch\/defi-source\/wp-content\/uploads\/sites\/8\/2025\/03\/logo7_3.png 679w\" sizes=\"(max-width: 205px) 100vw, 205px\" \/><\/p>\n<p>&nbsp;<\/p>\n<p><a href=\"https:\/\/www.biopole.ch\/\" target=\"_blank\" rel=\"noopener\"><img class=\"alignnone wp-image-4836\" src=\"https:\/\/www.ecolelasource.ch\/defi-source\/wp-content\/uploads\/sites\/8\/2025\/02\/Jury_prix-300x202.png\" alt=\"\" width=\"196\" height=\"132\" srcset=\"https:\/\/www.ecolelasource.ch\/defi-source\/wp-content\/uploads\/sites\/8\/2025\/02\/Jury_prix-300x202.png 300w, https:\/\/www.ecolelasource.ch\/defi-source\/wp-content\/uploads\/sites\/8\/2025\/02\/Jury_prix.png 681w\" sizes=\"(max-width: 196px) 100vw, 196px\" \/><\/a>\u00a0 \u00a0 \u00a0 \u00a0 \u00a0 \u00a0<a href=\"https:\/\/www.lasource.ch\/\" target=\"_blank\" rel=\"noopener\"><img class=\"alignnone wp-image-4837\" src=\"https:\/\/www.ecolelasource.ch\/defi-source\/wp-content\/uploads\/sites\/8\/2025\/02\/Public_prix-300x210.png\" alt=\"\" width=\"195\" height=\"136\" srcset=\"https:\/\/www.ecolelasource.ch\/defi-source\/wp-content\/uploads\/sites\/8\/2025\/02\/Public_prix-300x210.png 300w, https:\/\/www.ecolelasource.ch\/defi-source\/wp-content\/uploads\/sites\/8\/2025\/02\/Public_prix.png 661w\" sizes=\"(max-width: 195px) 100vw, 195px\" \/><\/a><\/p>\n<p>Les prix du Jury et du Public recevront en plus des heures de coaching entrepreneurial par:<\/p>\n<p><a href=\"https:\/\/genilem.ch\/\" target=\"_blank\" rel=\"noopener\"><img class=\"alignnone wp-image-4665\" src=\"https:\/\/www.ecolelasource.ch\/defi-source\/wp-content\/uploads\/sites\/8\/2025\/02\/Genilem-logo-RVB-YELLOW-300x89.png\" alt=\"\" width=\"202\" height=\"60\" srcset=\"https:\/\/www.ecolelasource.ch\/defi-source\/wp-content\/uploads\/sites\/8\/2025\/02\/Genilem-logo-RVB-YELLOW-300x89.png 300w, https:\/\/www.ecolelasource.ch\/defi-source\/wp-content\/uploads\/sites\/8\/2025\/02\/Genilem-logo-RVB-YELLOW-1024x304.png 1024w, https:\/\/www.ecolelasource.ch\/defi-source\/wp-content\/uploads\/sites\/8\/2025\/02\/Genilem-logo-RVB-YELLOW-768x228.png 768w, https:\/\/www.ecolelasource.ch\/defi-source\/wp-content\/uploads\/sites\/8\/2025\/02\/Genilem-logo-RVB-YELLOW-1536x455.png 1536w, https:\/\/www.ecolelasource.ch\/defi-source\/wp-content\/uploads\/sites\/8\/2025\/02\/Genilem-logo-RVB-YELLOW-767x227.png 767w, https:\/\/www.ecolelasource.ch\/defi-source\/wp-content\/uploads\/sites\/8\/2025\/02\/Genilem-logo-RVB-YELLOW.png 1794w\" sizes=\"(max-width: 202px) 100vw, 202px\" \/><\/a><\/p>\n<p>&nbsp;<\/p>\n<h2><span style=\"color: #000000\"><strong>\u2b50 Partenaires offrant une distinction coup de c\u0153ur<\/strong><\/span><\/h2>\n<p><a href=\"https:\/\/www.fondation-fit.ch\/fr\/\" target=\"_blank\" rel=\"noopener\"><img class=\"alignnone wp-image-4681\" src=\"https:\/\/www.ecolelasource.ch\/defi-source\/wp-content\/uploads\/sites\/8\/2025\/02\/2FIT-300x166.png\" alt=\"\" width=\"199\" height=\"110\" srcset=\"https:\/\/www.ecolelasource.ch\/defi-source\/wp-content\/uploads\/sites\/8\/2025\/02\/2FIT-300x166.png 300w, https:\/\/www.ecolelasource.ch\/defi-source\/wp-content\/uploads\/sites\/8\/2025\/02\/2FIT-600x330.png 600w, https:\/\/www.ecolelasource.ch\/defi-source\/wp-content\/uploads\/sites\/8\/2025\/02\/2FIT.png 743w\" sizes=\"(max-width: 199px) 100vw, 199px\" \/><\/a>\u00a0 \u00a0 \u00a0 \u00a0 \u00a0 <a href=\"https:\/\/www.galenica.com\/fr\/\" target=\"_blank\" rel=\"noopener\"><img class=\"alignnone wp-image-4682\" src=\"https:\/\/www.ecolelasource.ch\/defi-source\/wp-content\/uploads\/sites\/8\/2025\/02\/2galenica-300x137.png\" alt=\"\" width=\"201\" height=\"92\" srcset=\"https:\/\/www.ecolelasource.ch\/defi-source\/wp-content\/uploads\/sites\/8\/2025\/02\/2galenica-300x137.png 300w, https:\/\/www.ecolelasource.ch\/defi-source\/wp-content\/uploads\/sites\/8\/2025\/02\/2galenica-768x351.png 768w, https:\/\/www.ecolelasource.ch\/defi-source\/wp-content\/uploads\/sites\/8\/2025\/02\/2galenica-767x350.png 767w, https:\/\/www.ecolelasource.ch\/defi-source\/wp-content\/uploads\/sites\/8\/2025\/02\/2galenica.png 948w\" sizes=\"(max-width: 201px) 100vw, 201px\" \/><\/a>\u00a0 \u00a0 \u00a0 \u00a0 \u00a0 <a href=\"https:\/\/heig-vd.ch\/\" target=\"_blank\" rel=\"noopener\"><img class=\"alignnone wp-image-4712\" src=\"https:\/\/www.ecolelasource.ch\/defi-source\/wp-content\/uploads\/sites\/8\/2025\/02\/2HEIG-300x102.png\" alt=\"\" width=\"200\" height=\"68\" srcset=\"https:\/\/www.ecolelasource.ch\/defi-source\/wp-content\/uploads\/sites\/8\/2025\/02\/2HEIG-300x102.png 300w, https:\/\/www.ecolelasource.ch\/defi-source\/wp-content\/uploads\/sites\/8\/2025\/02\/2HEIG.png 745w\" sizes=\"(max-width: 200px) 100vw, 200px\" \/><\/a><\/p>\n<p><a href=\"https:\/\/www.multiple-design.ch\/\" target=\"_blank\" rel=\"noopener\"><img class=\"alignnone wp-image-4713\" src=\"https:\/\/www.ecolelasource.ch\/defi-source\/wp-content\/uploads\/sites\/8\/2025\/02\/2multiple-300x151.png\" alt=\"\" width=\"201\" height=\"101\" srcset=\"https:\/\/www.ecolelasource.ch\/defi-source\/wp-content\/uploads\/sites\/8\/2025\/02\/2multiple-300x151.png 300w, https:\/\/www.ecolelasource.ch\/defi-source\/wp-content\/uploads\/sites\/8\/2025\/02\/2multiple-1024x515.png 1024w, https:\/\/www.ecolelasource.ch\/defi-source\/wp-content\/uploads\/sites\/8\/2025\/02\/2multiple-768x386.png 768w, https:\/\/www.ecolelasource.ch\/defi-source\/wp-content\/uploads\/sites\/8\/2025\/02\/2multiple-767x386.png 767w, https:\/\/www.ecolelasource.ch\/defi-source\/wp-content\/uploads\/sites\/8\/2025\/02\/2multiple.png 1077w\" sizes=\"(max-width: 201px) 100vw, 201px\" \/><\/a>\u00a0 \u00a0 \u00a0 \u00a0 \u00a0 <a href=\"https:\/\/www.lausanne.ch\/\" target=\"_blank\" rel=\"noopener\"><img class=\"alignnone wp-image-4685\" src=\"https:\/\/www.ecolelasource.ch\/defi-source\/wp-content\/uploads\/sites\/8\/2025\/02\/2villelausanne-300x146.png\" alt=\"\" width=\"201\" height=\"98\" srcset=\"https:\/\/www.ecolelasource.ch\/defi-source\/wp-content\/uploads\/sites\/8\/2025\/02\/2villelausanne-300x146.png 300w, https:\/\/www.ecolelasource.ch\/defi-source\/wp-content\/uploads\/sites\/8\/2025\/02\/2villelausanne.png 353w\" sizes=\"(max-width: 201px) 100vw, 201px\" \/><\/a><\/p>\n<p>&nbsp;<\/p>\n<p>\ud83d\udc49 <a href=\"https:\/\/www.ecolelasource.ch\/defi-source\/edition-2025\/detail-prix2025\/\" target=\"_blank\" rel=\"noopener\"><span style=\"color: #6e8ca8\">D\u00e9couvrez le d\u00e9tail de chaque prix ici!<\/span><\/a><\/p>\n<p><span style=\"text-decoration: underline\">A noter:<\/span> une \u00e9quipe peut recevoir plusieurs prix.<\/p>\n<p>&nbsp;<\/p>\n<p><strong>\u2b50 BOOTCAMP d&rsquo;une valeur de CHF 10&rsquo;000.-<\/strong><br \/>\nLes \u00e9quipes qualifi\u00e9es \u00e0 l&rsquo;issue du Pitch Day pourront acc\u00e9der au Bootcamp estim\u00e9 \u00e0 CHF 10&rsquo;000.- par \u00e9quipe. Cette valeur comprend du coaching exclusif et sur-mesure, un acc\u00e8s \u00e0 des expert\u00b7e\u00b7s en sant\u00e9 et innovation, des repas, un acc\u00e8s \u00e0 un H\u00f4pital simul\u00e9, la mise \u00e0 disposition de mat\u00e9riel d\u2019exp\u00e9rimentation, des ateliers de pr\u00e9paration,&#8230;<\/p>\n","protected":false},"excerpt":{"rendered":"<p>&nbsp; En 2025, 8 prix et 5 distinctions sont d\u00e9cern\u00e9s par des entreprises et organisations priv\u00e9es et publiques suisses. Ils permettent d&rsquo;accompagner le projet au-del\u00e0 de l&rsquo;\u00e9v\u00e9nement pour l&rsquo;aider dans son d\u00e9veloppement et sa concr\u00e9tisation. \u2b50 Partenaires offrant un prix &nbsp; \u00a0 \u00a0 \u00a0 \u00a0 \u00a0 \u00a0 \u00a0 \u00a0\u00a0 \u00a0\u00a0 \u00a0\u00a0 \u00a0\u00a0 \u00a0\u00a0 \u00a0 \u00a0 [&hellip;]<\/p>\n","protected":false},"author":2559,"featured_media":0,"parent":4466,"menu_order":4,"comment_status":"closed","ping_status":"closed","template":"","meta":[],"acf":[],"_links":{"self":[{"href":"https:\/\/www.ecolelasource.ch\/defi-source\/wp-json\/wp\/v2\/pages\/4522"}],"collection":[{"href":"https:\/\/www.ecolelasource.ch\/defi-source\/wp-json\/wp\/v2\/pages"}],"about":[{"href":"https:\/\/www.ecolelasource.ch\/defi-source\/wp-json\/wp\/v2\/types\/page"}],"author":[{"embeddable":true,"href":"https:\/\/www.ecolelasource.ch\/defi-source\/wp-json\/wp\/v2\/users\/2559"}],"replies":[{"embeddable":true,"href":"https:\/\/www.ecolelasource.ch\/defi-source\/wp-json\/wp\/v2\/comments?post=4522"}],"version-history":[{"count":10,"href":"https:\/\/www.ecolelasource.ch\/defi-source\/wp-json\/wp\/v2\/pages\/4522\/revisions"}],"predecessor-version":[{"id":5281,"href":"https:\/\/www.ecolelasource.ch\/defi-source\/wp-json\/wp\/v2\/pages\/4522\/revisions\/5281"}],"up":[{"embeddable":true,"href":"https:\/\/www.ecolelasource.ch\/defi-source\/wp-json\/wp\/v2\/pages\/4466"}],"wp:attachment":[{"href":"https:\/\/www.ecolelasource.ch\/defi-source\/wp-json\/wp\/v2\/media?parent=4522"}],"curies":[{"name":"wp","href":"https:\/\/api.w.org\/{rel}","templated":true}]}}