
{"id":4446,"date":"2025-01-21T15:43:20","date_gmt":"2025-01-21T14:43:20","guid":{"rendered":"https:\/\/www.ecolelasource.ch\/defi-source\/?page_id=4446"},"modified":"2025-04-16T14:45:41","modified_gmt":"2025-04-16T12:45:41","slug":"partenaires-2025","status":"publish","type":"page","link":"https:\/\/www.ecolelasource.ch\/defi-source\/partenaires\/partenaires-2025\/","title":{"rendered":"Partenaires 2025"},"content":{"rendered":"<p>&nbsp;<\/p>\n<p><strong>Retrouvez ici la liste des partenaires de l&rsquo;\u00e9dition 2025 du D\u00e9fi Source<\/strong>.<br \/>\nNous tenons chaleureusement \u00e0 remercier toutes les entreprises, institutions et associations qui nous font confiance pour cette troisi\u00e8me \u00e9dition. <span style=\"font-weight: inherit\">C&rsquo;est gr\u00e2ce \u00e0 leur soutien et \u00e0 leur engagement que ce magnifique \u00e9v\u00e9nement peut avoir lieu et devient un incontournable dans le milieu des soins et de la sant\u00e9.<\/span><\/p>\n<p>&nbsp;<\/p>\n","protected":false},"excerpt":{"rendered":"<p>&nbsp; Retrouvez ici la liste des partenaires de l&rsquo;\u00e9dition 2025 du D\u00e9fi Source. Nous tenons chaleureusement \u00e0 remercier toutes les entreprises, institutions et associations qui nous font confiance pour cette troisi\u00e8me \u00e9dition. C&rsquo;est gr\u00e2ce \u00e0 leur soutien et \u00e0 leur engagement que ce magnifique \u00e9v\u00e9nement peut avoir lieu et devient un incontournable dans le milieu [&hellip;]<\/p>\n","protected":false},"author":2559,"featured_media":0,"parent":516,"menu_order":0,"comment_status":"closed","ping_status":"closed","template":"page-sponsor2025.php","meta":[],"acf":[],"_links":{"self":[{"href":"https:\/\/www.ecolelasource.ch\/defi-source\/wp-json\/wp\/v2\/pages\/4446"}],"collection":[{"href":"https:\/\/www.ecolelasource.ch\/defi-source\/wp-json\/wp\/v2\/pages"}],"about":[{"href":"https:\/\/www.ecolelasource.ch\/defi-source\/wp-json\/wp\/v2\/types\/page"}],"author":[{"embeddable":true,"href":"https:\/\/www.ecolelasource.ch\/defi-source\/wp-json\/wp\/v2\/users\/2559"}],"replies":[{"embeddable":true,"href":"https:\/\/www.ecolelasource.ch\/defi-source\/wp-json\/wp\/v2\/comments?post=4446"}],"version-history":[{"count":6,"href":"https:\/\/www.ecolelasource.ch\/defi-source\/wp-json\/wp\/v2\/pages\/4446\/revisions"}],"predecessor-version":[{"id":5121,"href":"https:\/\/www.ecolelasource.ch\/defi-source\/wp-json\/wp\/v2\/pages\/4446\/revisions\/5121"}],"up":[{"embeddable":true,"href":"https:\/\/www.ecolelasource.ch\/defi-source\/wp-json\/wp\/v2\/pages\/516"}],"wp:attachment":[{"href":"https:\/\/www.ecolelasource.ch\/defi-source\/wp-json\/wp\/v2\/media?parent=4446"}],"curies":[{"name":"wp","href":"https:\/\/api.w.org\/{rel}","templated":true}]}}