
{"id":4287,"date":"2023-06-08T08:52:48","date_gmt":"2023-06-08T06:52:48","guid":{"rendered":"https:\/\/www.ecolelasource.ch\/defi-source\/?page_id=4287"},"modified":"2023-06-12T07:18:48","modified_gmt":"2023-06-12T05:18:48","slug":"communique-de-presse","status":"publish","type":"page","link":"https:\/\/www.ecolelasource.ch\/defi-source\/communique-de-presse\/","title":{"rendered":"Communiqu\u00e9 de presse"},"content":{"rendered":"<p>Lausanne, dimanche 11 juin 2023<\/p>\n<h2><span style=\"color: #e56240\"><strong>Soins et sant\u00e9: le D\u00e9fi Source 2023 r\u00e9compense 6 projets innovants <\/strong><strong>orient\u00e9s sur l\u2019humain et la soci\u00e9t\u00e9<\/strong><\/span><\/h2>\n<p><strong>La seconde \u00e9dition du TFV Networking Event Series &#8211; D\u00e9fi Source &#8211; s\u2019est cl\u00f4tur\u00e9e ce vendredi en tenant toutes ses promesses. Plus de 150 acteurs de l\u2019innovation et de la sant\u00e9 ont assist\u00e9, en pr\u00e9sentiel et en ligne, \u00e0 la pr\u00e9sentation des 12 projets finalistes, dans les locaux de l\u2019Institut et Haute \u00c9cole de la Sant\u00e9 La Source \u00e0 Lausanne. A l\u2019issue des pr\u00e9sentations 8 prix ont \u00e9t\u00e9 remis aux projets les plus innovants. Deux projets se sont particuli\u00e8rement distingu\u00e9s en remportant chacun deux prix, les projets: \u00abDes pieds et des mains\u00bb et \u00abUn toit pour tout un chacun\u00bb. Une \u00e9dition r\u00e9ussie, rassembleuse et engag\u00e9e. Le rendez-vous est d\u00e9j\u00e0 pris pour un 3\u00e8me volet en 2025. <\/strong><\/p>\n<p>&nbsp;<\/p>\n<p><strong>Le D\u00e9fi Source<\/strong><br \/>\nCet \u00e9v\u00e9nement collaboratif grand public est organis\u00e9 par le H4, le hub vaudois qui soutient les projets entrepreneuriaux innovants dans les soins et en sant\u00e9, et le Source Innovation Lab (SILAB), le laboratoire acad\u00e9mique d\u2019innovation de l\u2019Institut et Haute \u00c9cole de la Sant\u00e9 La Source. L\u2019\u00e9dition 2023 qui s\u2019est d\u00e9roul\u00e9e du 1er mai au 9 juin 2023 a eu pour objectif de permettre le d\u00e9veloppement d\u2019id\u00e9es innovantes dans le domaine des soins et de la sant\u00e9.<\/p>\n<p><strong>Douze \u00e9quipes s\u00e9lectionn\u00e9es sur 36 projets d\u00e9pos\u00e9s<\/strong><br \/>\nA l\u2019issue du Pitch Day, 12 \u00e9quipes pluridisciplinaires ont \u00e9t\u00e9 s\u00e9lectionn\u00e9es pour le Bootcamp. Elles ont b\u00e9n\u00e9fici\u00e9 de coaching sur-mesure par des expert\ua78fe\ua78fs et eu la possibilit\u00e9 de concevoir des prototypes pour le D Day. Leur objectif commun: convaincre le public, les entreprises et les institutions partenaires de la valeur de leur projet et gagner l\u2019un des prix pour ensuite le d\u00e9velopper et l\u2019impl\u00e9menter dans la pratique.<\/p>\n<p><strong>La richesse de cette seconde \u00e9dition<\/strong><br \/>\nLa diversit\u00e9 des projets pr\u00e9sent\u00e9s cette ann\u00e9e constitue l\u2019inspiration de cette 2\u00e8me \u00e9dition. Avec une forte orientation sur l\u2019humain et la soci\u00e9t\u00e9, ces projets sont le t\u00e9moin d\u2019un monde en pleine mutation qui va bien au-del\u00e0 des soins, tels que le r\u00e9el soutien \u00e0 apporter aux patient\ua78fe\ua78fs, aux proches, aux soignant\ua78fe\ua78fs, et aux fragilis\u00e9\ua78fe\ua78fs de la vie. D\u2019applications num\u00e9riques \u00e0 des inventions high techs en passant par des r\u00e9flexions d\u2019ordre politique, la transdisciplinarit\u00e9 d\u00e9passe largement le duo classique \u00absoignant\ua78fe\ua78fs-technologues\u00bb. On constate l\u2019\u00e9mergence de nouvelles aptitudes et m\u00e9tiers indispensables pour l\u2019optimisation des soins et la sant\u00e9 de demain. Le d\u00e9cloisonnement des pratiques s\u2019av\u00e8re une n\u00e9cessit\u00e9 pour transformer le parcours de soins en parcours de vie, car les soins ne sont qu\u2019un faible d\u00e9terminant de la sant\u00e9 et l\u2019hospitalisation un artefact: l\u2019avenir des soins se doit d\u2019\u00eatre cr\u00e9atif, collaboratif et inclusif.<\/p>\n<p><strong>Le D\u00e9fi Source 2023 stimule l\u2019entreprenariat et l\u2019intrapreneuriat<\/strong><br \/>\nLes \u00e9quipes s\u00e9lectionn\u00e9es ont mobilis\u00e9 des profils tr\u00e8s vari\u00e9s, tant des sp\u00e9cialistes que des \u00e9tudiant\ua78fe\ua78fs, des usager\ua78f\u00e8re\ua78fs ou des proches aidant\ua78fe\ua78fs. Elles ont pu se former aux processus d\u2019innovation, puis concevoir de nouvelles solutions ou approches qui r\u00e9pondent aux enjeux socio-sanitaires actuels et futurs. C\u2019est une exp\u00e9rience humaine et professionnelle in\u00e9gal\u00e9e<\/p>\n<p>&nbsp;<\/p>\n<p><strong>Les projets laur\u00e9ats<\/strong><br \/>\nLe Prix du Jury by Biop\u00f4le a \u00e9t\u00e9 remis au projet: Des pieds et des mains<br \/>\nLe Prix du public by Vygon a \u00e9t\u00e9 remis au projet: StudentsPool<br \/>\nLe prix de l\u2019Association des communes de Crans-Montana a \u00e9t\u00e9 remis au projet: NaviSant\u00e9<br \/>\nLe prix EHL a \u00e9t\u00e9 remis au projet: Un toit pour tout un chacun<br \/>\nLe prix de la HEIG-VD a \u00e9t\u00e9 remis au projet: Scanne cachets<br \/>\nLe prix Multiple SA Global Design a \u00e9t\u00e9 remis au projet: Des pieds et des mains<br \/>\nLe prix Swiss Engeening Vaud a \u00e9t\u00e9 remis au projet: Un toit pour tout un chacun<br \/>\nLe prix Thinksport n\u2019a pas \u00e9t\u00e9 d\u00e9cern\u00e9, aucun projet ayant un lien direct avec le sport.<br \/>\nLe prix Unisant\u00e9 a \u00e9t\u00e9 remis au projet: Diab\u00e8te, m\u00eame pas peur !<\/p>\n<p>Retrouvez les <a href=\"https:\/\/www.ecolelasource.ch\/defi-source\/12projets2023\/\" target=\"_blank\" rel=\"noopener\">12 projets en lice<\/a> sur le site du D\u00e9fi Source 2023<\/p>\n<p>&nbsp;<\/p>\n<p><strong>Les Partenaires du D\u00e9fi Source 2023<\/strong><br \/>\nLe D\u00e9fi Source 2023 a b\u00e9n\u00e9fici\u00e9 du soutien de nombreux partenaires que nous remercions chaleureusement pour leur confiance et soutien dans ce pari ambitieux : HES-SO, Networking Event Series powered by Innosuisse, adesso, Apilean, Association des communes de Crans-Montana, Biop\u00f4le, csem, Debiotech, EHL, ELCA, ELCA Security, Genilem, HEIG-VD, Hirslanden, Multiple SA Global Design, Swiss Engineering Vaud, Thinksport, Unisant\u00e9, Vygon et la Clinique de La Source.<\/p>\n<p>&nbsp;<\/p>\n<p><strong>Contacts presse :<\/strong><br \/>\n\u2022 Dominique TRUCHOT-CARDOT, responsable du SILAB, +41 76 573 36 44<br \/>\n\u2022 Thierry DAGAEFF, chef de projet, H4, +41 79 370 62 60<\/p>\n<p><a href=\"https:\/\/www.ecolelasource.ch\/defi-source\/wp-content\/uploads\/sites\/8\/2023\/06\/Communique_de_presse_DefiSource2023_VF_11.06.2023.pdf\" target=\"_blank\" rel=\"noopener\"><span style=\"color: #e56240\">T\u00e9l\u00e9charger ici la version PDF <\/span><span style=\"color: #e56240\">du communiqu\u00e9 de presse<\/span><\/a><\/p>\n","protected":false},"excerpt":{"rendered":"<p>Lausanne, dimanche 11 juin 2023 Soins et sant\u00e9: le D\u00e9fi Source 2023 r\u00e9compense 6 projets innovants orient\u00e9s sur l\u2019humain et la soci\u00e9t\u00e9 La seconde \u00e9dition du TFV Networking Event Series &#8211; D\u00e9fi Source &#8211; s\u2019est cl\u00f4tur\u00e9e ce vendredi en tenant toutes ses promesses. Plus de 150 acteurs de l\u2019innovation et de la sant\u00e9 ont assist\u00e9, [&hellip;]<\/p>\n","protected":false},"author":2559,"featured_media":0,"parent":0,"menu_order":0,"comment_status":"closed","ping_status":"closed","template":"","meta":[],"acf":[],"_links":{"self":[{"href":"https:\/\/www.ecolelasource.ch\/defi-source\/wp-json\/wp\/v2\/pages\/4287"}],"collection":[{"href":"https:\/\/www.ecolelasource.ch\/defi-source\/wp-json\/wp\/v2\/pages"}],"about":[{"href":"https:\/\/www.ecolelasource.ch\/defi-source\/wp-json\/wp\/v2\/types\/page"}],"author":[{"embeddable":true,"href":"https:\/\/www.ecolelasource.ch\/defi-source\/wp-json\/wp\/v2\/users\/2559"}],"replies":[{"embeddable":true,"href":"https:\/\/www.ecolelasource.ch\/defi-source\/wp-json\/wp\/v2\/comments?post=4287"}],"version-history":[{"count":10,"href":"https:\/\/www.ecolelasource.ch\/defi-source\/wp-json\/wp\/v2\/pages\/4287\/revisions"}],"predecessor-version":[{"id":4389,"href":"https:\/\/www.ecolelasource.ch\/defi-source\/wp-json\/wp\/v2\/pages\/4287\/revisions\/4389"}],"wp:attachment":[{"href":"https:\/\/www.ecolelasource.ch\/defi-source\/wp-json\/wp\/v2\/media?parent=4287"}],"curies":[{"name":"wp","href":"https:\/\/api.w.org\/{rel}","templated":true}]}}