
{"id":4145,"date":"2023-05-17T09:08:19","date_gmt":"2023-05-17T07:08:19","guid":{"rendered":"https:\/\/www.ecolelasource.ch\/defi-source\/?page_id=4145"},"modified":"2023-06-15T07:29:23","modified_gmt":"2023-06-15T05:29:23","slug":"12projets2023","status":"publish","type":"page","link":"https:\/\/www.ecolelasource.ch\/defi-source\/12projets2023\/","title":{"rendered":"Les 12 projets finalistes de l&rsquo;\u00e9dition 2023"},"content":{"rendered":"<p>A l\u2019issue du Pitch Day, 12 projets ont \u00e9t\u00e9 s\u00e9lectionn\u00e9s sur les 36 inscrits au d\u00e9part pour acc\u00e9der au Bootcamp et au D Day, soit la c\u00e9r\u00e9monie de cl\u00f4ture et de remise des prix qui s&rsquo;est d\u00e9roul\u00e9e le vendredi 9 juin 2023.<\/p>\n<p>Nous f\u00e9licitons les 115 participant\u00b7e\u00b7s enthousiastes qui se sont inscrits \u00e0 cette \u00e9dition 2023 du D\u00e9fi Source. Une belle \u00e9nergie collective pour l&rsquo;avenir des soins et de la sant\u00e9.<\/p>\n<p>&nbsp;<\/p>\n<p><strong>Les 12 projets finalistes de l&rsquo;\u00e9dition 2023 sont&#8230;<\/strong><\/p>\n<h2><span style=\"color: #e56240\">1. Des pieds et des mains<\/span><\/h2>\n<p>\ud83c\udfc5Remporte le Prix Global SA Multiple Design et le Prix du Jury by Biop\u00f4le<\/p>\n<p>Pr\u00e9venir les neuropathies dues aux chimios en d\u00e9veloppant des gants et chaussons qui soulagent les patients.<br \/>\n<em>Le projet a \u00e9t\u00e9 &#171;<a href=\"https:\/\/www.ecolelasource.ch\/defi-source\/adoptemonprojet\/\" target=\"_blank\" rel=\"noopener\">adopt\u00e9<\/a>&#187; par Debiotech SA, \u00e0 l&rsquo;issue du Pitch Day.<\/em><\/p>\n<p><img class=\"alignnone wp-image-4224 \" src=\"https:\/\/www.ecolelasource.ch\/defi-source\/wp-content\/uploads\/sites\/8\/2023\/05\/Despiedsmains.jpg\" alt=\"\" width=\"199\" height=\"200\" srcset=\"https:\/\/www.ecolelasource.ch\/defi-source\/wp-content\/uploads\/sites\/8\/2023\/05\/Despiedsmains.jpg 259w, https:\/\/www.ecolelasource.ch\/defi-source\/wp-content\/uploads\/sites\/8\/2023\/05\/Despiedsmains-200x200.jpg 200w, https:\/\/www.ecolelasource.ch\/defi-source\/wp-content\/uploads\/sites\/8\/2023\/05\/Despiedsmains-40x40.jpg 40w, https:\/\/www.ecolelasource.ch\/defi-source\/wp-content\/uploads\/sites\/8\/2023\/05\/Despiedsmains-60x60.jpg 60w\" sizes=\"(max-width: 199px) 100vw, 199px\" \/><\/p>\n<h2><span style=\"color: #e56240\">2. Diab\u00e8te, m\u00eame pas peur !<\/span><\/h2>\n<p>\ud83c\udfc5Remporte le Prix Unisant\u00e9<\/p>\n<p>Le service solidaire pour faciliter la vie quotidienne des familles d&rsquo;enfants diab\u00e9tiques de type 1.<\/p>\n<p><img class=\"alignnone wp-image-4394\" src=\"https:\/\/www.ecolelasource.ch\/defi-source\/wp-content\/uploads\/sites\/8\/2023\/06\/pro-VaOZiKXz-300x169.jpeg\" alt=\"\" width=\"356\" height=\"200\" srcset=\"https:\/\/www.ecolelasource.ch\/defi-source\/wp-content\/uploads\/sites\/8\/2023\/06\/pro-VaOZiKXz-300x169.jpeg 300w, https:\/\/www.ecolelasource.ch\/defi-source\/wp-content\/uploads\/sites\/8\/2023\/06\/pro-VaOZiKXz-1024x576.jpeg 1024w, https:\/\/www.ecolelasource.ch\/defi-source\/wp-content\/uploads\/sites\/8\/2023\/06\/pro-VaOZiKXz-768x432.jpeg 768w, https:\/\/www.ecolelasource.ch\/defi-source\/wp-content\/uploads\/sites\/8\/2023\/06\/pro-VaOZiKXz-1536x864.jpeg 1536w, https:\/\/www.ecolelasource.ch\/defi-source\/wp-content\/uploads\/sites\/8\/2023\/06\/pro-VaOZiKXz-767x431.jpeg 767w, https:\/\/www.ecolelasource.ch\/defi-source\/wp-content\/uploads\/sites\/8\/2023\/06\/pro-VaOZiKXz.jpeg 1920w\" sizes=\"(max-width: 356px) 100vw, 356px\" \/><\/p>\n<h2><span style=\"color: #e56240\">3. DigitalDefenders<\/span><\/h2>\n<p>Une application innovante pour pr\u00e9venir la sextortion et pr\u00e9server la sant\u00e9 mentale chez les jeunes.<\/p>\n<p><img class=\"alignnone wp-image-4226\" src=\"https:\/\/www.ecolelasource.ch\/defi-source\/wp-content\/uploads\/sites\/8\/2023\/05\/Digital-1-300x298.png\" alt=\"\" width=\"202\" height=\"201\" srcset=\"https:\/\/www.ecolelasource.ch\/defi-source\/wp-content\/uploads\/sites\/8\/2023\/05\/Digital-1-300x298.png 300w, https:\/\/www.ecolelasource.ch\/defi-source\/wp-content\/uploads\/sites\/8\/2023\/05\/Digital-1-200x200.png 200w, https:\/\/www.ecolelasource.ch\/defi-source\/wp-content\/uploads\/sites\/8\/2023\/05\/Digital-1-40x40.png 40w, https:\/\/www.ecolelasource.ch\/defi-source\/wp-content\/uploads\/sites\/8\/2023\/05\/Digital-1-60x60.png 60w, https:\/\/www.ecolelasource.ch\/defi-source\/wp-content\/uploads\/sites\/8\/2023\/05\/Digital-1.png 639w\" sizes=\"(max-width: 202px) 100vw, 202px\" \/><\/p>\n<h2><span style=\"color: #e56240;font-family: 'Farnham Text Semi Bd';font-size: 1.222em\">4. My Health Care<\/span><\/h2>\n<p>L\u2019intervention infirmi\u00e8re de t\u00e9l\u00e9m\u00e9decine multimodale d\u00e9di\u00e9e aux personnes atteintes de maladies chroniques<br \/>\n<em>Le projet a \u00e9t\u00e9 &#171;<a href=\"https:\/\/www.ecolelasource.ch\/defi-source\/adoptemonprojet\/\" target=\"_blank\" rel=\"noopener\">adopt\u00e9<\/a>&#187; par adesso, \u00e0 l&rsquo;issue du Pitch Day.<\/em><\/p>\n<p><img class=\"alignnone wp-image-4227\" src=\"https:\/\/www.ecolelasource.ch\/defi-source\/wp-content\/uploads\/sites\/8\/2023\/05\/myhealth-1-300x167.jpg\" alt=\"\" width=\"359\" height=\"200\" srcset=\"https:\/\/www.ecolelasource.ch\/defi-source\/wp-content\/uploads\/sites\/8\/2023\/05\/myhealth-1-300x167.jpg 300w, https:\/\/www.ecolelasource.ch\/defi-source\/wp-content\/uploads\/sites\/8\/2023\/05\/myhealth-1.jpg 650w\" sizes=\"(max-width: 359px) 100vw, 359px\" \/><\/p>\n<h2><span style=\"color: #e56240;font-family: 'Farnham Text Semi Bd';font-size: 1.222em\">5. NaviSant\u00e9<\/span><\/h2>\n<p>\ud83c\udfc5Remporte le Prix de l\u2019Association des communes de Crans-Montana<\/p>\n<p>Une application smartphone pour faciliter la navigation dans le syst\u00e8me socio-sanitaire vaudois<\/p>\n<p><img class=\"alignnone wp-image-4228\" src=\"https:\/\/www.ecolelasource.ch\/defi-source\/wp-content\/uploads\/sites\/8\/2023\/05\/navi-1.png\" alt=\"\" width=\"379\" height=\"200\" \/><\/p>\n<h2>6. ReCOVer-E<\/h2>\n<p>Cr\u00e9ation d&rsquo;une interface entre patients atteints de COVID-Long et th\u00e9rapeutes pour s&rsquo;adapter \u00e0 l&rsquo;\u00e9tat de forme du patient et fournir une prise en charge optimale<\/p>\n<p><img class=\"alignnone wp-image-4229\" src=\"https:\/\/www.ecolelasource.ch\/defi-source\/wp-content\/uploads\/sites\/8\/2023\/05\/recover-1-300x169.jpg\" alt=\"\" width=\"357\" height=\"201\" srcset=\"https:\/\/www.ecolelasource.ch\/defi-source\/wp-content\/uploads\/sites\/8\/2023\/05\/recover-1-300x169.jpg 300w, https:\/\/www.ecolelasource.ch\/defi-source\/wp-content\/uploads\/sites\/8\/2023\/05\/recover-1.jpg 650w\" sizes=\"(max-width: 357px) 100vw, 357px\" \/><\/p>\n<h2><span style=\"color: #e56240;font-family: 'Farnham Text Semi Bd';font-size: 1.222em\">7. R\u00e9duire le stress et am\u00e9liorer le bien-\u00eatre des employ\u00e9s de la Sant\u00e9<\/span><\/h2>\n<p>Diminuer le stress professionnel \u00e0 grande \u00e9chelle en donnant acc\u00e8s au plus grand nombre \u00e0 une m\u00e9thode test\u00e9e et valid\u00e9e.<br \/>\n<em>Le projet a \u00e9t\u00e9 &#171;<a href=\"https:\/\/www.ecolelasource.ch\/defi-source\/adoptemonprojet\/\" target=\"_blank\" rel=\"noopener\">adopt\u00e9<\/a>&#187; par csem, \u00e0 l&rsquo;issue du Pitch Day.<\/em><\/p>\n<p><img class=\"alignnone wp-image-4230\" src=\"https:\/\/www.ecolelasource.ch\/defi-source\/wp-content\/uploads\/sites\/8\/2023\/05\/reduire-stress-1-300x190.jpg\" alt=\"\" width=\"316\" height=\"200\" srcset=\"https:\/\/www.ecolelasource.ch\/defi-source\/wp-content\/uploads\/sites\/8\/2023\/05\/reduire-stress-1-300x190.jpg 300w, https:\/\/www.ecolelasource.ch\/defi-source\/wp-content\/uploads\/sites\/8\/2023\/05\/reduire-stress-1.jpg 600w\" sizes=\"(max-width: 316px) 100vw, 316px\" \/><\/p>\n<h2>8. Scanne cachets<\/h2>\n<p>\ud83c\udfc5Remporte le Prix HEIG-VD<\/p>\n<p>L\u2019application didactique d\u2019identification des m\u00e9dicaments<\/p>\n<p><img class=\"alignnone wp-image-4231\" src=\"https:\/\/www.ecolelasource.ch\/defi-source\/wp-content\/uploads\/sites\/8\/2023\/05\/scanne-1-300x208.jpg\" alt=\"\" width=\"290\" height=\"201\" srcset=\"https:\/\/www.ecolelasource.ch\/defi-source\/wp-content\/uploads\/sites\/8\/2023\/05\/scanne-1-300x208.jpg 300w, https:\/\/www.ecolelasource.ch\/defi-source\/wp-content\/uploads\/sites\/8\/2023\/05\/scanne-1.jpg 650w\" sizes=\"(max-width: 290px) 100vw, 290px\" \/><\/p>\n<h2>9. Smart Food Academia<\/h2>\n<p>Jeu \u00e9ducatif pour comprendre les impacts de ses comportements alimentaires sur sa sant\u00e9<\/p>\n<p><img class=\"alignnone wp-image-4232\" src=\"https:\/\/www.ecolelasource.ch\/defi-source\/wp-content\/uploads\/sites\/8\/2023\/05\/Smartfood-300x212.png\" alt=\"\" width=\"283\" height=\"200\" srcset=\"https:\/\/www.ecolelasource.ch\/defi-source\/wp-content\/uploads\/sites\/8\/2023\/05\/Smartfood-300x212.png 300w, https:\/\/www.ecolelasource.ch\/defi-source\/wp-content\/uploads\/sites\/8\/2023\/05\/Smartfood.png 368w\" sizes=\"(max-width: 283px) 100vw, 283px\" \/><\/p>\n<h2>10. StudentsPool<\/h2>\n<p>\ud83c\udfc5Remporte le Prix de Public by Vygon<\/p>\n<p>Une application de pool aide-soignant pour les structures de sant\u00e9 Suisses qui engagent des \u00e9tudiants des Hautes \u00c9coles de Sant\u00e9.<\/p>\n<p><img class=\"alignnone wp-image-4243 size-thumbnail\" src=\"https:\/\/www.ecolelasource.ch\/defi-source\/wp-content\/uploads\/sites\/8\/2023\/06\/unnamed-3-200x200.jpg\" alt=\"\" width=\"200\" height=\"200\" srcset=\"https:\/\/www.ecolelasource.ch\/defi-source\/wp-content\/uploads\/sites\/8\/2023\/06\/unnamed-3-200x200.jpg 200w, https:\/\/www.ecolelasource.ch\/defi-source\/wp-content\/uploads\/sites\/8\/2023\/06\/unnamed-3-40x40.jpg 40w, https:\/\/www.ecolelasource.ch\/defi-source\/wp-content\/uploads\/sites\/8\/2023\/06\/unnamed-3-60x60.jpg 60w, https:\/\/www.ecolelasource.ch\/defi-source\/wp-content\/uploads\/sites\/8\/2023\/06\/unnamed-3.jpg 260w\" sizes=\"(max-width: 200px) 100vw, 200px\" \/><\/p>\n<h2>11. Suivi ph\u00e9nylc\u00e9tonurie<\/h2>\n<p>D\u00e9velopper une application compl\u00e8te pour le suivi et faciliter la vie quotidienne des patients \/ parents d&rsquo;enfants atteints d&rsquo;une ph\u00e9nylc\u00e9tonurie<\/p>\n<p><img class=\"alignnone wp-image-4234\" src=\"https:\/\/www.ecolelasource.ch\/defi-source\/wp-content\/uploads\/sites\/8\/2023\/05\/Suivi-1.jpg\" alt=\"\" width=\"202\" height=\"202\" srcset=\"https:\/\/www.ecolelasource.ch\/defi-source\/wp-content\/uploads\/sites\/8\/2023\/05\/Suivi-1.jpg 260w, https:\/\/www.ecolelasource.ch\/defi-source\/wp-content\/uploads\/sites\/8\/2023\/05\/Suivi-1-200x200.jpg 200w, https:\/\/www.ecolelasource.ch\/defi-source\/wp-content\/uploads\/sites\/8\/2023\/05\/Suivi-1-40x40.jpg 40w, https:\/\/www.ecolelasource.ch\/defi-source\/wp-content\/uploads\/sites\/8\/2023\/05\/Suivi-1-60x60.jpg 60w\" sizes=\"(max-width: 202px) 100vw, 202px\" \/><\/p>\n<h2>12. Un toit pour tout un chacun<\/h2>\n<p>\ud83c\udfc5Remporte le Prix de EHL et le Prix Swiss Engeening Vaud<\/p>\n<p>Dans certaines entreprises en-dehors des heures d&rsquo;ouvertures et le week-end, certains locaux sont chauff\u00e9s ou climatis\u00e9s mais sont inoccup\u00e9s. La proposition: mettre \u00e0 disposition d&rsquo;une personne dans le besoin (sans &#8211; abri, \u00e9tudiant sans le sou, victime de violence conjugales, adolescent rejet\u00e9 par sa famille, etc&#8230;) un lieu de r\u00e9sidence fixe sur une dur\u00e9e d\u00e9termin\u00e9e qui permette \u00e0 cette personne de retrouver une stabilit\u00e9 pour se reconstruire.<\/p>\n<p><img class=\"alignnone wp-image-4239\" src=\"https:\/\/www.ecolelasource.ch\/defi-source\/wp-content\/uploads\/sites\/8\/2023\/06\/unnamed_1-300x71.jpg\" alt=\"\" width=\"300\" height=\"71\" srcset=\"https:\/\/www.ecolelasource.ch\/defi-source\/wp-content\/uploads\/sites\/8\/2023\/06\/unnamed_1-300x71.jpg 300w, https:\/\/www.ecolelasource.ch\/defi-source\/wp-content\/uploads\/sites\/8\/2023\/06\/unnamed_1.jpg 400w\" sizes=\"(max-width: 300px) 100vw, 300px\" \/><\/p>\n<p style=\"text-align: center\"><a href=\"https:\/\/youtu.be\/-Mj2fFKT3RU?t=33m21s\" target=\"_blank\" rel=\"noopener\"><img class=\"alignnone wp-image-4349\" src=\"https:\/\/www.ecolelasource.ch\/defi-source\/wp-content\/uploads\/sites\/8\/2023\/06\/8-212x300.png\" alt=\"\" width=\"270\" height=\"382\" srcset=\"https:\/\/www.ecolelasource.ch\/defi-source\/wp-content\/uploads\/sites\/8\/2023\/06\/8-212x300.png 212w, https:\/\/www.ecolelasource.ch\/defi-source\/wp-content\/uploads\/sites\/8\/2023\/06\/8-724x1024.png 724w, https:\/\/www.ecolelasource.ch\/defi-source\/wp-content\/uploads\/sites\/8\/2023\/06\/8-768x1086.png 768w, https:\/\/www.ecolelasource.ch\/defi-source\/wp-content\/uploads\/sites\/8\/2023\/06\/8-1086x1536.png 1086w, https:\/\/www.ecolelasource.ch\/defi-source\/wp-content\/uploads\/sites\/8\/2023\/06\/8-1448x2048.png 1448w, https:\/\/www.ecolelasource.ch\/defi-source\/wp-content\/uploads\/sites\/8\/2023\/06\/8-767x1085.png 767w, https:\/\/www.ecolelasource.ch\/defi-source\/wp-content\/uploads\/sites\/8\/2023\/06\/8.png 1587w\" sizes=\"(max-width: 270px) 100vw, 270px\" \/><\/a><\/p>\n","protected":false},"excerpt":{"rendered":"<p>A l\u2019issue du Pitch Day, 12 projets ont \u00e9t\u00e9 s\u00e9lectionn\u00e9s sur les 36 inscrits au d\u00e9part pour acc\u00e9der au Bootcamp et au D Day, soit la c\u00e9r\u00e9monie de cl\u00f4ture et de remise des prix qui s&rsquo;est d\u00e9roul\u00e9e le vendredi 9 juin 2023. Nous f\u00e9licitons les 115 participant\u00b7e\u00b7s enthousiastes qui se sont inscrits \u00e0 cette \u00e9dition [&hellip;]<\/p>\n","protected":false},"author":2559,"featured_media":0,"parent":0,"menu_order":0,"comment_status":"closed","ping_status":"closed","template":"page-sommaire.php","meta":[],"acf":[],"_links":{"self":[{"href":"https:\/\/www.ecolelasource.ch\/defi-source\/wp-json\/wp\/v2\/pages\/4145"}],"collection":[{"href":"https:\/\/www.ecolelasource.ch\/defi-source\/wp-json\/wp\/v2\/pages"}],"about":[{"href":"https:\/\/www.ecolelasource.ch\/defi-source\/wp-json\/wp\/v2\/types\/page"}],"author":[{"embeddable":true,"href":"https:\/\/www.ecolelasource.ch\/defi-source\/wp-json\/wp\/v2\/users\/2559"}],"replies":[{"embeddable":true,"href":"https:\/\/www.ecolelasource.ch\/defi-source\/wp-json\/wp\/v2\/comments?post=4145"}],"version-history":[{"count":10,"href":"https:\/\/www.ecolelasource.ch\/defi-source\/wp-json\/wp\/v2\/pages\/4145\/revisions"}],"predecessor-version":[{"id":4403,"href":"https:\/\/www.ecolelasource.ch\/defi-source\/wp-json\/wp\/v2\/pages\/4145\/revisions\/4403"}],"wp:attachment":[{"href":"https:\/\/www.ecolelasource.ch\/defi-source\/wp-json\/wp\/v2\/media?parent=4145"}],"curies":[{"name":"wp","href":"https:\/\/api.w.org\/{rel}","templated":true}]}}