
{"id":3938,"date":"2023-04-26T13:46:37","date_gmt":"2023-04-26T11:46:37","guid":{"rendered":"https:\/\/www.ecolelasource.ch\/defi-source\/?page_id=3938"},"modified":"2023-06-27T08:30:48","modified_gmt":"2023-06-27T06:30:48","slug":"dates-et-programme","status":"publish","type":"page","link":"https:\/\/www.ecolelasource.ch\/defi-source\/dates-et-programme\/","title":{"rendered":"Dates et programme"},"content":{"rendered":"<p style=\"text-align: left\">La 2nde \u00e9dition du Networking Event Series \u2013 D\u00e9fi Source s&rsquo;est d\u00e9roul\u00e9e du 1er mai au 9 juin 2023, avec quatre \u00e9tapes cl\u00e9s au cours desquelles les \u00e9quipes ont pu se former, pitcher et r\u00e9aliser leur projet:<\/p>\n<ul>\n<li><strong>Start<\/strong>: du 01.05.23 au 12.05.23<br \/>\nD\u00e9p\u00f4t des projets et cr\u00e9ation des \u00e9quipe <a href=\"https:\/\/defi-source.sparkboard.com\" target=\"_blank\" rel=\"noopener\">en ligne<\/a><\/li>\n<li><strong>Pitch Day<\/strong>: 13.05.23<br \/>\nPr\u00e9sentation et s\u00e9lection des meilleurs projets. Programme d\u00e9taill\u00e9 ci-dessous.<\/li>\n<li><strong>Bootcamp<\/strong>: 02.06.23 au 04.06.23<br \/>\nR\u00e9alisation des 12 projets s\u00e9lectionn\u00e9s<\/li>\n<li><strong>D Day<\/strong>: 09.06.23 (programme d\u00e9taill\u00e9 ci-dessous)<br \/>\nPr\u00e9sentation des r\u00e9sultats, remise des prix<\/li>\n<\/ul>\n<p>&nbsp;<\/p>\n<p><span style=\"color: #e56240\"><strong>Programme du D Day, vendredi 9 juin 2023<\/strong><\/span><br \/>\n16h30 Accueil<br \/>\n<strong>17h00\u00a0 \u00a0D\u00e9but de la c\u00e9r\u00e9monie de cl\u00f4ture<\/strong><\/p>\n<p style=\"padding-left: 40px\">Mot de bienvenue\u200b, M. St\u00e9phane Cosandey, Directeur, Institut et Haute Ecole de la Sant\u00e9 La Source\u200b<br \/>\nAllocution, M. Rapha\u00ebl Conz\u200b\u200b, Chef du Service de la promotion de l&rsquo;\u00e9conomie et de l&rsquo;innovation du canton de Vaud\u200b\u200b<br \/>\nRetour sur l&rsquo;\u00e9dition 2023 et pr\u00e9sentation, \u00e9quipe H4<br \/>\nPitchs, Q&amp;R du Jury, \u00e9quipes finalistes<br \/>\n<span style=\"font-weight: inherit\">Allocution, M. Fr\u00e9d\u00e9ric Borloz, Conseiller d\u2019Etat\u200b\u200b, Chef du D\u00e9partement de l&rsquo;enseignement et de la formation professionnelle\u200b\u200b<\/span><br \/>\nPause<\/p>\n<p><strong>19h30\u00a0 Remise des prix\u200b<\/strong><br \/>\n20h00 Cocktail et r\u00e9seautage<\/p>\n<p>&nbsp;<\/p>\n<p><strong>\ud83d\udcfaVoir ou revoir la retransmission live<\/strong> <strong>du D Day<\/strong><a href=\"https:\/\/youtu.be\/-Mj2fFKT3RU?t=33m21s\" target=\"_blank\" rel=\"noopener\">\u00a0sur la cha\u00eene YouTube H4<\/a>.<\/p>\n<p>\ud83c\udfac\u00a0 <strong><a href=\"https:\/\/www.youtube.com\/watch?v=kuGNUyi8EKQ\" target=\"_blank\" rel=\"noopener\">D\u00e9couvrir ici<\/a> l&rsquo;aftermovie 2023 avec des t\u00e9moignages<\/strong><\/p>\n<p><a href=\"https:\/\/www.youtube.com\/watch?v=kuGNUyi8EKQ\" target=\"_blank\" rel=\"noopener\"><img class=\"alignnone wp-image-4410\" src=\"https:\/\/www.ecolelasource.ch\/defi-source\/wp-content\/uploads\/sites\/8\/2023\/06\/Aftermovie_homepage_siteds-300x209.png\" alt=\"\" width=\"467\" height=\"325\" srcset=\"https:\/\/www.ecolelasource.ch\/defi-source\/wp-content\/uploads\/sites\/8\/2023\/06\/Aftermovie_homepage_siteds-300x209.png 300w, https:\/\/www.ecolelasource.ch\/defi-source\/wp-content\/uploads\/sites\/8\/2023\/06\/Aftermovie_homepage_siteds-1024x712.png 1024w, https:\/\/www.ecolelasource.ch\/defi-source\/wp-content\/uploads\/sites\/8\/2023\/06\/Aftermovie_homepage_siteds-768x534.png 768w, https:\/\/www.ecolelasource.ch\/defi-source\/wp-content\/uploads\/sites\/8\/2023\/06\/Aftermovie_homepage_siteds-767x533.png 767w, https:\/\/www.ecolelasource.ch\/defi-source\/wp-content\/uploads\/sites\/8\/2023\/06\/Aftermovie_homepage_siteds.png 1454w\" sizes=\"(max-width: 467px) 100vw, 467px\" \/><\/a><\/p>\n","protected":false},"excerpt":{"rendered":"<p>La 2nde \u00e9dition du Networking Event Series \u2013 D\u00e9fi Source s&rsquo;est d\u00e9roul\u00e9e du 1er mai au 9 juin 2023, avec quatre \u00e9tapes cl\u00e9s au cours desquelles les \u00e9quipes ont pu se former, pitcher et r\u00e9aliser leur projet: Start: du 01.05.23 au 12.05.23 D\u00e9p\u00f4t des projets et cr\u00e9ation des \u00e9quipe en ligne Pitch Day: 13.05.23 Pr\u00e9sentation [&hellip;]<\/p>\n","protected":false},"author":2559,"featured_media":0,"parent":0,"menu_order":0,"comment_status":"closed","ping_status":"closed","template":"","meta":[],"acf":[],"_links":{"self":[{"href":"https:\/\/www.ecolelasource.ch\/defi-source\/wp-json\/wp\/v2\/pages\/3938"}],"collection":[{"href":"https:\/\/www.ecolelasource.ch\/defi-source\/wp-json\/wp\/v2\/pages"}],"about":[{"href":"https:\/\/www.ecolelasource.ch\/defi-source\/wp-json\/wp\/v2\/types\/page"}],"author":[{"embeddable":true,"href":"https:\/\/www.ecolelasource.ch\/defi-source\/wp-json\/wp\/v2\/users\/2559"}],"replies":[{"embeddable":true,"href":"https:\/\/www.ecolelasource.ch\/defi-source\/wp-json\/wp\/v2\/comments?post=3938"}],"version-history":[{"count":10,"href":"https:\/\/www.ecolelasource.ch\/defi-source\/wp-json\/wp\/v2\/pages\/3938\/revisions"}],"predecessor-version":[{"id":4413,"href":"https:\/\/www.ecolelasource.ch\/defi-source\/wp-json\/wp\/v2\/pages\/3938\/revisions\/4413"}],"wp:attachment":[{"href":"https:\/\/www.ecolelasource.ch\/defi-source\/wp-json\/wp\/v2\/media?parent=3938"}],"curies":[{"name":"wp","href":"https:\/\/api.w.org\/{rel}","templated":true}]}}