
{"id":3855,"date":"2023-04-24T16:01:27","date_gmt":"2023-04-24T14:01:27","guid":{"rendered":"https:\/\/www.ecolelasource.ch\/defi-source\/?page_id=3855"},"modified":"2023-05-26T07:42:33","modified_gmt":"2023-05-26T05:42:33","slug":"seancesinfo","status":"publish","type":"page","link":"https:\/\/www.ecolelasource.ch\/defi-source\/seancesinfo\/","title":{"rendered":"S\u00e9ances d&rsquo;information et formations"},"content":{"rendered":"<p>Retrouvez ici la liste de toutes les s\u00e9ances d&rsquo;information et formations organis\u00e9es dans le cadre du D\u00e9fi Source 2023.<\/p>\n<p>Pour tout savoir sur le D\u00e9fi Source 2023,<br \/>\nPour poser vos questions,<br \/>\nPour suivre des formations,&#8230;<br \/>\nL&rsquo;\u00e9quipe du D\u00e9fi Source 2023 vous donne rendez-vous aux dates ci-dessous:<\/p>\n<p>&nbsp;<\/p>\n<p><strong>S\u00e9ances d&rsquo;information sur le D\u00e9fi Source 2023\u00a0<\/strong><br \/>\njeudi, 9 mars, \u00e0 17h, en ligne<br \/>\nmardi 4 avril, \u00e0 12h, en ligne<br \/>\nlundi 24 avril, \u00e0 12h, en pr\u00e9sentiel pour les \u00e9tudiants<br \/>\nmercredi 26 avril, \u00e0 17h, en ligne<\/p>\n<p>&nbsp;<\/p>\n<p><strong>S\u00e9ances d&rsquo;information d\u00e9di\u00e9es \u00e0 la plateforme de d\u00e9p\u00f4t des projets et formation des \u00e9quipes<\/strong><br \/>\nmardi 2 mai, \u00e0 17h, en ligne<br \/>\njeudi 4 mai \u00e0 12h, en ligne<\/p>\n<p>&nbsp;<\/p>\n<p><strong>Formations<\/strong><br \/>\nmercredi 3 mai, \u00e0 17h, L&rsquo;art de monter un projet et de travailler en \u00e9quipe, en ligne<br \/>\nmardi 9 mai, \u00e0 12, Le processus d\u2019innovation au DS23, en ligne<br \/>\njeudi 11 mai, \u00e0 17h, L\u2019art de pitcher un projet innovant, en ligne<\/p>\n<p>&nbsp;<\/p>\n<p><strong>Formation et sensibilisation sur la s\u00e9curit\u00e9 des donn\u00e9es by ELCA \/ELCA Security<\/strong><br \/>\nvendredi 26 mai, de 12h30 \u00e0 13h30, en ligne<\/p>\n<p>Les menaces cyber auxquelles le monde m\u00e9dical et hospitalier doit faire face.<br \/>\nA quoi dois-je penser en terme de CyberSecurit\u00e9 quand je d\u00e9marre un projet digital dans le domaine de la sant\u00e9?<\/p>\n","protected":false},"excerpt":{"rendered":"<p>Retrouvez ici la liste de toutes les s\u00e9ances d&rsquo;information et formations organis\u00e9es dans le cadre du D\u00e9fi Source 2023. Pour tout savoir sur le D\u00e9fi Source 2023, Pour poser vos questions, Pour suivre des formations,&#8230; L&rsquo;\u00e9quipe du D\u00e9fi Source 2023 vous donne rendez-vous aux dates ci-dessous: &nbsp; S\u00e9ances d&rsquo;information sur le D\u00e9fi Source 2023\u00a0 jeudi, [&hellip;]<\/p>\n","protected":false},"author":2559,"featured_media":0,"parent":0,"menu_order":0,"comment_status":"closed","ping_status":"closed","template":"","meta":[],"acf":[],"_links":{"self":[{"href":"https:\/\/www.ecolelasource.ch\/defi-source\/wp-json\/wp\/v2\/pages\/3855"}],"collection":[{"href":"https:\/\/www.ecolelasource.ch\/defi-source\/wp-json\/wp\/v2\/pages"}],"about":[{"href":"https:\/\/www.ecolelasource.ch\/defi-source\/wp-json\/wp\/v2\/types\/page"}],"author":[{"embeddable":true,"href":"https:\/\/www.ecolelasource.ch\/defi-source\/wp-json\/wp\/v2\/users\/2559"}],"replies":[{"embeddable":true,"href":"https:\/\/www.ecolelasource.ch\/defi-source\/wp-json\/wp\/v2\/comments?post=3855"}],"version-history":[{"count":11,"href":"https:\/\/www.ecolelasource.ch\/defi-source\/wp-json\/wp\/v2\/pages\/3855\/revisions"}],"predecessor-version":[{"id":4223,"href":"https:\/\/www.ecolelasource.ch\/defi-source\/wp-json\/wp\/v2\/pages\/3855\/revisions\/4223"}],"wp:attachment":[{"href":"https:\/\/www.ecolelasource.ch\/defi-source\/wp-json\/wp\/v2\/media?parent=3855"}],"curies":[{"name":"wp","href":"https:\/\/api.w.org\/{rel}","templated":true}]}}