
{"id":3839,"date":"2023-04-24T15:36:32","date_gmt":"2023-04-24T13:36:32","guid":{"rendered":"https:\/\/www.ecolelasource.ch\/defi-source\/?page_id=3839"},"modified":"2023-05-26T07:40:33","modified_gmt":"2023-05-26T05:40:33","slug":"fablabelca","status":"publish","type":"page","link":"https:\/\/www.ecolelasource.ch\/defi-source\/fablabelca\/","title":{"rendered":"FabLab ELCA"},"content":{"rendered":"<p style=\"text-align: left\">Pour aider et accompagner les projets sur les aspects informatiques, les participants b\u00e9n\u00e9ficieront durant le Bootcamp de la pr\u00e9sence de plusieurs sp\u00e9cialistes de chez ELCA:<\/p>\n<p><a href=\"https:\/\/www.elca.ch\/fr\" target=\"_blank\" rel=\"noopener\"><img class=\"alignnone wp-image-3840\" src=\"https:\/\/www.ecolelasource.ch\/defi-source\/wp-content\/uploads\/sites\/8\/2023\/04\/ELCA_A_rgb_positive_72dpi.png\" alt=\"\" width=\"154\" height=\"158\" srcset=\"https:\/\/www.ecolelasource.ch\/defi-source\/wp-content\/uploads\/sites\/8\/2023\/04\/ELCA_A_rgb_positive_72dpi.png 284w, https:\/\/www.ecolelasource.ch\/defi-source\/wp-content\/uploads\/sites\/8\/2023\/04\/ELCA_A_rgb_positive_72dpi-40x40.png 40w\" sizes=\"(max-width: 154px) 100vw, 154px\" \/><\/a><\/p>\n<p>Plus sp\u00e9cifiquement, des experts des trois domaines ci-dessous seront pr\u00e9sents:<\/p>\n<ul>\n<li>UX (Exp\u00e9rience Utilisateur), UI (Interface Graphique), Web<\/li>\n<li>Cloud Public (H\u00e9bergement et fonctionnalit\u00e9s)<\/li>\n<li>S\u00e9curit\u00e9 des donn\u00e9es<\/li>\n<\/ul>\n<p>Une super opportunit\u00e9 pour les participants d&rsquo;acc\u00e9der gratuitement \u00e0 ces services et d&rsquo;int\u00e9grer d\u00e8s le d\u00e9but de leur projet un d\u00e9veloppement concret et une mod\u00e9lisation des aspects cl\u00e9s de leur solution, afin de les illustrer et les tester.<\/p>\n<p>&nbsp;<\/p>\n<p><span style=\"color: #e56240\"><strong>\ud83d\udc49<\/strong><strong> Conf\u00e9rence en ligne &#8211; vendredi 26 mai, de 12h30 \u00e0 13h30<\/strong><\/span><br \/>\n<em>Les menaces cyber auxquelles le monde m\u00e9dical et hospitalier doit faire face.<\/em><br \/>\n<em>A quoi dois-je penser en termes de CyberSecurit\u00e9 quand je d\u00e9marre un projet digital dans le domaine de la sant\u00e9?<\/em><\/p>\n<p>En plus des services mis \u00e0 disposition des participants durant le Bootcamp, ELCA organise une conf\u00e9rence en ligne ouverte \u00e0 toutes et tous sur les menaces cyber auxquelles le secteur de la sant\u00e9 doit faire face au quotidien. L&rsquo;occasion aussi d\u2019\u00e9voquer les autres aides que le FabLab ELCA apportera aux participants du Bootcamp.<\/p>\n<p>Les inscriptions sont closes.<\/p>\n<p>&nbsp;<\/p>\n<p><img class=\"aligncenter wp-image-4037\" src=\"https:\/\/www.ecolelasource.ch\/defi-source\/wp-content\/uploads\/sites\/8\/2023\/05\/ELCA_citation-300x150.png\" alt=\"\" width=\"800\" height=\"400\" srcset=\"https:\/\/www.ecolelasource.ch\/defi-source\/wp-content\/uploads\/sites\/8\/2023\/05\/ELCA_citation-300x150.png 300w, https:\/\/www.ecolelasource.ch\/defi-source\/wp-content\/uploads\/sites\/8\/2023\/05\/ELCA_citation-1024x512.png 1024w, https:\/\/www.ecolelasource.ch\/defi-source\/wp-content\/uploads\/sites\/8\/2023\/05\/ELCA_citation-768x384.png 768w, https:\/\/www.ecolelasource.ch\/defi-source\/wp-content\/uploads\/sites\/8\/2023\/05\/ELCA_citation-1536x768.png 1536w, https:\/\/www.ecolelasource.ch\/defi-source\/wp-content\/uploads\/sites\/8\/2023\/05\/ELCA_citation-2048x1024.png 2048w, https:\/\/www.ecolelasource.ch\/defi-source\/wp-content\/uploads\/sites\/8\/2023\/05\/ELCA_citation-767x384.png 767w\" sizes=\"(max-width: 800px) 100vw, 800px\" \/><\/p>\n<p>&nbsp;<\/p>\n","protected":false},"excerpt":{"rendered":"<p>Pour aider et accompagner les projets sur les aspects informatiques, les participants b\u00e9n\u00e9ficieront durant le Bootcamp de la pr\u00e9sence de plusieurs sp\u00e9cialistes de chez ELCA: Plus sp\u00e9cifiquement, des experts des trois domaines ci-dessous seront pr\u00e9sents: UX (Exp\u00e9rience Utilisateur), UI (Interface Graphique), Web Cloud Public (H\u00e9bergement et fonctionnalit\u00e9s) S\u00e9curit\u00e9 des donn\u00e9es Une super opportunit\u00e9 pour les [&hellip;]<\/p>\n","protected":false},"author":2559,"featured_media":0,"parent":0,"menu_order":0,"comment_status":"closed","ping_status":"closed","template":"","meta":[],"acf":[],"_links":{"self":[{"href":"https:\/\/www.ecolelasource.ch\/defi-source\/wp-json\/wp\/v2\/pages\/3839"}],"collection":[{"href":"https:\/\/www.ecolelasource.ch\/defi-source\/wp-json\/wp\/v2\/pages"}],"about":[{"href":"https:\/\/www.ecolelasource.ch\/defi-source\/wp-json\/wp\/v2\/types\/page"}],"author":[{"embeddable":true,"href":"https:\/\/www.ecolelasource.ch\/defi-source\/wp-json\/wp\/v2\/users\/2559"}],"replies":[{"embeddable":true,"href":"https:\/\/www.ecolelasource.ch\/defi-source\/wp-json\/wp\/v2\/comments?post=3839"}],"version-history":[{"count":11,"href":"https:\/\/www.ecolelasource.ch\/defi-source\/wp-json\/wp\/v2\/pages\/3839\/revisions"}],"predecessor-version":[{"id":4221,"href":"https:\/\/www.ecolelasource.ch\/defi-source\/wp-json\/wp\/v2\/pages\/3839\/revisions\/4221"}],"wp:attachment":[{"href":"https:\/\/www.ecolelasource.ch\/defi-source\/wp-json\/wp\/v2\/media?parent=3839"}],"curies":[{"name":"wp","href":"https:\/\/api.w.org\/{rel}","templated":true}]}}