
{"id":3816,"date":"2023-04-24T15:38:22","date_gmt":"2023-04-24T13:38:22","guid":{"rendered":"https:\/\/www.ecolelasource.ch\/defi-source\/?page_id=3816"},"modified":"2023-05-15T11:23:50","modified_gmt":"2023-05-15T09:23:50","slug":"fablablacliniquelasource","status":"publish","type":"page","link":"https:\/\/www.ecolelasource.ch\/defi-source\/fablablacliniquelasource\/","title":{"rendered":"FabLab by La Clinique de La Source"},"content":{"rendered":"<p>Le D\u00e9fi Source 2023 met \u00e0 disposition des participants du Bootcamp un FabLab soutenu par La Clinique de La Source. Il permettra aux \u00e9quipes de mod\u00e9liser les aspects cl\u00e9s de leur solution, afin de pouvoir concr\u00e8tement les illustrer et les tester.<\/p>\n<p>&nbsp;<\/p>\n<p><a href=\"https:\/\/www.lasource.ch\/\" target=\"_blank\" rel=\"noopener\"><img class=\"alignnone wp-image-3829\" src=\"https:\/\/www.ecolelasource.ch\/defi-source\/wp-content\/uploads\/sites\/8\/2023\/04\/CLS_New_logo-Generique-RVB_little-002_2-300x118.png\" alt=\"\" width=\"203\" height=\"80\" srcset=\"https:\/\/www.ecolelasource.ch\/defi-source\/wp-content\/uploads\/sites\/8\/2023\/04\/CLS_New_logo-Generique-RVB_little-002_2-300x118.png 300w, https:\/\/www.ecolelasource.ch\/defi-source\/wp-content\/uploads\/sites\/8\/2023\/04\/CLS_New_logo-Generique-RVB_little-002_2.png 472w\" sizes=\"(max-width: 203px) 100vw, 203px\" \/><\/a><\/p>\n<p>Venu des Etats-Unis \u00e0 la fin des ann\u00e9es 90 et contraction de l&rsquo;expression &#171;laboratoire de fabrication&#187;, un FabLab offre un espace stimulant de cr\u00e9ativit\u00e9, d&rsquo;inventivit\u00e9, de rencontres et d&rsquo;apprentissage autour d&rsquo;outils et de technologies de fabrication pour:<\/p>\n<p><img class=\"wp-image-3866 aligncenter\" src=\"https:\/\/www.ecolelasource.ch\/defi-source\/wp-content\/uploads\/sites\/8\/2023\/04\/Beige-Black-Geometric-Technology-LinkedIn-Banner-12-300x90.png\" alt=\"\" width=\"631\" height=\"189\" srcset=\"https:\/\/www.ecolelasource.ch\/defi-source\/wp-content\/uploads\/sites\/8\/2023\/04\/Beige-Black-Geometric-Technology-LinkedIn-Banner-12-300x90.png 300w, https:\/\/www.ecolelasource.ch\/defi-source\/wp-content\/uploads\/sites\/8\/2023\/04\/Beige-Black-Geometric-Technology-LinkedIn-Banner-12-1024x307.png 1024w, https:\/\/www.ecolelasource.ch\/defi-source\/wp-content\/uploads\/sites\/8\/2023\/04\/Beige-Black-Geometric-Technology-LinkedIn-Banner-12-768x230.png 768w, https:\/\/www.ecolelasource.ch\/defi-source\/wp-content\/uploads\/sites\/8\/2023\/04\/Beige-Black-Geometric-Technology-LinkedIn-Banner-12-1536x461.png 1536w, https:\/\/www.ecolelasource.ch\/defi-source\/wp-content\/uploads\/sites\/8\/2023\/04\/Beige-Black-Geometric-Technology-LinkedIn-Banner-12-767x230.png 767w, https:\/\/www.ecolelasource.ch\/defi-source\/wp-content\/uploads\/sites\/8\/2023\/04\/Beige-Black-Geometric-Technology-LinkedIn-Banner-12.png 2000w\" sizes=\"(max-width: 631px) 100vw, 631px\" \/><\/p>\n<p>&nbsp;<\/p>\n<p><strong>Plus sp\u00e9cifiquement, ce &#171;FabLab by La Clinique de La Source&#187;, proposera:<\/strong><\/p>\n<ul>\n<li>du mat\u00e9riel de bricolage de base : lego, papier, carton, crayons, p\u00e2te \u00e0 modeler,&#8230;<\/li>\n<li>un wireframer capable de designer des sch\u00e9mas, des maquettes,&#8230;<\/li>\n<li>des possibilit\u00e9s de fabrication en impression 3D et d\u00e9coupe laser.<\/li>\n<\/ul>\n<p><img class=\" wp-image-3918 aligncenter\" src=\"https:\/\/www.ecolelasource.ch\/defi-source\/wp-content\/uploads\/sites\/8\/2023\/04\/1234-300x165.jpg\" alt=\"\" width=\"574\" height=\"316\" srcset=\"https:\/\/www.ecolelasource.ch\/defi-source\/wp-content\/uploads\/sites\/8\/2023\/04\/1234-300x165.jpg 300w, https:\/\/www.ecolelasource.ch\/defi-source\/wp-content\/uploads\/sites\/8\/2023\/04\/1234-1024x565.jpg 1024w, https:\/\/www.ecolelasource.ch\/defi-source\/wp-content\/uploads\/sites\/8\/2023\/04\/1234-768x423.jpg 768w, https:\/\/www.ecolelasource.ch\/defi-source\/wp-content\/uploads\/sites\/8\/2023\/04\/1234-1536x847.jpg 1536w, https:\/\/www.ecolelasource.ch\/defi-source\/wp-content\/uploads\/sites\/8\/2023\/04\/1234-2048x1129.jpg 2048w, https:\/\/www.ecolelasource.ch\/defi-source\/wp-content\/uploads\/sites\/8\/2023\/04\/1234-767x423.jpg 767w, https:\/\/www.ecolelasource.ch\/defi-source\/wp-content\/uploads\/sites\/8\/2023\/04\/1234-600x330.jpg 600w\" sizes=\"(max-width: 574px) 100vw, 574px\" \/><\/p>\n<p>&nbsp;<\/p>\n<p><img class=\"wp-image-4012 aligncenter\" src=\"https:\/\/www.ecolelasource.ch\/defi-source\/wp-content\/uploads\/sites\/8\/2023\/05\/Temoignage_LaClinique_v2-300x150.png\" alt=\"\" width=\"764\" height=\"382\" srcset=\"https:\/\/www.ecolelasource.ch\/defi-source\/wp-content\/uploads\/sites\/8\/2023\/05\/Temoignage_LaClinique_v2-300x150.png 300w, https:\/\/www.ecolelasource.ch\/defi-source\/wp-content\/uploads\/sites\/8\/2023\/05\/Temoignage_LaClinique_v2-1024x512.png 1024w, https:\/\/www.ecolelasource.ch\/defi-source\/wp-content\/uploads\/sites\/8\/2023\/05\/Temoignage_LaClinique_v2-768x384.png 768w, https:\/\/www.ecolelasource.ch\/defi-source\/wp-content\/uploads\/sites\/8\/2023\/05\/Temoignage_LaClinique_v2-1536x768.png 1536w, https:\/\/www.ecolelasource.ch\/defi-source\/wp-content\/uploads\/sites\/8\/2023\/05\/Temoignage_LaClinique_v2-2048x1024.png 2048w, https:\/\/www.ecolelasource.ch\/defi-source\/wp-content\/uploads\/sites\/8\/2023\/05\/Temoignage_LaClinique_v2-767x384.png 767w\" sizes=\"(max-width: 764px) 100vw, 764px\" \/><\/p>\n<p>&nbsp;<\/p>\n","protected":false},"excerpt":{"rendered":"<p>Le D\u00e9fi Source 2023 met \u00e0 disposition des participants du Bootcamp un FabLab soutenu par La Clinique de La Source. Il permettra aux \u00e9quipes de mod\u00e9liser les aspects cl\u00e9s de leur solution, afin de pouvoir concr\u00e8tement les illustrer et les tester. &nbsp; Venu des Etats-Unis \u00e0 la fin des ann\u00e9es 90 et contraction de l&rsquo;expression [&hellip;]<\/p>\n","protected":false},"author":2559,"featured_media":0,"parent":0,"menu_order":0,"comment_status":"closed","ping_status":"closed","template":"","meta":[],"acf":[],"_links":{"self":[{"href":"https:\/\/www.ecolelasource.ch\/defi-source\/wp-json\/wp\/v2\/pages\/3816"}],"collection":[{"href":"https:\/\/www.ecolelasource.ch\/defi-source\/wp-json\/wp\/v2\/pages"}],"about":[{"href":"https:\/\/www.ecolelasource.ch\/defi-source\/wp-json\/wp\/v2\/types\/page"}],"author":[{"embeddable":true,"href":"https:\/\/www.ecolelasource.ch\/defi-source\/wp-json\/wp\/v2\/users\/2559"}],"replies":[{"embeddable":true,"href":"https:\/\/www.ecolelasource.ch\/defi-source\/wp-json\/wp\/v2\/comments?post=3816"}],"version-history":[{"count":11,"href":"https:\/\/www.ecolelasource.ch\/defi-source\/wp-json\/wp\/v2\/pages\/3816\/revisions"}],"predecessor-version":[{"id":4091,"href":"https:\/\/www.ecolelasource.ch\/defi-source\/wp-json\/wp\/v2\/pages\/3816\/revisions\/4091"}],"wp:attachment":[{"href":"https:\/\/www.ecolelasource.ch\/defi-source\/wp-json\/wp\/v2\/media?parent=3816"}],"curies":[{"name":"wp","href":"https:\/\/api.w.org\/{rel}","templated":true}]}}