
{"id":3716,"date":"2023-04-19T11:44:28","date_gmt":"2023-04-19T09:44:28","guid":{"rendered":"https:\/\/www.ecolelasource.ch\/defi-source\/?page_id=3716"},"modified":"2023-06-12T13:54:24","modified_gmt":"2023-06-12T11:54:24","slug":"prix2023detail","status":"publish","type":"page","link":"https:\/\/www.ecolelasource.ch\/defi-source\/prix2023detail\/","title":{"rendered":"D\u00e9tail des prix 2023"},"content":{"rendered":"<p><b>Des prix attractifs pour accompagner les projets<\/b><br \/>\n9 prix d\u00e9cern\u00e9s par des entreprises et institutions de renom sont \u00e0 gagner en 2023!<br \/>\nIls apportent aux \u00e9quipes gagnantes des outils, aides, suivis, conseils, expertises,&#8230; pour leur permettre de d\u00e9velopper leurs projets au-del\u00e0 du D\u00e9fi Source.<\/p>\n<p>\u00c0 360\u00b0 et pour une valeur totale d&rsquo;environ CHF 35&rsquo;000.-, les prix 2023 offrent une large vari\u00e9t\u00e9 de soutien et r\u00e9pondent \u00e0 de nombreux besoins. De v\u00e9ritables tremplins pour transformer les id\u00e9es et projets en de nouvelles solutions pour le terrain.<\/p>\n<p>&nbsp;<\/p>\n<p><img class=\"alignnone wp-image-3793\" style=\"font-weight: inherit\" src=\"https:\/\/www.ecolelasource.ch\/defi-source\/wp-content\/uploads\/sites\/8\/2023\/04\/2-1-212x300.png\" alt=\"\" width=\"315\" height=\"446\" srcset=\"https:\/\/www.ecolelasource.ch\/defi-source\/wp-content\/uploads\/sites\/8\/2023\/04\/2-1-212x300.png 212w, https:\/\/www.ecolelasource.ch\/defi-source\/wp-content\/uploads\/sites\/8\/2023\/04\/2-1-724x1024.png 724w, https:\/\/www.ecolelasource.ch\/defi-source\/wp-content\/uploads\/sites\/8\/2023\/04\/2-1-768x1086.png 768w, https:\/\/www.ecolelasource.ch\/defi-source\/wp-content\/uploads\/sites\/8\/2023\/04\/2-1-1086x1536.png 1086w, https:\/\/www.ecolelasource.ch\/defi-source\/wp-content\/uploads\/sites\/8\/2023\/04\/2-1-1448x2048.png 1448w, https:\/\/www.ecolelasource.ch\/defi-source\/wp-content\/uploads\/sites\/8\/2023\/04\/2-1-767x1085.png 767w, https:\/\/www.ecolelasource.ch\/defi-source\/wp-content\/uploads\/sites\/8\/2023\/04\/2-1.png 1587w\" sizes=\"(max-width: 315px) 100vw, 315px\" \/>\u00a0 \u00a0<img class=\"alignnone wp-image-3792\" style=\"font-weight: inherit\" src=\"https:\/\/www.ecolelasource.ch\/defi-source\/wp-content\/uploads\/sites\/8\/2023\/04\/12-212x300.png\" alt=\"\" width=\"315\" height=\"446\" srcset=\"https:\/\/www.ecolelasource.ch\/defi-source\/wp-content\/uploads\/sites\/8\/2023\/04\/12-212x300.png 212w, https:\/\/www.ecolelasource.ch\/defi-source\/wp-content\/uploads\/sites\/8\/2023\/04\/12-724x1024.png 724w, https:\/\/www.ecolelasource.ch\/defi-source\/wp-content\/uploads\/sites\/8\/2023\/04\/12-768x1086.png 768w, https:\/\/www.ecolelasource.ch\/defi-source\/wp-content\/uploads\/sites\/8\/2023\/04\/12-1086x1536.png 1086w, https:\/\/www.ecolelasource.ch\/defi-source\/wp-content\/uploads\/sites\/8\/2023\/04\/12-1448x2048.png 1448w, https:\/\/www.ecolelasource.ch\/defi-source\/wp-content\/uploads\/sites\/8\/2023\/04\/12-767x1085.png 767w, https:\/\/www.ecolelasource.ch\/defi-source\/wp-content\/uploads\/sites\/8\/2023\/04\/12.png 1587w\" sizes=\"(max-width: 315px) 100vw, 315px\" \/>\u00a0 \u00a0<a href=\"http:\/\/business.cransmontana.ch\" target=\"_blank\" rel=\"noopener\"><img class=\"alignnone wp-image-3790\" style=\"font-weight: inherit\" src=\"https:\/\/www.ecolelasource.ch\/defi-source\/wp-content\/uploads\/sites\/8\/2023\/04\/Crans-montana-212x300.png\" alt=\"\" width=\"315\" height=\"446\" srcset=\"https:\/\/www.ecolelasource.ch\/defi-source\/wp-content\/uploads\/sites\/8\/2023\/04\/Crans-montana-212x300.png 212w, https:\/\/www.ecolelasource.ch\/defi-source\/wp-content\/uploads\/sites\/8\/2023\/04\/Crans-montana-724x1024.png 724w, https:\/\/www.ecolelasource.ch\/defi-source\/wp-content\/uploads\/sites\/8\/2023\/04\/Crans-montana-768x1086.png 768w, https:\/\/www.ecolelasource.ch\/defi-source\/wp-content\/uploads\/sites\/8\/2023\/04\/Crans-montana-1086x1536.png 1086w, https:\/\/www.ecolelasource.ch\/defi-source\/wp-content\/uploads\/sites\/8\/2023\/04\/Crans-montana-1448x2048.png 1448w, https:\/\/www.ecolelasource.ch\/defi-source\/wp-content\/uploads\/sites\/8\/2023\/04\/Crans-montana-767x1085.png 767w, https:\/\/www.ecolelasource.ch\/defi-source\/wp-content\/uploads\/sites\/8\/2023\/04\/Crans-montana.png 1587w\" sizes=\"(max-width: 315px) 100vw, 315px\" \/><\/a><span style=\"font-weight: inherit\">\u00a0 \u00a0 <\/span><img class=\"alignnone wp-image-3783\" style=\"font-weight: inherit\" src=\"https:\/\/www.ecolelasource.ch\/defi-source\/wp-content\/uploads\/sites\/8\/2023\/04\/5-212x300.png\" alt=\"\" width=\"315\" height=\"446\" srcset=\"https:\/\/www.ecolelasource.ch\/defi-source\/wp-content\/uploads\/sites\/8\/2023\/04\/5-212x300.png 212w, https:\/\/www.ecolelasource.ch\/defi-source\/wp-content\/uploads\/sites\/8\/2023\/04\/5-724x1024.png 724w, https:\/\/www.ecolelasource.ch\/defi-source\/wp-content\/uploads\/sites\/8\/2023\/04\/5-768x1086.png 768w, https:\/\/www.ecolelasource.ch\/defi-source\/wp-content\/uploads\/sites\/8\/2023\/04\/5-1086x1536.png 1086w, https:\/\/www.ecolelasource.ch\/defi-source\/wp-content\/uploads\/sites\/8\/2023\/04\/5-1448x2048.png 1448w, https:\/\/www.ecolelasource.ch\/defi-source\/wp-content\/uploads\/sites\/8\/2023\/04\/5-767x1085.png 767w, https:\/\/www.ecolelasource.ch\/defi-source\/wp-content\/uploads\/sites\/8\/2023\/04\/5.png 1587w\" sizes=\"(max-width: 315px) 100vw, 315px\" \/><span style=\"font-weight: inherit\">\u00a0 \u00a0<\/span><img class=\"alignnone wp-image-3784\" style=\"font-weight: inherit\" src=\"https:\/\/www.ecolelasource.ch\/defi-source\/wp-content\/uploads\/sites\/8\/2023\/04\/6-2-212x300.png\" alt=\"\" width=\"315\" height=\"446\" srcset=\"https:\/\/www.ecolelasource.ch\/defi-source\/wp-content\/uploads\/sites\/8\/2023\/04\/6-2-212x300.png 212w, https:\/\/www.ecolelasource.ch\/defi-source\/wp-content\/uploads\/sites\/8\/2023\/04\/6-2-724x1024.png 724w, https:\/\/www.ecolelasource.ch\/defi-source\/wp-content\/uploads\/sites\/8\/2023\/04\/6-2-768x1086.png 768w, https:\/\/www.ecolelasource.ch\/defi-source\/wp-content\/uploads\/sites\/8\/2023\/04\/6-2-1086x1536.png 1086w, https:\/\/www.ecolelasource.ch\/defi-source\/wp-content\/uploads\/sites\/8\/2023\/04\/6-2-1448x2048.png 1448w, https:\/\/www.ecolelasource.ch\/defi-source\/wp-content\/uploads\/sites\/8\/2023\/04\/6-2-767x1085.png 767w, https:\/\/www.ecolelasource.ch\/defi-source\/wp-content\/uploads\/sites\/8\/2023\/04\/6-2.png 1587w\" sizes=\"(max-width: 315px) 100vw, 315px\" \/><span style=\"font-weight: inherit\">\u00a0 \u00a0<img class=\"alignnone wp-image-3891\" src=\"https:\/\/www.ecolelasource.ch\/defi-source\/wp-content\/uploads\/sites\/8\/2023\/04\/Prix_multipleglobaldesign_v2-212x300.png\" alt=\"\" width=\"315\" height=\"446\" srcset=\"https:\/\/www.ecolelasource.ch\/defi-source\/wp-content\/uploads\/sites\/8\/2023\/04\/Prix_multipleglobaldesign_v2-212x300.png 212w, https:\/\/www.ecolelasource.ch\/defi-source\/wp-content\/uploads\/sites\/8\/2023\/04\/Prix_multipleglobaldesign_v2-724x1024.png 724w, https:\/\/www.ecolelasource.ch\/defi-source\/wp-content\/uploads\/sites\/8\/2023\/04\/Prix_multipleglobaldesign_v2-768x1086.png 768w, https:\/\/www.ecolelasource.ch\/defi-source\/wp-content\/uploads\/sites\/8\/2023\/04\/Prix_multipleglobaldesign_v2-1086x1536.png 1086w, https:\/\/www.ecolelasource.ch\/defi-source\/wp-content\/uploads\/sites\/8\/2023\/04\/Prix_multipleglobaldesign_v2-1448x2048.png 1448w, https:\/\/www.ecolelasource.ch\/defi-source\/wp-content\/uploads\/sites\/8\/2023\/04\/Prix_multipleglobaldesign_v2-767x1085.png 767w, https:\/\/www.ecolelasource.ch\/defi-source\/wp-content\/uploads\/sites\/8\/2023\/04\/Prix_multipleglobaldesign_v2.png 1587w\" sizes=\"(max-width: 315px) 100vw, 315px\" \/><\/span><span style=\"font-weight: inherit\">\u00a0 \u00a0\u00a0<\/span><img class=\"alignnone wp-image-3787\" style=\"font-weight: inherit\" src=\"https:\/\/www.ecolelasource.ch\/defi-source\/wp-content\/uploads\/sites\/8\/2023\/04\/9-212x300.png\" alt=\"\" width=\"315\" height=\"446\" srcset=\"https:\/\/www.ecolelasource.ch\/defi-source\/wp-content\/uploads\/sites\/8\/2023\/04\/9-212x300.png 212w, https:\/\/www.ecolelasource.ch\/defi-source\/wp-content\/uploads\/sites\/8\/2023\/04\/9-724x1024.png 724w, https:\/\/www.ecolelasource.ch\/defi-source\/wp-content\/uploads\/sites\/8\/2023\/04\/9-768x1086.png 768w, https:\/\/www.ecolelasource.ch\/defi-source\/wp-content\/uploads\/sites\/8\/2023\/04\/9-1086x1536.png 1086w, https:\/\/www.ecolelasource.ch\/defi-source\/wp-content\/uploads\/sites\/8\/2023\/04\/9-1448x2048.png 1448w, https:\/\/www.ecolelasource.ch\/defi-source\/wp-content\/uploads\/sites\/8\/2023\/04\/9-767x1085.png 767w, https:\/\/www.ecolelasource.ch\/defi-source\/wp-content\/uploads\/sites\/8\/2023\/04\/9.png 1587w\" sizes=\"(max-width: 315px) 100vw, 315px\" \/><span style=\"font-weight: inherit\">\u00a0 \u00a0<\/span><img class=\"alignnone wp-image-3788\" style=\"font-weight: inherit\" src=\"https:\/\/www.ecolelasource.ch\/defi-source\/wp-content\/uploads\/sites\/8\/2023\/04\/10-212x300.png\" alt=\"\" width=\"315\" height=\"446\" srcset=\"https:\/\/www.ecolelasource.ch\/defi-source\/wp-content\/uploads\/sites\/8\/2023\/04\/10-212x300.png 212w, https:\/\/www.ecolelasource.ch\/defi-source\/wp-content\/uploads\/sites\/8\/2023\/04\/10-724x1024.png 724w, https:\/\/www.ecolelasource.ch\/defi-source\/wp-content\/uploads\/sites\/8\/2023\/04\/10-768x1086.png 768w, https:\/\/www.ecolelasource.ch\/defi-source\/wp-content\/uploads\/sites\/8\/2023\/04\/10-1086x1536.png 1086w, https:\/\/www.ecolelasource.ch\/defi-source\/wp-content\/uploads\/sites\/8\/2023\/04\/10-1448x2048.png 1448w, https:\/\/www.ecolelasource.ch\/defi-source\/wp-content\/uploads\/sites\/8\/2023\/04\/10-767x1085.png 767w, https:\/\/www.ecolelasource.ch\/defi-source\/wp-content\/uploads\/sites\/8\/2023\/04\/10.png 1587w\" sizes=\"(max-width: 315px) 100vw, 315px\" \/><span style=\"font-weight: inherit\">\u00a0 \u00a0<\/span><img class=\"alignnone wp-image-3785\" style=\"font-weight: inherit\" src=\"https:\/\/www.ecolelasource.ch\/defi-source\/wp-content\/uploads\/sites\/8\/2023\/04\/7-212x300.png\" alt=\"\" width=\"315\" height=\"446\" srcset=\"https:\/\/www.ecolelasource.ch\/defi-source\/wp-content\/uploads\/sites\/8\/2023\/04\/7-212x300.png 212w, https:\/\/www.ecolelasource.ch\/defi-source\/wp-content\/uploads\/sites\/8\/2023\/04\/7-724x1024.png 724w, https:\/\/www.ecolelasource.ch\/defi-source\/wp-content\/uploads\/sites\/8\/2023\/04\/7-768x1086.png 768w, https:\/\/www.ecolelasource.ch\/defi-source\/wp-content\/uploads\/sites\/8\/2023\/04\/7-1086x1536.png 1086w, https:\/\/www.ecolelasource.ch\/defi-source\/wp-content\/uploads\/sites\/8\/2023\/04\/7-1448x2048.png 1448w, https:\/\/www.ecolelasource.ch\/defi-source\/wp-content\/uploads\/sites\/8\/2023\/04\/7-767x1085.png 767w, https:\/\/www.ecolelasource.ch\/defi-source\/wp-content\/uploads\/sites\/8\/2023\/04\/7.png 1587w\" sizes=\"(max-width: 315px) 100vw, 315px\" \/><span style=\"font-weight: inherit\">\u00a0 \u00a0 <\/span><span style=\"font-weight: inherit\">\u00a0 \u00a0\u00a0<\/span><\/p>\n<p>&nbsp;<\/p>\n<p><span style=\"font-weight: inherit\">\u00a0<\/span><strong>D\u00e9signation des laur\u00e9ats<\/strong><\/p>\n<ul>\n<li><span style=\"font-weight: inherit\">Le Prix du Jury sera octroy\u00e9 par les membres du Jury du D Day.<\/span><\/li>\n<li><span style=\"font-weight: inherit\">Le Prix du Public sera donn\u00e9 \u00e0 l&rsquo;\u00e9quipe qui obtiendra le plus de votes en ligne.<\/span><\/li>\n<li>Le Prix du Jury et le Prix du Public seront compl\u00e9t\u00e9s par 6 heures de coaching entrepreneurial offertes par:<\/li>\n<\/ul>\n<p><img class=\"alignnone wp-image-3439\" src=\"https:\/\/www.ecolelasource.ch\/defi-source\/wp-content\/uploads\/sites\/8\/2023\/03\/genilem_rectangle3-300x90.png\" alt=\"\" width=\"277\" height=\"83\" srcset=\"https:\/\/www.ecolelasource.ch\/defi-source\/wp-content\/uploads\/sites\/8\/2023\/03\/genilem_rectangle3-300x90.png 300w, https:\/\/www.ecolelasource.ch\/defi-source\/wp-content\/uploads\/sites\/8\/2023\/03\/genilem_rectangle3.png 508w\" sizes=\"(max-width: 277px) 100vw, 277px\" \/><\/p>\n<ul>\n<li>Les entreprises qui remettent un prix en leur nom choisissent l&rsquo;\u00e9quipe \u00e0 qui elles souhaitent remettre leur prix. Un prix d\u2019entreprise pourrait ne pas \u00eatre attribu\u00e9, dans le cas o\u00f9 les crit\u00e8res de s\u00e9lection ne sont remplis par aucun projet<\/li>\n<\/ul>\n<p>&nbsp;<\/p>\n<p><span style=\"font-weight: inherit\">Remarque: <\/span><span style=\"font-weight: inherit\">une \u00e9quipe peut recevoir plusieurs prix.<\/span><\/p>\n<p>&nbsp;<\/p>\n<p><strong>Le D\u00e9fi Source, c\u2019est aussi\u2026<\/strong><br \/>\nL\u2019occasion d\u2019acc\u00e9der \u00e0 un nouveau r\u00e9seau, de suivre des formations gratuites, d\u2019acqu\u00e9rir une boite \u00e0 outils en gestion de projets innovants, d\u2019apprendre \u00e0 parler en public, de cr\u00e9er une entreprise, de s\u2019amuser en travaillant et surtout\u2026 de vivre une nouvelle aventure humaine.<br \/>\n\ud83d\udc49 Alors vite, rejoignez l\u2019aventure et inscrivez-vous <a href=\"https:\/\/defi-source.sparkboard.com\/\" target=\"_blank\" rel=\"noopener\">sur la plateforme en ligne ici<\/a>!<\/p>\n","protected":false},"excerpt":{"rendered":"<p>Des prix attractifs pour accompagner les projets 9 prix d\u00e9cern\u00e9s par des entreprises et institutions de renom sont \u00e0 gagner en 2023! Ils apportent aux \u00e9quipes gagnantes des outils, aides, suivis, conseils, expertises,&#8230; pour leur permettre de d\u00e9velopper leurs projets au-del\u00e0 du D\u00e9fi Source. \u00c0 360\u00b0 et pour une valeur totale d&rsquo;environ CHF 35&rsquo;000.-, les [&hellip;]<\/p>\n","protected":false},"author":2559,"featured_media":0,"parent":0,"menu_order":0,"comment_status":"closed","ping_status":"closed","template":"","meta":[],"acf":[],"_links":{"self":[{"href":"https:\/\/www.ecolelasource.ch\/defi-source\/wp-json\/wp\/v2\/pages\/3716"}],"collection":[{"href":"https:\/\/www.ecolelasource.ch\/defi-source\/wp-json\/wp\/v2\/pages"}],"about":[{"href":"https:\/\/www.ecolelasource.ch\/defi-source\/wp-json\/wp\/v2\/types\/page"}],"author":[{"embeddable":true,"href":"https:\/\/www.ecolelasource.ch\/defi-source\/wp-json\/wp\/v2\/users\/2559"}],"replies":[{"embeddable":true,"href":"https:\/\/www.ecolelasource.ch\/defi-source\/wp-json\/wp\/v2\/comments?post=3716"}],"version-history":[{"count":10,"href":"https:\/\/www.ecolelasource.ch\/defi-source\/wp-json\/wp\/v2\/pages\/3716\/revisions"}],"predecessor-version":[{"id":4391,"href":"https:\/\/www.ecolelasource.ch\/defi-source\/wp-json\/wp\/v2\/pages\/3716\/revisions\/4391"}],"wp:attachment":[{"href":"https:\/\/www.ecolelasource.ch\/defi-source\/wp-json\/wp\/v2\/media?parent=3716"}],"curies":[{"name":"wp","href":"https:\/\/api.w.org\/{rel}","templated":true}]}}