
{"id":3288,"date":"2023-03-25T09:44:50","date_gmt":"2023-03-25T08:44:50","guid":{"rendered":"https:\/\/www.ecolelasource.ch\/defi-source\/?page_id=3288"},"modified":"2023-06-12T13:58:45","modified_gmt":"2023-06-12T11:58:45","slug":"partenairesprix2023","status":"publish","type":"page","link":"https:\/\/www.ecolelasource.ch\/defi-source\/partenairesprix2023\/","title":{"rendered":"Partenaires des prix 2023"},"content":{"rendered":"<p>En 2023, 9 prix sont d\u00e9cern\u00e9s par des entreprises et organisations priv\u00e9es et publiques suisses.<br \/>\nIls permettent d\u2019accompagner le projet au-del\u00e0 de l\u2019\u00e9v\u00e9nement pour l\u2019aider dans son d\u00e9veloppement et sa concr\u00e9tisation, avec des heures de conseil, du coaching, du brainstorming, la mise \u00e0 disposition d&rsquo;environnements de travail dynamiques, la possibilit\u00e9 de pr\u00e9senter le projet devant des investisseurs, un s\u00e9jour en station,&#8230;<\/p>\n<p>&nbsp;<\/p>\n<p><strong>7 prix entreprises offerts par:<\/strong><br \/>\n<a href=\"http:\/\/business.cransmontana.ch\" target=\"_blank\" rel=\"noopener\"><img class=\"alignnone wp-image-3289\" src=\"https:\/\/www.ecolelasource.ch\/defi-source\/wp-content\/uploads\/sites\/8\/2023\/03\/ACCM_carre-300x300.png\" alt=\"\" width=\"301\" height=\"301\" srcset=\"https:\/\/www.ecolelasource.ch\/defi-source\/wp-content\/uploads\/sites\/8\/2023\/03\/ACCM_carre-300x300.png 300w, https:\/\/www.ecolelasource.ch\/defi-source\/wp-content\/uploads\/sites\/8\/2023\/03\/ACCM_carre-200x200.png 200w, https:\/\/www.ecolelasource.ch\/defi-source\/wp-content\/uploads\/sites\/8\/2023\/03\/ACCM_carre-40x40.png 40w, https:\/\/www.ecolelasource.ch\/defi-source\/wp-content\/uploads\/sites\/8\/2023\/03\/ACCM_carre-60x60.png 60w, https:\/\/www.ecolelasource.ch\/defi-source\/wp-content\/uploads\/sites\/8\/2023\/03\/ACCM_carre.png 505w\" sizes=\"(max-width: 301px) 100vw, 301px\" \/><\/a><a href=\"https:\/\/www.ehl.edu\/\" target=\"_blank\" rel=\"noopener\"><img class=\"alignnone wp-image-3295 size-medium\" src=\"https:\/\/www.ecolelasource.ch\/defi-source\/wp-content\/uploads\/sites\/8\/2023\/03\/Ehl_carre_2-300x300.png\" alt=\"\" width=\"300\" height=\"300\" srcset=\"https:\/\/www.ecolelasource.ch\/defi-source\/wp-content\/uploads\/sites\/8\/2023\/03\/Ehl_carre_2-300x300.png 300w, https:\/\/www.ecolelasource.ch\/defi-source\/wp-content\/uploads\/sites\/8\/2023\/03\/Ehl_carre_2-200x200.png 200w, https:\/\/www.ecolelasource.ch\/defi-source\/wp-content\/uploads\/sites\/8\/2023\/03\/Ehl_carre_2-40x40.png 40w, https:\/\/www.ecolelasource.ch\/defi-source\/wp-content\/uploads\/sites\/8\/2023\/03\/Ehl_carre_2-60x60.png 60w, https:\/\/www.ecolelasource.ch\/defi-source\/wp-content\/uploads\/sites\/8\/2023\/03\/Ehl_carre_2.png 505w\" sizes=\"(max-width: 300px) 100vw, 300px\" \/><\/a><a href=\"https:\/\/heig-vd.ch\/\" target=\"_blank\" rel=\"noopener\"><img class=\"alignnone wp-image-3355\" src=\"https:\/\/www.ecolelasource.ch\/defi-source\/wp-content\/uploads\/sites\/8\/2023\/03\/HEIG_carre2-292x300.png\" alt=\"\" width=\"299\" height=\"307\" srcset=\"https:\/\/www.ecolelasource.ch\/defi-source\/wp-content\/uploads\/sites\/8\/2023\/03\/HEIG_carre2-292x300.png 292w, https:\/\/www.ecolelasource.ch\/defi-source\/wp-content\/uploads\/sites\/8\/2023\/03\/HEIG_carre2-40x40.png 40w, https:\/\/www.ecolelasource.ch\/defi-source\/wp-content\/uploads\/sites\/8\/2023\/03\/HEIG_carre2.png 461w\" sizes=\"(max-width: 299px) 100vw, 299px\" \/><\/a><a href=\"https:\/\/www.multiple-design.ch\" target=\"_blank\" rel=\"noopener\"><img class=\"alignnone wp-image-3380 size-medium\" src=\"https:\/\/www.ecolelasource.ch\/defi-source\/wp-content\/uploads\/sites\/8\/2023\/03\/MGD_carre-300x300.png\" alt=\"\" width=\"300\" height=\"300\" srcset=\"https:\/\/www.ecolelasource.ch\/defi-source\/wp-content\/uploads\/sites\/8\/2023\/03\/MGD_carre-300x300.png 300w, https:\/\/www.ecolelasource.ch\/defi-source\/wp-content\/uploads\/sites\/8\/2023\/03\/MGD_carre-200x200.png 200w, https:\/\/www.ecolelasource.ch\/defi-source\/wp-content\/uploads\/sites\/8\/2023\/03\/MGD_carre-40x40.png 40w, https:\/\/www.ecolelasource.ch\/defi-source\/wp-content\/uploads\/sites\/8\/2023\/03\/MGD_carre-60x60.png 60w, https:\/\/www.ecolelasource.ch\/defi-source\/wp-content\/uploads\/sites\/8\/2023\/03\/MGD_carre.png 505w\" sizes=\"(max-width: 300px) 100vw, 300px\" \/><\/a><a href=\"https:\/\/www.se-vaud.ch\/\" target=\"_blank\" rel=\"noopener\"><img class=\"alignnone wp-image-3388 size-medium\" src=\"https:\/\/www.ecolelasource.ch\/defi-source\/wp-content\/uploads\/sites\/8\/2023\/03\/SE_carre-300x300.png\" alt=\"\" width=\"300\" height=\"300\" srcset=\"https:\/\/www.ecolelasource.ch\/defi-source\/wp-content\/uploads\/sites\/8\/2023\/03\/SE_carre-300x300.png 300w, https:\/\/www.ecolelasource.ch\/defi-source\/wp-content\/uploads\/sites\/8\/2023\/03\/SE_carre-200x200.png 200w, https:\/\/www.ecolelasource.ch\/defi-source\/wp-content\/uploads\/sites\/8\/2023\/03\/SE_carre-40x40.png 40w, https:\/\/www.ecolelasource.ch\/defi-source\/wp-content\/uploads\/sites\/8\/2023\/03\/SE_carre-60x60.png 60w, https:\/\/www.ecolelasource.ch\/defi-source\/wp-content\/uploads\/sites\/8\/2023\/03\/SE_carre.png 505w\" sizes=\"(max-width: 300px) 100vw, 300px\" \/><\/a><a href=\"https:\/\/www.thinksport.org\/fr\/\" target=\"_blank\" rel=\"noopener\"><img class=\"alignnone wp-image-3396 size-medium\" src=\"https:\/\/www.ecolelasource.ch\/defi-source\/wp-content\/uploads\/sites\/8\/2023\/03\/Thinksport_carre-300x300.png\" alt=\"\" width=\"300\" height=\"300\" srcset=\"https:\/\/www.ecolelasource.ch\/defi-source\/wp-content\/uploads\/sites\/8\/2023\/03\/Thinksport_carre-300x300.png 300w, https:\/\/www.ecolelasource.ch\/defi-source\/wp-content\/uploads\/sites\/8\/2023\/03\/Thinksport_carre-200x200.png 200w, https:\/\/www.ecolelasource.ch\/defi-source\/wp-content\/uploads\/sites\/8\/2023\/03\/Thinksport_carre-40x40.png 40w, https:\/\/www.ecolelasource.ch\/defi-source\/wp-content\/uploads\/sites\/8\/2023\/03\/Thinksport_carre-60x60.png 60w, https:\/\/www.ecolelasource.ch\/defi-source\/wp-content\/uploads\/sites\/8\/2023\/03\/Thinksport_carre.png 505w\" sizes=\"(max-width: 300px) 100vw, 300px\" \/><\/a><a href=\"https:\/\/www.unisante.ch\/fr\" target=\"_blank\" rel=\"noopener\"><img class=\"alignnone wp-image-3402 size-medium\" src=\"https:\/\/www.ecolelasource.ch\/defi-source\/wp-content\/uploads\/sites\/8\/2023\/03\/unisante_carre-300x300.png\" alt=\"\" width=\"300\" height=\"300\" srcset=\"https:\/\/www.ecolelasource.ch\/defi-source\/wp-content\/uploads\/sites\/8\/2023\/03\/unisante_carre-300x300.png 300w, https:\/\/www.ecolelasource.ch\/defi-source\/wp-content\/uploads\/sites\/8\/2023\/03\/unisante_carre-200x200.png 200w, https:\/\/www.ecolelasource.ch\/defi-source\/wp-content\/uploads\/sites\/8\/2023\/03\/unisante_carre-40x40.png 40w, https:\/\/www.ecolelasource.ch\/defi-source\/wp-content\/uploads\/sites\/8\/2023\/03\/unisante_carre-60x60.png 60w, https:\/\/www.ecolelasource.ch\/defi-source\/wp-content\/uploads\/sites\/8\/2023\/03\/unisante_carre.png 505w\" sizes=\"(max-width: 300px) 100vw, 300px\" \/><\/a><\/p>\n<p><b>Prix du Jury &#8211; Prix coup de c\u0153ur offert par:<\/b><\/p>\n<p><a href=\"https:\/\/www.biopole.ch\" target=\"_blank\" rel=\"noopener\"><img class=\"alignnone wp-image-3438\" src=\"https:\/\/www.ecolelasource.ch\/defi-source\/wp-content\/uploads\/sites\/8\/2023\/03\/biopole_rectangle8-300x90.png\" alt=\"\" width=\"386\" height=\"116\" srcset=\"https:\/\/www.ecolelasource.ch\/defi-source\/wp-content\/uploads\/sites\/8\/2023\/03\/biopole_rectangle8-300x90.png 300w, https:\/\/www.ecolelasource.ch\/defi-source\/wp-content\/uploads\/sites\/8\/2023\/03\/biopole_rectangle8.png 508w\" sizes=\"(max-width: 386px) 100vw, 386px\" \/><\/a><\/p>\n<p><strong>Prix du Public<\/strong><\/p>\n<p><a href=\"https:\/\/www.vygon.ch\/fr\/\" target=\"_blank\" rel=\"noopener\"><img class=\"alignnone wp-image-3685\" src=\"https:\/\/www.ecolelasource.ch\/defi-source\/wp-content\/uploads\/sites\/8\/2023\/04\/Vygon_1-300x90.png\" alt=\"\" width=\"383\" height=\"115\" srcset=\"https:\/\/www.ecolelasource.ch\/defi-source\/wp-content\/uploads\/sites\/8\/2023\/04\/Vygon_1-300x90.png 300w, https:\/\/www.ecolelasource.ch\/defi-source\/wp-content\/uploads\/sites\/8\/2023\/04\/Vygon_1.png 508w\" sizes=\"(max-width: 383px) 100vw, 383px\" \/><\/a><\/p>\n<p><strong>Bonus<\/strong><br \/>\nLes prix du Jury et du public recevront en plus des heures de coaching entrepreneurial par:<\/p>\n<p><a href=\"https:\/\/genilem.ch\/\" target=\"_blank\" rel=\"noopener\"><img class=\"alignnone wp-image-3439\" src=\"https:\/\/www.ecolelasource.ch\/defi-source\/wp-content\/uploads\/sites\/8\/2023\/03\/genilem_rectangle3-300x90.png\" alt=\"\" width=\"394\" height=\"118\" srcset=\"https:\/\/www.ecolelasource.ch\/defi-source\/wp-content\/uploads\/sites\/8\/2023\/03\/genilem_rectangle3-300x90.png 300w, https:\/\/www.ecolelasource.ch\/defi-source\/wp-content\/uploads\/sites\/8\/2023\/03\/genilem_rectangle3.png 508w\" sizes=\"(max-width: 394px) 100vw, 394px\" \/><\/a><\/p>\n<p>\ud83d\udc49 <a href=\"https:\/\/www.ecolelasource.ch\/defi-source\/prix2023detail\/\" target=\"_blank\" rel=\"noopener\">Retrouver le d\u00e9tail des prix 2023 ici !<\/a><\/p>\n","protected":false},"excerpt":{"rendered":"<p>En 2023, 9 prix sont d\u00e9cern\u00e9s par des entreprises et organisations priv\u00e9es et publiques suisses. Ils permettent d\u2019accompagner le projet au-del\u00e0 de l\u2019\u00e9v\u00e9nement pour l\u2019aider dans son d\u00e9veloppement et sa concr\u00e9tisation, avec des heures de conseil, du coaching, du brainstorming, la mise \u00e0 disposition d&rsquo;environnements de travail dynamiques, la possibilit\u00e9 de pr\u00e9senter le projet devant [&hellip;]<\/p>\n","protected":false},"author":2559,"featured_media":0,"parent":0,"menu_order":0,"comment_status":"closed","ping_status":"closed","template":"","meta":[],"acf":[],"_links":{"self":[{"href":"https:\/\/www.ecolelasource.ch\/defi-source\/wp-json\/wp\/v2\/pages\/3288"}],"collection":[{"href":"https:\/\/www.ecolelasource.ch\/defi-source\/wp-json\/wp\/v2\/pages"}],"about":[{"href":"https:\/\/www.ecolelasource.ch\/defi-source\/wp-json\/wp\/v2\/types\/page"}],"author":[{"embeddable":true,"href":"https:\/\/www.ecolelasource.ch\/defi-source\/wp-json\/wp\/v2\/users\/2559"}],"replies":[{"embeddable":true,"href":"https:\/\/www.ecolelasource.ch\/defi-source\/wp-json\/wp\/v2\/comments?post=3288"}],"version-history":[{"count":10,"href":"https:\/\/www.ecolelasource.ch\/defi-source\/wp-json\/wp\/v2\/pages\/3288\/revisions"}],"predecessor-version":[{"id":4393,"href":"https:\/\/www.ecolelasource.ch\/defi-source\/wp-json\/wp\/v2\/pages\/3288\/revisions\/4393"}],"wp:attachment":[{"href":"https:\/\/www.ecolelasource.ch\/defi-source\/wp-json\/wp\/v2\/media?parent=3288"}],"curies":[{"name":"wp","href":"https:\/\/api.w.org\/{rel}","templated":true}]}}