
{"id":2753,"date":"2023-01-17T14:26:39","date_gmt":"2023-01-17T13:26:39","guid":{"rendered":"https:\/\/www.ecolelasource.ch\/defi-source\/?page_id=2753"},"modified":"2023-06-11T15:48:54","modified_gmt":"2023-06-11T13:48:54","slug":"sponsors-2023","status":"publish","type":"page","link":"https:\/\/www.ecolelasource.ch\/defi-source\/partenaires\/sponsors-2023\/","title":{"rendered":"Partenaires 2023"},"content":{"rendered":"<p><strong>Retrouvez ici la liste des partenaires de l&rsquo;\u00e9dition 2023 du D\u00e9fi Source<\/strong>.<br \/>\nMERCI \u00e0 tous nos partenaires qui se sont engag\u00e9s avec nous dans cette seconde \u00e9dition du D\u00e9fi Source.<br \/>\nC&rsquo;est gr\u00e2ce \u00e0 leur confiance, \u00e0 leur soutien et \u00e0 leur engagement que ce magnifique \u00e9v\u00e9nement a pu avoir lieu.<\/p>\n<p>&nbsp;<\/p>\n","protected":false},"excerpt":{"rendered":"<p>Retrouvez ici la liste des partenaires de l&rsquo;\u00e9dition 2023 du D\u00e9fi Source. MERCI \u00e0 tous nos partenaires qui se sont engag\u00e9s avec nous dans cette seconde \u00e9dition du D\u00e9fi Source. C&rsquo;est gr\u00e2ce \u00e0 leur confiance, \u00e0 leur soutien et \u00e0 leur engagement que ce magnifique \u00e9v\u00e9nement a pu avoir lieu. &nbsp;<\/p>\n","protected":false},"author":2559,"featured_media":0,"parent":516,"menu_order":0,"comment_status":"closed","ping_status":"closed","template":"page-sponsor2023.php","meta":[],"acf":[],"_links":{"self":[{"href":"https:\/\/www.ecolelasource.ch\/defi-source\/wp-json\/wp\/v2\/pages\/2753"}],"collection":[{"href":"https:\/\/www.ecolelasource.ch\/defi-source\/wp-json\/wp\/v2\/pages"}],"about":[{"href":"https:\/\/www.ecolelasource.ch\/defi-source\/wp-json\/wp\/v2\/types\/page"}],"author":[{"embeddable":true,"href":"https:\/\/www.ecolelasource.ch\/defi-source\/wp-json\/wp\/v2\/users\/2559"}],"replies":[{"embeddable":true,"href":"https:\/\/www.ecolelasource.ch\/defi-source\/wp-json\/wp\/v2\/comments?post=2753"}],"version-history":[{"count":10,"href":"https:\/\/www.ecolelasource.ch\/defi-source\/wp-json\/wp\/v2\/pages\/2753\/revisions"}],"predecessor-version":[{"id":4372,"href":"https:\/\/www.ecolelasource.ch\/defi-source\/wp-json\/wp\/v2\/pages\/2753\/revisions\/4372"}],"up":[{"embeddable":true,"href":"https:\/\/www.ecolelasource.ch\/defi-source\/wp-json\/wp\/v2\/pages\/516"}],"wp:attachment":[{"href":"https:\/\/www.ecolelasource.ch\/defi-source\/wp-json\/wp\/v2\/media?parent=2753"}],"curies":[{"name":"wp","href":"https:\/\/api.w.org\/{rel}","templated":true}]}}