
{"id":2681,"date":"2023-01-10T09:55:03","date_gmt":"2023-01-10T08:55:03","guid":{"rendered":"https:\/\/www.ecolelasource.ch\/defi-source\/?page_id=2681"},"modified":"2023-06-15T07:32:07","modified_gmt":"2023-06-15T05:32:07","slug":"inscription","status":"publish","type":"page","link":"https:\/\/www.ecolelasource.ch\/defi-source\/participer\/inscription\/","title":{"rendered":"Inscription"},"content":{"rendered":"<p>Les inscriptions pour participez \u00e0 l&rsquo;\u00e9dition 2023 du Networking Event Series \u2013 D\u00e9fi Source sont closes.<br \/>\nVous pouvez <a href=\"https:\/\/www.ecolelasource.ch\/defi-source\/12projets2023\/\" target=\"_blank\" rel=\"noopener\">d\u00e9couvrir ici<\/a> les 12 projets finalistes.<\/p>\n<p>La c\u00e9r\u00e9monie de cl\u00f4ture et la remise des prix a eu lieu le vendredi 9 juin, \u00e0 17h.<br \/>\nRediffusion \u00e0 voir, ou revoir, <a href=\"https:\/\/youtu.be\/-Mj2fFKT3RU?t=33m21s\" target=\"_blank\" rel=\"noopener\">sur la cha\u00eene YouTube H4<\/a>.<\/p>\n<p><a href=\"https:\/\/youtu.be\/-Mj2fFKT3RU?t=33m21s\" target=\"_blank\" rel=\"noopener\"><img class=\"wp-image-4254 alignleft\" src=\"https:\/\/www.ecolelasource.ch\/defi-source\/wp-content\/uploads\/sites\/8\/2023\/06\/Live-212x300.png\" alt=\"\" width=\"270\" height=\"382\" srcset=\"https:\/\/www.ecolelasource.ch\/defi-source\/wp-content\/uploads\/sites\/8\/2023\/06\/Live-212x300.png 212w, https:\/\/www.ecolelasource.ch\/defi-source\/wp-content\/uploads\/sites\/8\/2023\/06\/Live-724x1024.png 724w, https:\/\/www.ecolelasource.ch\/defi-source\/wp-content\/uploads\/sites\/8\/2023\/06\/Live-768x1086.png 768w, https:\/\/www.ecolelasource.ch\/defi-source\/wp-content\/uploads\/sites\/8\/2023\/06\/Live-1086x1536.png 1086w, https:\/\/www.ecolelasource.ch\/defi-source\/wp-content\/uploads\/sites\/8\/2023\/06\/Live-1448x2048.png 1448w, https:\/\/www.ecolelasource.ch\/defi-source\/wp-content\/uploads\/sites\/8\/2023\/06\/Live-767x1085.png 767w, https:\/\/www.ecolelasource.ch\/defi-source\/wp-content\/uploads\/sites\/8\/2023\/06\/Live.png 1587w\" sizes=\"(max-width: 270px) 100vw, 270px\" \/><\/a><\/p>\n<p>&nbsp;<\/p>\n","protected":false},"excerpt":{"rendered":"<p>Les inscriptions pour participez \u00e0 l&rsquo;\u00e9dition 2023 du Networking Event Series \u2013 D\u00e9fi Source sont closes. Vous pouvez d\u00e9couvrir ici les 12 projets finalistes. La c\u00e9r\u00e9monie de cl\u00f4ture et la remise des prix a eu lieu le vendredi 9 juin, \u00e0 17h. Rediffusion \u00e0 voir, ou revoir, sur la cha\u00eene YouTube H4. &nbsp;<\/p>\n","protected":false},"author":2559,"featured_media":0,"parent":2618,"menu_order":5,"comment_status":"closed","ping_status":"closed","template":"","meta":[],"acf":[],"_links":{"self":[{"href":"https:\/\/www.ecolelasource.ch\/defi-source\/wp-json\/wp\/v2\/pages\/2681"}],"collection":[{"href":"https:\/\/www.ecolelasource.ch\/defi-source\/wp-json\/wp\/v2\/pages"}],"about":[{"href":"https:\/\/www.ecolelasource.ch\/defi-source\/wp-json\/wp\/v2\/types\/page"}],"author":[{"embeddable":true,"href":"https:\/\/www.ecolelasource.ch\/defi-source\/wp-json\/wp\/v2\/users\/2559"}],"replies":[{"embeddable":true,"href":"https:\/\/www.ecolelasource.ch\/defi-source\/wp-json\/wp\/v2\/comments?post=2681"}],"version-history":[{"count":10,"href":"https:\/\/www.ecolelasource.ch\/defi-source\/wp-json\/wp\/v2\/pages\/2681\/revisions"}],"predecessor-version":[{"id":4405,"href":"https:\/\/www.ecolelasource.ch\/defi-source\/wp-json\/wp\/v2\/pages\/2681\/revisions\/4405"}],"up":[{"embeddable":true,"href":"https:\/\/www.ecolelasource.ch\/defi-source\/wp-json\/wp\/v2\/pages\/2618"}],"wp:attachment":[{"href":"https:\/\/www.ecolelasource.ch\/defi-source\/wp-json\/wp\/v2\/media?parent=2681"}],"curies":[{"name":"wp","href":"https:\/\/api.w.org\/{rel}","templated":true}]}}