
{"id":2675,"date":"2023-01-10T09:47:57","date_gmt":"2023-01-10T08:47:57","guid":{"rendered":"https:\/\/www.ecolelasource.ch\/defi-source\/?page_id=2675"},"modified":"2023-06-12T13:57:15","modified_gmt":"2023-06-12T11:57:15","slug":"prix","status":"publish","type":"page","link":"https:\/\/www.ecolelasource.ch\/defi-source\/participer\/prix\/","title":{"rendered":"Prix"},"content":{"rendered":"<p>En 2023, 9 prix d\u00e9cern\u00e9s par des entreprises et organisations priv\u00e9es et publiques suisses \u00e9taient \u00e0 gagner.<br \/>\nIls permettent d&rsquo;accompagner le projet au-del\u00e0 de l&rsquo;\u00e9v\u00e9nement pour l&rsquo;aider dans son d\u00e9veloppement et sa concr\u00e9tisation, avec des heures de conseil, du coaching, du brainstorming, la mise \u00e0 disposition d\u2019environnements de travail dynamiques, la possibilit\u00e9 de pr\u00e9senter le projet devant des experts, un s\u00e9jour en station,&#8230; (d\u00e9tail des prix <a href=\"https:\/\/www.ecolelasource.ch\/defi-source\/prix2023detail\/\" target=\"_blank\" rel=\"noopener\">disponible ici<\/a>)<\/p>\n<p>&nbsp;<\/p>\n<p><b>9 prix au D\u00e9fi Source 2023<\/b><\/p>\n<p><img class=\"alignnone wp-image-3252\" src=\"https:\/\/www.ecolelasource.ch\/defi-source\/wp-content\/uploads\/sites\/8\/2023\/03\/3-212x300.png\" alt=\"\" width=\"218\" height=\"309\" srcset=\"https:\/\/www.ecolelasource.ch\/defi-source\/wp-content\/uploads\/sites\/8\/2023\/03\/3-212x300.png 212w, https:\/\/www.ecolelasource.ch\/defi-source\/wp-content\/uploads\/sites\/8\/2023\/03\/3-724x1024.png 724w, https:\/\/www.ecolelasource.ch\/defi-source\/wp-content\/uploads\/sites\/8\/2023\/03\/3-768x1086.png 768w, https:\/\/www.ecolelasource.ch\/defi-source\/wp-content\/uploads\/sites\/8\/2023\/03\/3-1086x1536.png 1086w, https:\/\/www.ecolelasource.ch\/defi-source\/wp-content\/uploads\/sites\/8\/2023\/03\/3-1448x2048.png 1448w, https:\/\/www.ecolelasource.ch\/defi-source\/wp-content\/uploads\/sites\/8\/2023\/03\/3-767x1085.png 767w, https:\/\/www.ecolelasource.ch\/defi-source\/wp-content\/uploads\/sites\/8\/2023\/03\/3.png 1587w\" sizes=\"(max-width: 218px) 100vw, 218px\" \/>\u00a0 \u00a0<img class=\"alignnone wp-image-3251\" style=\"font-weight: inherit\" src=\"https:\/\/www.ecolelasource.ch\/defi-source\/wp-content\/uploads\/sites\/8\/2023\/03\/1-212x300.png\" alt=\"\" width=\"218\" height=\"308\" srcset=\"https:\/\/www.ecolelasource.ch\/defi-source\/wp-content\/uploads\/sites\/8\/2023\/03\/1-212x300.png 212w, https:\/\/www.ecolelasource.ch\/defi-source\/wp-content\/uploads\/sites\/8\/2023\/03\/1-724x1024.png 724w, https:\/\/www.ecolelasource.ch\/defi-source\/wp-content\/uploads\/sites\/8\/2023\/03\/1-768x1086.png 768w, https:\/\/www.ecolelasource.ch\/defi-source\/wp-content\/uploads\/sites\/8\/2023\/03\/1-1086x1536.png 1086w, https:\/\/www.ecolelasource.ch\/defi-source\/wp-content\/uploads\/sites\/8\/2023\/03\/1-1448x2048.png 1448w, https:\/\/www.ecolelasource.ch\/defi-source\/wp-content\/uploads\/sites\/8\/2023\/03\/1-767x1085.png 767w, https:\/\/www.ecolelasource.ch\/defi-source\/wp-content\/uploads\/sites\/8\/2023\/03\/1.png 1587w\" sizes=\"(max-width: 218px) 100vw, 218px\" \/>\u00a0 \u00a0<img class=\"alignnone wp-image-3253\" style=\"font-weight: inherit\" src=\"https:\/\/www.ecolelasource.ch\/defi-source\/wp-content\/uploads\/sites\/8\/2023\/03\/2-212x300.png\" alt=\"\" width=\"218\" height=\"308\" srcset=\"https:\/\/www.ecolelasource.ch\/defi-source\/wp-content\/uploads\/sites\/8\/2023\/03\/2-212x300.png 212w, https:\/\/www.ecolelasource.ch\/defi-source\/wp-content\/uploads\/sites\/8\/2023\/03\/2-724x1024.png 724w, https:\/\/www.ecolelasource.ch\/defi-source\/wp-content\/uploads\/sites\/8\/2023\/03\/2-768x1086.png 768w, https:\/\/www.ecolelasource.ch\/defi-source\/wp-content\/uploads\/sites\/8\/2023\/03\/2-1086x1536.png 1086w, https:\/\/www.ecolelasource.ch\/defi-source\/wp-content\/uploads\/sites\/8\/2023\/03\/2-1448x2048.png 1448w, https:\/\/www.ecolelasource.ch\/defi-source\/wp-content\/uploads\/sites\/8\/2023\/03\/2-767x1085.png 767w, https:\/\/www.ecolelasource.ch\/defi-source\/wp-content\/uploads\/sites\/8\/2023\/03\/2.png 1587w\" sizes=\"(max-width: 218px) 100vw, 218px\" \/><\/p>\n<p>&nbsp;<\/p>\n<p><strong>Les partenaires 2023 des prix entreprises sont :<\/strong><\/p>\n<p><a href=\"http:\/\/business.cransmontana.ch\" target=\"_blank\" rel=\"noopener\"><img class=\"alignnone size-medium wp-image-3289\" src=\"https:\/\/www.ecolelasource.ch\/defi-source\/wp-content\/uploads\/sites\/8\/2023\/03\/ACCM_carre-300x300.png\" alt=\"\" width=\"300\" height=\"300\" srcset=\"https:\/\/www.ecolelasource.ch\/defi-source\/wp-content\/uploads\/sites\/8\/2023\/03\/ACCM_carre-300x300.png 300w, https:\/\/www.ecolelasource.ch\/defi-source\/wp-content\/uploads\/sites\/8\/2023\/03\/ACCM_carre-200x200.png 200w, https:\/\/www.ecolelasource.ch\/defi-source\/wp-content\/uploads\/sites\/8\/2023\/03\/ACCM_carre-40x40.png 40w, https:\/\/www.ecolelasource.ch\/defi-source\/wp-content\/uploads\/sites\/8\/2023\/03\/ACCM_carre-60x60.png 60w, https:\/\/www.ecolelasource.ch\/defi-source\/wp-content\/uploads\/sites\/8\/2023\/03\/ACCM_carre.png 505w\" sizes=\"(max-width: 300px) 100vw, 300px\" \/><\/a> <a href=\"https:\/\/www.ehl.edu\/\" target=\"_blank\" rel=\"noopener\"><img class=\"alignnone size-medium wp-image-3295\" src=\"https:\/\/www.ecolelasource.ch\/defi-source\/wp-content\/uploads\/sites\/8\/2023\/03\/Ehl_carre_2-300x300.png\" alt=\"\" width=\"300\" height=\"300\" srcset=\"https:\/\/www.ecolelasource.ch\/defi-source\/wp-content\/uploads\/sites\/8\/2023\/03\/Ehl_carre_2-300x300.png 300w, https:\/\/www.ecolelasource.ch\/defi-source\/wp-content\/uploads\/sites\/8\/2023\/03\/Ehl_carre_2-200x200.png 200w, https:\/\/www.ecolelasource.ch\/defi-source\/wp-content\/uploads\/sites\/8\/2023\/03\/Ehl_carre_2-40x40.png 40w, https:\/\/www.ecolelasource.ch\/defi-source\/wp-content\/uploads\/sites\/8\/2023\/03\/Ehl_carre_2-60x60.png 60w, https:\/\/www.ecolelasource.ch\/defi-source\/wp-content\/uploads\/sites\/8\/2023\/03\/Ehl_carre_2.png 505w\" sizes=\"(max-width: 300px) 100vw, 300px\" \/><\/a> <a href=\"https:\/\/heig-vd.ch\/\" target=\"_blank\" rel=\"noopener\"><img class=\"alignnone size-medium wp-image-3355\" src=\"https:\/\/www.ecolelasource.ch\/defi-source\/wp-content\/uploads\/sites\/8\/2023\/03\/HEIG_carre2-292x300.png\" alt=\"\" width=\"292\" height=\"300\" srcset=\"https:\/\/www.ecolelasource.ch\/defi-source\/wp-content\/uploads\/sites\/8\/2023\/03\/HEIG_carre2-292x300.png 292w, https:\/\/www.ecolelasource.ch\/defi-source\/wp-content\/uploads\/sites\/8\/2023\/03\/HEIG_carre2-40x40.png 40w, https:\/\/www.ecolelasource.ch\/defi-source\/wp-content\/uploads\/sites\/8\/2023\/03\/HEIG_carre2.png 461w\" sizes=\"(max-width: 292px) 100vw, 292px\" \/><\/a> <a href=\"https:\/\/www.multiple-design.ch\/\" target=\"_blank\" rel=\"noopener\"><img class=\"alignnone size-medium wp-image-3380\" src=\"https:\/\/www.ecolelasource.ch\/defi-source\/wp-content\/uploads\/sites\/8\/2023\/03\/MGD_carre-300x300.png\" alt=\"\" width=\"300\" height=\"300\" srcset=\"https:\/\/www.ecolelasource.ch\/defi-source\/wp-content\/uploads\/sites\/8\/2023\/03\/MGD_carre-300x300.png 300w, https:\/\/www.ecolelasource.ch\/defi-source\/wp-content\/uploads\/sites\/8\/2023\/03\/MGD_carre-200x200.png 200w, https:\/\/www.ecolelasource.ch\/defi-source\/wp-content\/uploads\/sites\/8\/2023\/03\/MGD_carre-40x40.png 40w, https:\/\/www.ecolelasource.ch\/defi-source\/wp-content\/uploads\/sites\/8\/2023\/03\/MGD_carre-60x60.png 60w, https:\/\/www.ecolelasource.ch\/defi-source\/wp-content\/uploads\/sites\/8\/2023\/03\/MGD_carre.png 505w\" sizes=\"(max-width: 300px) 100vw, 300px\" \/><\/a> <a href=\"https:\/\/www.se-vaud.ch\/\" target=\"_blank\" rel=\"noopener\"><img class=\"alignnone size-medium wp-image-3388\" src=\"https:\/\/www.ecolelasource.ch\/defi-source\/wp-content\/uploads\/sites\/8\/2023\/03\/SE_carre-300x300.png\" alt=\"\" width=\"300\" height=\"300\" srcset=\"https:\/\/www.ecolelasource.ch\/defi-source\/wp-content\/uploads\/sites\/8\/2023\/03\/SE_carre-300x300.png 300w, https:\/\/www.ecolelasource.ch\/defi-source\/wp-content\/uploads\/sites\/8\/2023\/03\/SE_carre-200x200.png 200w, https:\/\/www.ecolelasource.ch\/defi-source\/wp-content\/uploads\/sites\/8\/2023\/03\/SE_carre-40x40.png 40w, https:\/\/www.ecolelasource.ch\/defi-source\/wp-content\/uploads\/sites\/8\/2023\/03\/SE_carre-60x60.png 60w, https:\/\/www.ecolelasource.ch\/defi-source\/wp-content\/uploads\/sites\/8\/2023\/03\/SE_carre.png 505w\" sizes=\"(max-width: 300px) 100vw, 300px\" \/><\/a> <a href=\"https:\/\/www.thinksport.org\/fr\/\" target=\"_blank\" rel=\"noopener\"><img class=\"alignnone size-medium wp-image-3396\" src=\"https:\/\/www.ecolelasource.ch\/defi-source\/wp-content\/uploads\/sites\/8\/2023\/03\/Thinksport_carre-300x300.png\" alt=\"\" width=\"300\" height=\"300\" srcset=\"https:\/\/www.ecolelasource.ch\/defi-source\/wp-content\/uploads\/sites\/8\/2023\/03\/Thinksport_carre-300x300.png 300w, https:\/\/www.ecolelasource.ch\/defi-source\/wp-content\/uploads\/sites\/8\/2023\/03\/Thinksport_carre-200x200.png 200w, https:\/\/www.ecolelasource.ch\/defi-source\/wp-content\/uploads\/sites\/8\/2023\/03\/Thinksport_carre-40x40.png 40w, https:\/\/www.ecolelasource.ch\/defi-source\/wp-content\/uploads\/sites\/8\/2023\/03\/Thinksport_carre-60x60.png 60w, https:\/\/www.ecolelasource.ch\/defi-source\/wp-content\/uploads\/sites\/8\/2023\/03\/Thinksport_carre.png 505w\" sizes=\"(max-width: 300px) 100vw, 300px\" \/><\/a> <a href=\"https:\/\/www.unisante.ch\/fr\" target=\"_blank\" rel=\"noopener\"><img class=\"alignnone size-medium wp-image-3402\" src=\"https:\/\/www.ecolelasource.ch\/defi-source\/wp-content\/uploads\/sites\/8\/2023\/03\/unisante_carre-300x300.png\" alt=\"\" width=\"300\" height=\"300\" srcset=\"https:\/\/www.ecolelasource.ch\/defi-source\/wp-content\/uploads\/sites\/8\/2023\/03\/unisante_carre-300x300.png 300w, https:\/\/www.ecolelasource.ch\/defi-source\/wp-content\/uploads\/sites\/8\/2023\/03\/unisante_carre-200x200.png 200w, https:\/\/www.ecolelasource.ch\/defi-source\/wp-content\/uploads\/sites\/8\/2023\/03\/unisante_carre-40x40.png 40w, https:\/\/www.ecolelasource.ch\/defi-source\/wp-content\/uploads\/sites\/8\/2023\/03\/unisante_carre-60x60.png 60w, https:\/\/www.ecolelasource.ch\/defi-source\/wp-content\/uploads\/sites\/8\/2023\/03\/unisante_carre.png 505w\" sizes=\"(max-width: 300px) 100vw, 300px\" \/><\/a><\/p>\n<p><strong>Le Prix du Jury sera offert par:<\/strong><\/p>\n<p><a href=\"https:\/\/www.biopole.ch\/\" target=\"_blank\" rel=\"noopener\"><img class=\"alignnone wp-image-3339\" src=\"https:\/\/www.ecolelasource.ch\/defi-source\/wp-content\/uploads\/sites\/8\/2023\/03\/biopole_rectangle5-300x87.png\" alt=\"\" width=\"279\" height=\"81\" srcset=\"https:\/\/www.ecolelasource.ch\/defi-source\/wp-content\/uploads\/sites\/8\/2023\/03\/biopole_rectangle5-300x87.png 300w, https:\/\/www.ecolelasource.ch\/defi-source\/wp-content\/uploads\/sites\/8\/2023\/03\/biopole_rectangle5.png 376w\" sizes=\"(max-width: 279px) 100vw, 279px\" \/><\/a><\/p>\n<p><strong>Le Prix du public sera offert par:<\/strong><\/p>\n<p><img class=\"alignnone wp-image-3685\" src=\"https:\/\/www.ecolelasource.ch\/defi-source\/wp-content\/uploads\/sites\/8\/2023\/04\/Vygon_1-300x90.png\" alt=\"\" width=\"357\" height=\"107\" srcset=\"https:\/\/www.ecolelasource.ch\/defi-source\/wp-content\/uploads\/sites\/8\/2023\/04\/Vygon_1-300x90.png 300w, https:\/\/www.ecolelasource.ch\/defi-source\/wp-content\/uploads\/sites\/8\/2023\/04\/Vygon_1.png 508w\" sizes=\"(max-width: 357px) 100vw, 357px\" \/><\/p>\n<p><strong>Bonus<\/strong><br \/>\nLes prix du Jury et du public recevront en plus des heures de coaching entrepreneurial par:<\/p>\n<p><img class=\"alignnone wp-image-3439\" src=\"https:\/\/www.ecolelasource.ch\/defi-source\/wp-content\/uploads\/sites\/8\/2023\/03\/genilem_rectangle3-300x90.png\" alt=\"\" width=\"353\" height=\"106\" srcset=\"https:\/\/www.ecolelasource.ch\/defi-source\/wp-content\/uploads\/sites\/8\/2023\/03\/genilem_rectangle3-300x90.png 300w, https:\/\/www.ecolelasource.ch\/defi-source\/wp-content\/uploads\/sites\/8\/2023\/03\/genilem_rectangle3.png 508w\" sizes=\"(max-width: 353px) 100vw, 353px\" \/><\/p>\n<p><span style=\"text-decoration: underline\">A noter<\/span>: une \u00e9quipe peut recevoir plusieurs prix.<\/p>\n<p>\ud83d\udc49 <a href=\"https:\/\/www.ecolelasource.ch\/defi-source\/prix2023detail\/\" target=\"_blank\" rel=\"noopener\"><strong>Retrouver le d\u00e9tail des prix 2023 ici !<\/strong><\/a><\/p>\n<p>&nbsp;<\/p>\n<p><strong>BOOTCAMP d&rsquo;une valeur de CHF 10&rsquo;000.-<\/strong><br \/>\nLes laur\u00e9ats \u00e0 l&rsquo;issue du Pitch Day pourront acc\u00e9der au Bootcamp estim\u00e9 \u00e0 CHF 10&rsquo;000.- par \u00e9quipe. Cette valeur comprend du coaching exclusif et sur-mesure, un acc\u00e8s \u00e0 des expert\u00b7e\u00b7s en sant\u00e9 et innovation, des repas, un acc\u00e8s \u00e0 un H\u00f4pital simul\u00e9, la mise \u00e0 disposition de mat\u00e9riel d\u2019exp\u00e9rimentation, des ateliers de pr\u00e9paration,&#8230;<\/p>\n<p>&nbsp;<\/p>\n<p><strong>Le Networking Event Series \u2013 D\u00e9fi Source, c&rsquo;est aussi&#8230; <a href=\"https:\/\/www.innosuisse.ch\/inno\/fr\/home.html\" target=\"_blank\" rel=\"noopener\"><img class=\" wp-image-4121 alignright\" src=\"https:\/\/www.ecolelasource.ch\/defi-source\/wp-content\/uploads\/sites\/8\/2023\/05\/Inno_carre-300x300.png\" alt=\"\" width=\"133\" height=\"133\" srcset=\"https:\/\/www.ecolelasource.ch\/defi-source\/wp-content\/uploads\/sites\/8\/2023\/05\/Inno_carre-300x300.png 300w, https:\/\/www.ecolelasource.ch\/defi-source\/wp-content\/uploads\/sites\/8\/2023\/05\/Inno_carre-200x200.png 200w, https:\/\/www.ecolelasource.ch\/defi-source\/wp-content\/uploads\/sites\/8\/2023\/05\/Inno_carre-40x40.png 40w, https:\/\/www.ecolelasource.ch\/defi-source\/wp-content\/uploads\/sites\/8\/2023\/05\/Inno_carre-60x60.png 60w, https:\/\/www.ecolelasource.ch\/defi-source\/wp-content\/uploads\/sites\/8\/2023\/05\/Inno_carre.png 505w\" sizes=\"(max-width: 133px) 100vw, 133px\" \/><\/a><\/strong><br \/>\n<span style=\"font-weight: inherit\">L\u2019occasion d&rsquo;acc\u00e9der \u00e0 un nouveau r\u00e9seau, d&rsquo;\u00eatre coach\u00e9s par des experts, de trouver des investisseurs, de suivre des <a href=\"https:\/\/www.ecolelasource.ch\/defi-source\/seancesinfo\/\" target=\"_blank\" rel=\"noopener\">formations gratuites<\/a>, d\u2019acqu\u00e9rir une boite \u00e0 outils en gestion de projets innovants, d\u2019apprendre \u00e0 parler en public, de cr\u00e9er une entreprise, de s\u2019amuser en travaillant et surtout\u2026 de vivre une nouvelle aventure humaine.<\/span><\/p>\n","protected":false},"excerpt":{"rendered":"<p>En 2023, 9 prix d\u00e9cern\u00e9s par des entreprises et organisations priv\u00e9es et publiques suisses \u00e9taient \u00e0 gagner. Ils permettent d&rsquo;accompagner le projet au-del\u00e0 de l&rsquo;\u00e9v\u00e9nement pour l&rsquo;aider dans son d\u00e9veloppement et sa concr\u00e9tisation, avec des heures de conseil, du coaching, du brainstorming, la mise \u00e0 disposition d\u2019environnements de travail dynamiques, la possibilit\u00e9 de pr\u00e9senter le [&hellip;]<\/p>\n","protected":false},"author":2559,"featured_media":0,"parent":2618,"menu_order":4,"comment_status":"closed","ping_status":"closed","template":"","meta":[],"acf":[],"_links":{"self":[{"href":"https:\/\/www.ecolelasource.ch\/defi-source\/wp-json\/wp\/v2\/pages\/2675"}],"collection":[{"href":"https:\/\/www.ecolelasource.ch\/defi-source\/wp-json\/wp\/v2\/pages"}],"about":[{"href":"https:\/\/www.ecolelasource.ch\/defi-source\/wp-json\/wp\/v2\/types\/page"}],"author":[{"embeddable":true,"href":"https:\/\/www.ecolelasource.ch\/defi-source\/wp-json\/wp\/v2\/users\/2559"}],"replies":[{"embeddable":true,"href":"https:\/\/www.ecolelasource.ch\/defi-source\/wp-json\/wp\/v2\/comments?post=2675"}],"version-history":[{"count":10,"href":"https:\/\/www.ecolelasource.ch\/defi-source\/wp-json\/wp\/v2\/pages\/2675\/revisions"}],"predecessor-version":[{"id":4392,"href":"https:\/\/www.ecolelasource.ch\/defi-source\/wp-json\/wp\/v2\/pages\/2675\/revisions\/4392"}],"up":[{"embeddable":true,"href":"https:\/\/www.ecolelasource.ch\/defi-source\/wp-json\/wp\/v2\/pages\/2618"}],"wp:attachment":[{"href":"https:\/\/www.ecolelasource.ch\/defi-source\/wp-json\/wp\/v2\/media?parent=2675"}],"curies":[{"name":"wp","href":"https:\/\/api.w.org\/{rel}","templated":true}]}}