
{"id":2655,"date":"2023-01-10T09:33:20","date_gmt":"2023-01-10T08:33:20","guid":{"rendered":"https:\/\/www.ecolelasource.ch\/defi-source\/?page_id=2655"},"modified":"2023-04-27T08:22:09","modified_gmt":"2023-04-27T06:22:09","slug":"dates","status":"publish","type":"page","link":"https:\/\/www.ecolelasource.ch\/defi-source\/participer\/dates\/","title":{"rendered":"Dates"},"content":{"rendered":"<p>La 2<sup>nde<\/sup> \u00e9dition du D\u00e9fi Source aura lieu du 1<sup>er<\/sup> mai au 9 juin 2023.<br \/>\nL&rsquo;\u00e9v\u00e9nement se compose de quatre \u00e9tapes cl\u00e9s au cours desquelles les \u00e9quipes vont se former, pitcher et r\u00e9aliser leur projet:<\/p>\n<ul>\n<li><strong>Start:<\/strong> du 01.05.23 au 12.05.23<br \/>\nEbauche des projets et cr\u00e9ation des \u00e9quipe sur la plateforme<\/li>\n<li><strong>Pitch Day:<\/strong> 13.05.23<br \/>\nPr\u00e9sentation et s\u00e9lection des meilleurs projets<\/li>\n<li><strong>Bootcamp: <\/strong>02.06.23 au 04.06.23<br \/>\nR\u00e9alisation des projets<\/li>\n<li><strong>D-Day:<\/strong> 09.06.23<br \/>\nPr\u00e9sentation des r\u00e9sultats, remise des prix<\/li>\n<\/ul>\n<p>&nbsp;<\/p>\n<p style=\"text-align: center\"><strong><span style=\"color: #e56240\">\ud83d\udc49 <a href=\"https:\/\/defi-source.sparkboard.com\/\">Inscrivez-vous et cr\u00e9ez votre profil sur la plateforme :<\/a><\/span><\/strong><\/p>\n<p style=\"text-align: center\">\u00a0 \u00a0<a href=\"https:\/\/defi-source.sparkboard.com\/\" target=\"_blank\" rel=\"noopener\"><img class=\"alignnone wp-image-3515\" src=\"https:\/\/www.ecolelasource.ch\/defi-source\/wp-content\/uploads\/sites\/8\/2023\/04\/8-212x300.png\" alt=\"\" width=\"330\" height=\"467\" srcset=\"https:\/\/www.ecolelasource.ch\/defi-source\/wp-content\/uploads\/sites\/8\/2023\/04\/8-212x300.png 212w, https:\/\/www.ecolelasource.ch\/defi-source\/wp-content\/uploads\/sites\/8\/2023\/04\/8-724x1024.png 724w, https:\/\/www.ecolelasource.ch\/defi-source\/wp-content\/uploads\/sites\/8\/2023\/04\/8-768x1086.png 768w, https:\/\/www.ecolelasource.ch\/defi-source\/wp-content\/uploads\/sites\/8\/2023\/04\/8-1086x1536.png 1086w, https:\/\/www.ecolelasource.ch\/defi-source\/wp-content\/uploads\/sites\/8\/2023\/04\/8-1448x2048.png 1448w, https:\/\/www.ecolelasource.ch\/defi-source\/wp-content\/uploads\/sites\/8\/2023\/04\/8-767x1085.png 767w, https:\/\/www.ecolelasource.ch\/defi-source\/wp-content\/uploads\/sites\/8\/2023\/04\/8.png 1587w\" sizes=\"(max-width: 330px) 100vw, 330px\" \/><\/a><\/p>\n","protected":false},"excerpt":{"rendered":"<p>La 2nde \u00e9dition du D\u00e9fi Source aura lieu du 1er mai au 9 juin 2023. L&rsquo;\u00e9v\u00e9nement se compose de quatre \u00e9tapes cl\u00e9s au cours desquelles les \u00e9quipes vont se former, pitcher et r\u00e9aliser leur projet: Start: du 01.05.23 au 12.05.23 Ebauche des projets et cr\u00e9ation des \u00e9quipe sur la plateforme Pitch Day: 13.05.23 Pr\u00e9sentation et [&hellip;]<\/p>\n","protected":false},"author":2559,"featured_media":0,"parent":2618,"menu_order":2,"comment_status":"closed","ping_status":"closed","template":"","meta":[],"acf":[],"_links":{"self":[{"href":"https:\/\/www.ecolelasource.ch\/defi-source\/wp-json\/wp\/v2\/pages\/2655"}],"collection":[{"href":"https:\/\/www.ecolelasource.ch\/defi-source\/wp-json\/wp\/v2\/pages"}],"about":[{"href":"https:\/\/www.ecolelasource.ch\/defi-source\/wp-json\/wp\/v2\/types\/page"}],"author":[{"embeddable":true,"href":"https:\/\/www.ecolelasource.ch\/defi-source\/wp-json\/wp\/v2\/users\/2559"}],"replies":[{"embeddable":true,"href":"https:\/\/www.ecolelasource.ch\/defi-source\/wp-json\/wp\/v2\/comments?post=2655"}],"version-history":[{"count":10,"href":"https:\/\/www.ecolelasource.ch\/defi-source\/wp-json\/wp\/v2\/pages\/2655\/revisions"}],"predecessor-version":[{"id":3976,"href":"https:\/\/www.ecolelasource.ch\/defi-source\/wp-json\/wp\/v2\/pages\/2655\/revisions\/3976"}],"up":[{"embeddable":true,"href":"https:\/\/www.ecolelasource.ch\/defi-source\/wp-json\/wp\/v2\/pages\/2618"}],"wp:attachment":[{"href":"https:\/\/www.ecolelasource.ch\/defi-source\/wp-json\/wp\/v2\/media?parent=2655"}],"curies":[{"name":"wp","href":"https:\/\/api.w.org\/{rel}","templated":true}]}}