
{"id":2620,"date":"2023-01-09T19:03:23","date_gmt":"2023-01-09T18:03:23","guid":{"rendered":"https:\/\/www.ecolelasource.ch\/defi-source\/?page_id=2620"},"modified":"2023-05-15T14:17:07","modified_gmt":"2023-05-15T12:17:07","slug":"description","status":"publish","type":"page","link":"https:\/\/www.ecolelasource.ch\/defi-source\/participer\/description\/","title":{"rendered":"Description"},"content":{"rendered":"<p style=\"text-align: left\"><strong>Le Networking Event Series \u2013 D\u00e9fi Source 2023 <a href=\"https:\/\/www.innosuisse.ch\/inno\/fr\/home.html\" target=\"_blank\" rel=\"noopener\"><img class=\" wp-image-4121 alignright\" src=\"https:\/\/www.ecolelasource.ch\/defi-source\/wp-content\/uploads\/sites\/8\/2023\/05\/Inno_carre-300x300.png\" alt=\"\" width=\"139\" height=\"139\" srcset=\"https:\/\/www.ecolelasource.ch\/defi-source\/wp-content\/uploads\/sites\/8\/2023\/05\/Inno_carre-300x300.png 300w, https:\/\/www.ecolelasource.ch\/defi-source\/wp-content\/uploads\/sites\/8\/2023\/05\/Inno_carre-200x200.png 200w, https:\/\/www.ecolelasource.ch\/defi-source\/wp-content\/uploads\/sites\/8\/2023\/05\/Inno_carre-40x40.png 40w, https:\/\/www.ecolelasource.ch\/defi-source\/wp-content\/uploads\/sites\/8\/2023\/05\/Inno_carre-60x60.png 60w, https:\/\/www.ecolelasource.ch\/defi-source\/wp-content\/uploads\/sites\/8\/2023\/05\/Inno_carre.png 505w\" sizes=\"(max-width: 139px) 100vw, 139px\" \/><\/a><\/strong><\/p>\n<p style=\"text-align: left\">C&rsquo;est un \u00e9v\u00e8nement collaboratif de type hackathon d\u00e9di\u00e9 aux soins et \u00e0 la sant\u00e9. Il permet de travailler pendant plusieurs jours et en \u00e9quipe sur une id\u00e9e ou un projet innovant et de gagner des prix.<span style=\"color: #e56240\">\u00a0<\/span>Tout le monde peut participer, en apportant une id\u00e9e, un projet,&#8230; ou en int\u00e9grant une \u00e9quipe.<\/p>\n<p>&nbsp;<\/p>\n<p><strong>Au D\u00e9fi Source, vous pouvez:<\/strong><br \/>\n&#8211; gagner de <span style=\"color: #e56240\"><a style=\"color: #e56240\" href=\"https:\/\/www.ecolelasource.ch\/defi-source\/participer\/prix\/\" target=\"_blank\" rel=\"noopener\">magnifiques prix<\/a><\/span> pour d\u00e9velopper le projet au-del\u00e0 de l&rsquo;\u00e9v\u00e9nement<br \/>\n&#8211; profiter d\u2019un bootcamp d\u2019une valeur de CHF 10\u2019000 par \u00e9quipe<br \/>\n&#8211; b\u00e9n\u00e9ficier de <span style=\"color: #e56240\"><a style=\"color: #e56240\" href=\"https:\/\/www.ecolelasource.ch\/defi-source\/seancesinfo\/\" target=\"_blank\" rel=\"noopener\">formations gratuites<\/a>\u00a0<\/span><br \/>\n&#8211; acqu\u00e9rir une boite \u00e0 outils en gestion de projets innovants<br \/>\n&#8211; acc\u00e9der \u00e0 un r\u00e9seau d&rsquo;experts et de professionnels<br \/>\n&#8211; former une \u00e9quipe autour d&rsquo;un sujet qui vous tient \u00e0 c\u0153ur<br \/>\n&#8211; trouver des investisseurs<\/p>\n<p>Le D\u00e9fi Source c\u2019est tout cela !<br \/>\nC\u2019est aussi et surtout l\u2019occasion vivre une belle aventure humaine et de s\u2019amuser en travaillant \ud83e\udd17<\/p>\n<p>Le planning de l\u2019\u00e9v\u00e9nement avec les \u00e9tapes cl\u00e9s 2023 est <span style=\"color: #e56240\"><a style=\"color: #e56240\" href=\"https:\/\/www.ecolelasource.ch\/defi-source\/dates-et-programme\/\" target=\"_blank\" rel=\"noopener\">disponible ici<\/a>.<\/span><\/p>\n<p>&nbsp;<\/p>\n<p><img class=\"wp-image-3028 aligncenter\" src=\"https:\/\/www.ecolelasource.ch\/defi-source\/wp-content\/uploads\/sites\/8\/2023\/03\/Temoignage1-300x150.png\" alt=\"\" width=\"764\" height=\"382\" srcset=\"https:\/\/www.ecolelasource.ch\/defi-source\/wp-content\/uploads\/sites\/8\/2023\/03\/Temoignage1-300x150.png 300w, https:\/\/www.ecolelasource.ch\/defi-source\/wp-content\/uploads\/sites\/8\/2023\/03\/Temoignage1-1024x512.png 1024w, https:\/\/www.ecolelasource.ch\/defi-source\/wp-content\/uploads\/sites\/8\/2023\/03\/Temoignage1-768x384.png 768w, https:\/\/www.ecolelasource.ch\/defi-source\/wp-content\/uploads\/sites\/8\/2023\/03\/Temoignage1-1536x768.png 1536w, https:\/\/www.ecolelasource.ch\/defi-source\/wp-content\/uploads\/sites\/8\/2023\/03\/Temoignage1-2048x1024.png 2048w, https:\/\/www.ecolelasource.ch\/defi-source\/wp-content\/uploads\/sites\/8\/2023\/03\/Temoignage1-767x384.png 767w\" sizes=\"(max-width: 764px) 100vw, 764px\" \/><\/p>\n","protected":false},"excerpt":{"rendered":"<p>Le Networking Event Series \u2013 D\u00e9fi Source 2023 C&rsquo;est un \u00e9v\u00e8nement collaboratif de type hackathon d\u00e9di\u00e9 aux soins et \u00e0 la sant\u00e9. Il permet de travailler pendant plusieurs jours et en \u00e9quipe sur une id\u00e9e ou un projet innovant et de gagner des prix.\u00a0Tout le monde peut participer, en apportant une id\u00e9e, un projet,&#8230; ou [&hellip;]<\/p>\n","protected":false},"author":2559,"featured_media":0,"parent":2618,"menu_order":1,"comment_status":"closed","ping_status":"closed","template":"","meta":[],"acf":[],"_links":{"self":[{"href":"https:\/\/www.ecolelasource.ch\/defi-source\/wp-json\/wp\/v2\/pages\/2620"}],"collection":[{"href":"https:\/\/www.ecolelasource.ch\/defi-source\/wp-json\/wp\/v2\/pages"}],"about":[{"href":"https:\/\/www.ecolelasource.ch\/defi-source\/wp-json\/wp\/v2\/types\/page"}],"author":[{"embeddable":true,"href":"https:\/\/www.ecolelasource.ch\/defi-source\/wp-json\/wp\/v2\/users\/2559"}],"replies":[{"embeddable":true,"href":"https:\/\/www.ecolelasource.ch\/defi-source\/wp-json\/wp\/v2\/comments?post=2620"}],"version-history":[{"count":10,"href":"https:\/\/www.ecolelasource.ch\/defi-source\/wp-json\/wp\/v2\/pages\/2620\/revisions"}],"predecessor-version":[{"id":4140,"href":"https:\/\/www.ecolelasource.ch\/defi-source\/wp-json\/wp\/v2\/pages\/2620\/revisions\/4140"}],"up":[{"embeddable":true,"href":"https:\/\/www.ecolelasource.ch\/defi-source\/wp-json\/wp\/v2\/pages\/2618"}],"wp:attachment":[{"href":"https:\/\/www.ecolelasource.ch\/defi-source\/wp-json\/wp\/v2\/media?parent=2620"}],"curies":[{"name":"wp","href":"https:\/\/api.w.org\/{rel}","templated":true}]}}