
{"id":2282,"date":"2021-05-08T13:13:46","date_gmt":"2021-05-08T11:13:46","guid":{"rendered":"https:\/\/www.ecolelasource.ch\/defi-source\/?page_id=2282"},"modified":"2023-01-18T12:38:06","modified_gmt":"2023-01-18T11:38:06","slug":"projets-recompenses","status":"publish","type":"page","link":"https:\/\/www.ecolelasource.ch\/defi-source\/edition-2021\/projets-recompenses\/","title":{"rendered":"Projets r\u00e9compens\u00e9s"},"content":{"rendered":"<p>Apr\u00e8s pr\u00e9sentation lors du D Day, 6 projets ont \u00e9t\u00e9 r\u00e9compens\u00e9s :<\/p>\n<h2>1. \u00c9valuation clinique sans fronti\u00e8res<\/h2>\n<p>Pour que la barri\u00e8re de la langue ne soit plus un frein \u00e0 des soins de qualit\u00e9.<\/p>\n<p><img class=\"alignnone wp-image-2381 \" src=\"https:\/\/www.ecolelasource.ch\/defi-source\/wp-content\/uploads\/sites\/8\/2021\/05\/DDAY_Defi_Source_21198-1024x576.jpg\" alt=\"\" width=\"750\" height=\"422\" srcset=\"https:\/\/www.ecolelasource.ch\/defi-source\/wp-content\/uploads\/sites\/8\/2021\/05\/DDAY_Defi_Source_21198-1024x576.jpg 1024w, https:\/\/www.ecolelasource.ch\/defi-source\/wp-content\/uploads\/sites\/8\/2021\/05\/DDAY_Defi_Source_21198-300x169.jpg 300w, https:\/\/www.ecolelasource.ch\/defi-source\/wp-content\/uploads\/sites\/8\/2021\/05\/DDAY_Defi_Source_21198-768x432.jpg 768w, https:\/\/www.ecolelasource.ch\/defi-source\/wp-content\/uploads\/sites\/8\/2021\/05\/DDAY_Defi_Source_21198-1536x864.jpg 1536w, https:\/\/www.ecolelasource.ch\/defi-source\/wp-content\/uploads\/sites\/8\/2021\/05\/DDAY_Defi_Source_21198-767x431.jpg 767w, https:\/\/www.ecolelasource.ch\/defi-source\/wp-content\/uploads\/sites\/8\/2021\/05\/DDAY_Defi_Source_21198.jpg 1817w\" sizes=\"(max-width: 750px) 100vw, 750px\" \/><\/p>\n<p><span style=\"text-decoration: underline\">Le projet remporte:<\/span><\/p>\n<ul>\n<li><a href=\"https:\/\/www.ecolelasource.ch\/defi-source\/liste-des-prix\/#chapter-le-prix-du-jury\" target=\"_blank\" rel=\"noopener noreferrer\">Le prix du jury<\/a><\/li>\n<li><a href=\"https:\/\/www.ecolelasource.ch\/defi-source\/liste-des-prix\/#chapter-prix-vygon-de-l-autre-c-t-du-miroir\" target=\"_blank\" rel=\"noopener noreferrer\">Le prix Vygon<\/a><\/li>\n<\/ul>\n<p>&nbsp;<\/p>\n<p><span style=\"text-decoration: underline\">\u00c9quipe de projet<\/span><br \/>\nPorteuse de projet:&nbsp;Alexandra Yosef<br \/>\n\u00c9quipier\u00b7i\u00e8re\u00b7s:&nbsp;Charlotte Broccard, Semira Ibrahim, Catherine Mialet, Jean-Alexis Montignies, Rim Teklay, Felicia Vuilleumier<\/p>\n<h2>2. BulleS d&rsquo;attente<\/h2>\n<p>La solution en kit pour rendre l\u2019attente utile et agr\u00e9able.<\/p>\n<p><img class=\"alignnone wp-image-2373 \" src=\"https:\/\/www.ecolelasource.ch\/defi-source\/wp-content\/uploads\/sites\/8\/2021\/05\/DDAY_Defi_Source_21164.jpg\" alt=\"\" width=\"750\" height=\"421\" srcset=\"https:\/\/www.ecolelasource.ch\/defi-source\/wp-content\/uploads\/sites\/8\/2021\/05\/DDAY_Defi_Source_21164.jpg 1817w, https:\/\/www.ecolelasource.ch\/defi-source\/wp-content\/uploads\/sites\/8\/2021\/05\/DDAY_Defi_Source_21164-300x169.jpg 300w, https:\/\/www.ecolelasource.ch\/defi-source\/wp-content\/uploads\/sites\/8\/2021\/05\/DDAY_Defi_Source_21164-1024x576.jpg 1024w, https:\/\/www.ecolelasource.ch\/defi-source\/wp-content\/uploads\/sites\/8\/2021\/05\/DDAY_Defi_Source_21164-768x432.jpg 768w, https:\/\/www.ecolelasource.ch\/defi-source\/wp-content\/uploads\/sites\/8\/2021\/05\/DDAY_Defi_Source_21164-1536x864.jpg 1536w, https:\/\/www.ecolelasource.ch\/defi-source\/wp-content\/uploads\/sites\/8\/2021\/05\/DDAY_Defi_Source_21164-767x431.jpg 767w\" sizes=\"(max-width: 750px) 100vw, 750px\" \/><\/p>\n<p><span style=\"text-decoration: underline\">Le projet remporte:<\/span><\/p>\n<ul>\n<li><a href=\"https:\/\/www.ecolelasource.ch\/defi-source\/liste-des-prix\/#chapter-prix-coup-de-c-ur-de-la-clinique-de-la-source\" target=\"_blank\" rel=\"noopener noreferrer\">Le prix Coup de c\u0153ur de la Clinique de La Source<\/a><\/li>\n<li><a href=\"https:\/\/www.ecolelasource.ch\/defi-source\/liste-des-prix\/#chapter-prix-du-village-de-l-innovation-de-l-cole-h-teli-re-de-lausanne\" target=\"_blank\" rel=\"noopener noreferrer\">Le prix du Village de l\u2019Innovation de l\u2019\u00c9cole H\u00f4teli\u00e8re de Lausanne<\/a><\/li>\n<\/ul>\n<p>&nbsp;<\/p>\n<p><span style=\"text-decoration: underline\">\u00c9quipe de projet<\/span><br \/>\nPorteuse de projet:&nbsp;Louise Cardot<br \/>\n\u00c9quipier\u00b7i\u00e8re\u00b7s:&nbsp;Leane Grosh, Simon Laroche, Felippe Mar\u00e7al de Oliveira, Corinne Rosner Mock<\/p>\n<h2>3. PicToHome<\/h2>\n<p>Ensemble, pour votre autonomie!<\/p>\n<p><img class=\"alignnone wp-image-2380\" src=\"https:\/\/www.ecolelasource.ch\/defi-source\/wp-content\/uploads\/sites\/8\/2021\/05\/DDAY_Defi_Source_21192.jpg\" alt=\"\" width=\"751\" height=\"422\" srcset=\"https:\/\/www.ecolelasource.ch\/defi-source\/wp-content\/uploads\/sites\/8\/2021\/05\/DDAY_Defi_Source_21192.jpg 1817w, https:\/\/www.ecolelasource.ch\/defi-source\/wp-content\/uploads\/sites\/8\/2021\/05\/DDAY_Defi_Source_21192-300x169.jpg 300w, https:\/\/www.ecolelasource.ch\/defi-source\/wp-content\/uploads\/sites\/8\/2021\/05\/DDAY_Defi_Source_21192-1024x576.jpg 1024w, https:\/\/www.ecolelasource.ch\/defi-source\/wp-content\/uploads\/sites\/8\/2021\/05\/DDAY_Defi_Source_21192-768x432.jpg 768w, https:\/\/www.ecolelasource.ch\/defi-source\/wp-content\/uploads\/sites\/8\/2021\/05\/DDAY_Defi_Source_21192-1536x864.jpg 1536w, https:\/\/www.ecolelasource.ch\/defi-source\/wp-content\/uploads\/sites\/8\/2021\/05\/DDAY_Defi_Source_21192-767x431.jpg 767w\" sizes=\"(max-width: 751px) 100vw, 751px\" \/><\/p>\n<p><span style=\"text-decoration: underline\">Le projet remporte:<\/span><\/p>\n<ul>\n<li><a href=\"https:\/\/www.ecolelasource.ch\/defi-source\/liste-des-prix\/#chapter-prix-du-public\" target=\"_blank\" rel=\"noopener noreferrer\">Le prix du public<\/a><\/li>\n<\/ul>\n<p>&nbsp;<\/p>\n<p><span style=\"text-decoration: underline\">\u00c9quipe de projet<\/span><br \/>\nPorteuse de projet: Catherine Poidevin-Girard<br \/>\n\u00c9quipier\u00b7i\u00e8re\u00b7s: Ingrid Bonin, Gr\u00e9gory Cardot, Fabrice Morciano, Jean-Fran\u00e7ois Richter, Christophe Serrafino<\/p>\n<h2>4. EpilepSim<\/h2>\n<p>Comprendre son \u00e9pilepsie en s\u2019amusant.<\/p>\n<p><img class=\"alignnone wp-image-2378 \" src=\"https:\/\/www.ecolelasource.ch\/defi-source\/wp-content\/uploads\/sites\/8\/2021\/05\/DDAY_Defi_Source_21188_2.jpg\" alt=\"\" width=\"751\" height=\"422\" srcset=\"https:\/\/www.ecolelasource.ch\/defi-source\/wp-content\/uploads\/sites\/8\/2021\/05\/DDAY_Defi_Source_21188_2.jpg 1817w, https:\/\/www.ecolelasource.ch\/defi-source\/wp-content\/uploads\/sites\/8\/2021\/05\/DDAY_Defi_Source_21188_2-300x169.jpg 300w, https:\/\/www.ecolelasource.ch\/defi-source\/wp-content\/uploads\/sites\/8\/2021\/05\/DDAY_Defi_Source_21188_2-1024x576.jpg 1024w, https:\/\/www.ecolelasource.ch\/defi-source\/wp-content\/uploads\/sites\/8\/2021\/05\/DDAY_Defi_Source_21188_2-768x432.jpg 768w, https:\/\/www.ecolelasource.ch\/defi-source\/wp-content\/uploads\/sites\/8\/2021\/05\/DDAY_Defi_Source_21188_2-1536x864.jpg 1536w, https:\/\/www.ecolelasource.ch\/defi-source\/wp-content\/uploads\/sites\/8\/2021\/05\/DDAY_Defi_Source_21188_2-767x431.jpg 767w\" sizes=\"(max-width: 751px) 100vw, 751px\" \/><\/p>\n<p><span style=\"text-decoration: underline\">Le projet remporte:<\/span><\/p>\n<ul>\n<li><a href=\"https:\/\/www.ecolelasource.ch\/defi-source\/liste-des-prix\/#chapter-prix-elca-informatique-et-sant-\" target=\"_blank\" rel=\"noopener noreferrer\">Le prix ELCA<\/a><\/li>\n<\/ul>\n<p>&nbsp;<\/p>\n<p><span style=\"text-decoration: underline\">\u00c9quipe de projet<\/span><br \/>\nPorteur de projet: Samuel Pinto Da Silva<br \/>\n\u00c9quipier\u00b7i\u00e8re\u00b7s: No\u00e9 Barras, M\u00e9lanie Rais, Am\u00e9lie Torrent, Jeff Zufferey<\/p>\n<h2>5. My Heart<\/h2>\n<p>&nbsp;Une app afin d\u2019am\u00e9liorer la qualit\u00e9 de vie, la gestion des sympt\u00f4mes et le maintien \u00e0 domicile pour les insuffisant\u00b7e\u00b7s cardiaques.<\/p>\n<p><img class=\"alignnone wp-image-2377 \" src=\"https:\/\/www.ecolelasource.ch\/defi-source\/wp-content\/uploads\/sites\/8\/2021\/05\/DDAY_Defi_Source_21185.jpg\" alt=\"\" width=\"751\" height=\"422\" srcset=\"https:\/\/www.ecolelasource.ch\/defi-source\/wp-content\/uploads\/sites\/8\/2021\/05\/DDAY_Defi_Source_21185.jpg 1817w, https:\/\/www.ecolelasource.ch\/defi-source\/wp-content\/uploads\/sites\/8\/2021\/05\/DDAY_Defi_Source_21185-300x169.jpg 300w, https:\/\/www.ecolelasource.ch\/defi-source\/wp-content\/uploads\/sites\/8\/2021\/05\/DDAY_Defi_Source_21185-1024x576.jpg 1024w, https:\/\/www.ecolelasource.ch\/defi-source\/wp-content\/uploads\/sites\/8\/2021\/05\/DDAY_Defi_Source_21185-768x432.jpg 768w, https:\/\/www.ecolelasource.ch\/defi-source\/wp-content\/uploads\/sites\/8\/2021\/05\/DDAY_Defi_Source_21185-1536x864.jpg 1536w, https:\/\/www.ecolelasource.ch\/defi-source\/wp-content\/uploads\/sites\/8\/2021\/05\/DDAY_Defi_Source_21185-767x431.jpg 767w\" sizes=\"(max-width: 751px) 100vw, 751px\" \/><\/p>\n<p><span style=\"text-decoration: underline\">Le projet remporte:<\/span><\/p>\n<ul>\n<li><a href=\"https:\/\/www.ecolelasource.ch\/defi-source\/liste-des-prix\/#chapter-prix-pryv\" target=\"_blank\" rel=\"noopener noreferrer\">Le prix Pryv<\/a><\/li>\n<\/ul>\n<p>&nbsp;<\/p>\n<p><span style=\"text-decoration: underline\">\u00c9quipe de projet<\/span><br \/>\nPorteuse de projet: Krystel Vasserot<br \/>\n\u00c9quipiers: Vincent Mazoyer, Chiheb Said<\/p>\n<h2>6. NURSE.I (ancien nom: Care &amp; Share)<\/h2>\n<p>La qualit\u00e9 des soins 3.0! Pour que le mobile devienne l\u2019interface entre l\u2019infirmi\u00e8re et le savoir.<\/p>\n<p><img class=\"alignnone wp-image-2374 \" src=\"https:\/\/www.ecolelasource.ch\/defi-source\/wp-content\/uploads\/sites\/8\/2021\/05\/DDAY_Defi_Source_21167.jpg\" alt=\"\" width=\"751\" height=\"422\" srcset=\"https:\/\/www.ecolelasource.ch\/defi-source\/wp-content\/uploads\/sites\/8\/2021\/05\/DDAY_Defi_Source_21167.jpg 1817w, https:\/\/www.ecolelasource.ch\/defi-source\/wp-content\/uploads\/sites\/8\/2021\/05\/DDAY_Defi_Source_21167-300x169.jpg 300w, https:\/\/www.ecolelasource.ch\/defi-source\/wp-content\/uploads\/sites\/8\/2021\/05\/DDAY_Defi_Source_21167-1024x576.jpg 1024w, https:\/\/www.ecolelasource.ch\/defi-source\/wp-content\/uploads\/sites\/8\/2021\/05\/DDAY_Defi_Source_21167-768x432.jpg 768w, https:\/\/www.ecolelasource.ch\/defi-source\/wp-content\/uploads\/sites\/8\/2021\/05\/DDAY_Defi_Source_21167-1536x864.jpg 1536w, https:\/\/www.ecolelasource.ch\/defi-source\/wp-content\/uploads\/sites\/8\/2021\/05\/DDAY_Defi_Source_21167-767x431.jpg 767w\" sizes=\"(max-width: 751px) 100vw, 751px\" \/><\/p>\n<p>Le projet remporte:<\/p>\n<ul>\n<li><a href=\"https:\/\/www.ecolelasource.ch\/defi-source\/liste-des-prix\/#chapter-prix-surprise-du-hub-entrepreneuriat-et-innovation-de-l-unil\" target=\"_blank\" rel=\"noopener noreferrer\">Le prix du HUB Entrepreneuriat et Innovation de l\u2019UNIL<\/a><\/li>\n<\/ul>\n<p>&nbsp;<\/p>\n<p><span style=\"text-decoration: underline\">\u00c9quipe de projet<\/span><br \/>\nPorteuse de projet:&nbsp;Anne Willimann<br \/>\n\u00c9quipier\u00b7i\u00e8re\u00b7s:&nbsp;Catherine Bourguignon, C\u00e9cile Damnon, J\u00e9r\u00f4me Faure, Nicole Isler, Benjamin Suatton<\/p>\n<h2>12 projets en lice<\/h2>\n<p>12 \u00e9quipes ont \u00e9t\u00e9 s\u00e9lectionn\u00e9es le jour du PITCH DAY parmi les 28 en lice. Elles ont pu int\u00e9grer le BOOTCAMP, \u00e9tape de d\u00e9veloppement de leur solution et de pr\u00e9paration au D DAY, avec le soutien de coachs expert\u00b7e\u00b7s.<\/p>\n<p><a class=\"fasc-button fasc-size-medium fasc-type-flat fasc-ico-before dashicons-visibility\" style=\"background-color: #6e8ca8;color: #ffffff\" target=\"_blank\" rel=\"noopener noreferrer\" href=\"https:\/\/www.ecolelasource.ch\/defi-source\/projets-en-lice\/\">Voir les 12 projets<\/a><\/p>\n","protected":false},"excerpt":{"rendered":"<p>Apr\u00e8s pr\u00e9sentation lors du D Day, 6 projets ont \u00e9t\u00e9 r\u00e9compens\u00e9s : 1. \u00c9valuation clinique sans fronti\u00e8res Pour que la barri\u00e8re de la langue ne soit plus un frein \u00e0 des soins de qualit\u00e9. Le projet remporte: Le prix du jury Le prix Vygon &nbsp; \u00c9quipe de projet Porteuse de projet:&nbsp;Alexandra Yosef \u00c9quipier\u00b7i\u00e8re\u00b7s:&nbsp;Charlotte Broccard, Semira [&hellip;]<\/p>\n","protected":false},"author":13,"featured_media":0,"parent":2436,"menu_order":3,"comment_status":"closed","ping_status":"closed","template":"page-sommaire.php","meta":[],"acf":[],"_links":{"self":[{"href":"https:\/\/www.ecolelasource.ch\/defi-source\/wp-json\/wp\/v2\/pages\/2282"}],"collection":[{"href":"https:\/\/www.ecolelasource.ch\/defi-source\/wp-json\/wp\/v2\/pages"}],"about":[{"href":"https:\/\/www.ecolelasource.ch\/defi-source\/wp-json\/wp\/v2\/types\/page"}],"author":[{"embeddable":true,"href":"https:\/\/www.ecolelasource.ch\/defi-source\/wp-json\/wp\/v2\/users\/13"}],"replies":[{"embeddable":true,"href":"https:\/\/www.ecolelasource.ch\/defi-source\/wp-json\/wp\/v2\/comments?post=2282"}],"version-history":[{"count":12,"href":"https:\/\/www.ecolelasource.ch\/defi-source\/wp-json\/wp\/v2\/pages\/2282\/revisions"}],"predecessor-version":[{"id":2926,"href":"https:\/\/www.ecolelasource.ch\/defi-source\/wp-json\/wp\/v2\/pages\/2282\/revisions\/2926"}],"up":[{"embeddable":true,"href":"https:\/\/www.ecolelasource.ch\/defi-source\/wp-json\/wp\/v2\/pages\/2436"}],"wp:attachment":[{"href":"https:\/\/www.ecolelasource.ch\/defi-source\/wp-json\/wp\/v2\/media?parent=2282"}],"curies":[{"name":"wp","href":"https:\/\/api.w.org\/{rel}","templated":true}]}}