
{"id":2012,"date":"2021-03-30T15:58:42","date_gmt":"2021-03-30T13:58:42","guid":{"rendered":"https:\/\/www.ecolelasource.ch\/defi-source\/?page_id=2012"},"modified":"2023-01-09T18:58:27","modified_gmt":"2023-01-09T17:58:27","slug":"projets-en-lice","status":"publish","type":"page","link":"https:\/\/www.ecolelasource.ch\/defi-source\/edition-2021\/projets-en-lice\/","title":{"rendered":"Projets en lice"},"content":{"rendered":"<p>Elles \u00e9taient 28 \u00e9quipes \u00e0 participer au PITCH DAY. <strong>Douze ont \u00e9t\u00e9 s\u00e9lectionn\u00e9es<\/strong> par les expert\u00b7e\u00b7s et les participant\u00b7e\u00b7s. Elles ont int\u00e9gr\u00e9 le\u00a0BOOTCAMP le week-end du 30 avril au 2 mai,\u00a0et ont pr\u00e9sent\u00e9 lors du D DAY, le 7 mai 2021, leur projet en 4 minutes chronos devant un jury d&rsquo;expert\u00b7e\u00b7s et le grand pulic.<\/p>\n<h3>1<sup>\u00e8re<\/sup> place | S.PEE.DI<\/h3>\n<p><img class=\"wp-image-2027 alignleft\" src=\"https:\/\/www.ecolelasource.ch\/defi-source\/wp-content\/uploads\/sites\/8\/2021\/03\/IB_1.jpg\" alt=\"\" width=\"224\" height=\"126\" srcset=\"https:\/\/www.ecolelasource.ch\/defi-source\/wp-content\/uploads\/sites\/8\/2021\/03\/IB_1.jpg 1280w, https:\/\/www.ecolelasource.ch\/defi-source\/wp-content\/uploads\/sites\/8\/2021\/03\/IB_1-300x169.jpg 300w, https:\/\/www.ecolelasource.ch\/defi-source\/wp-content\/uploads\/sites\/8\/2021\/03\/IB_1-1024x576.jpg 1024w, https:\/\/www.ecolelasource.ch\/defi-source\/wp-content\/uploads\/sites\/8\/2021\/03\/IB_1-768x432.jpg 768w, https:\/\/www.ecolelasource.ch\/defi-source\/wp-content\/uploads\/sites\/8\/2021\/03\/IB_1-767x431.jpg 767w\" sizes=\"(max-width: 224px) 100vw, 224px\" \/><\/p>\n<p>Une analyse urinaire s\u00e9curis\u00e9e, efficace et bienveillante<\/p>\n<p><strong>Porteuses de projet<\/strong>: Audrey Deprez et Assunta Fiorentino<\/p>\n<p><strong>\u00c9quipiers<\/strong>: Renaud Defrancesco, Gwenael Hannema, Fran\u00e7ois Kade, S\u00e9bastien Martinerie<\/p>\n<h3>2<sup>e <\/sup>place | \u00c9valuation clinique sans fronti\u00e8res<\/h3>\n<p><img class=\"wp-image-2042 alignleft\" src=\"https:\/\/www.ecolelasource.ch\/defi-source\/wp-content\/uploads\/sites\/8\/2021\/03\/M56pa2uYVii28gwAuzUfEGdr9P1YbwBAWNpPLsQI.jpeg\" alt=\"\" width=\"224\" height=\"136\" srcset=\"https:\/\/www.ecolelasource.ch\/defi-source\/wp-content\/uploads\/sites\/8\/2021\/03\/M56pa2uYVii28gwAuzUfEGdr9P1YbwBAWNpPLsQI.jpeg 2091w, https:\/\/www.ecolelasource.ch\/defi-source\/wp-content\/uploads\/sites\/8\/2021\/03\/M56pa2uYVii28gwAuzUfEGdr9P1YbwBAWNpPLsQI-300x181.jpeg 300w, https:\/\/www.ecolelasource.ch\/defi-source\/wp-content\/uploads\/sites\/8\/2021\/03\/M56pa2uYVii28gwAuzUfEGdr9P1YbwBAWNpPLsQI-1024x619.jpeg 1024w, https:\/\/www.ecolelasource.ch\/defi-source\/wp-content\/uploads\/sites\/8\/2021\/03\/M56pa2uYVii28gwAuzUfEGdr9P1YbwBAWNpPLsQI-768x464.jpeg 768w, https:\/\/www.ecolelasource.ch\/defi-source\/wp-content\/uploads\/sites\/8\/2021\/03\/M56pa2uYVii28gwAuzUfEGdr9P1YbwBAWNpPLsQI-1536x929.jpeg 1536w, https:\/\/www.ecolelasource.ch\/defi-source\/wp-content\/uploads\/sites\/8\/2021\/03\/M56pa2uYVii28gwAuzUfEGdr9P1YbwBAWNpPLsQI-2048x1238.jpeg 2048w, https:\/\/www.ecolelasource.ch\/defi-source\/wp-content\/uploads\/sites\/8\/2021\/03\/M56pa2uYVii28gwAuzUfEGdr9P1YbwBAWNpPLsQI-767x464.jpeg 767w\" sizes=\"(max-width: 224px) 100vw, 224px\" \/>Pour que la barri\u00e8re de la langue ne soit plus un frein \u00e0 des soins de qualit\u00e9<\/p>\n<p><strong>Porteuse de projet<\/strong>: Alexandra Yosef<\/p>\n<p><strong>\u00c9quipier\u00b7i\u00e8re\u00b7s<\/strong>: Charlotte Broccard, Semira Ibrahim, Catherine Mialet, Jean-Alexis Montignies, Rim Teklay, Felicia Vuilleumier<\/p>\n<h3>3<sup>e<\/sup> place | picToHome<\/h3>\n<p><img class=\"wp-image-2043 alignleft\" src=\"https:\/\/www.ecolelasource.ch\/defi-source\/wp-content\/uploads\/sites\/8\/2021\/03\/I2LHh7ihBF6ckI7Y9TUZFwm3Um0MWzvJFpyhYSwR.jpeg\" alt=\"\" width=\"332\" height=\"111\" srcset=\"https:\/\/www.ecolelasource.ch\/defi-source\/wp-content\/uploads\/sites\/8\/2021\/03\/I2LHh7ihBF6ckI7Y9TUZFwm3Um0MWzvJFpyhYSwR.jpeg 1000w, https:\/\/www.ecolelasource.ch\/defi-source\/wp-content\/uploads\/sites\/8\/2021\/03\/I2LHh7ihBF6ckI7Y9TUZFwm3Um0MWzvJFpyhYSwR-300x100.jpeg 300w, https:\/\/www.ecolelasource.ch\/defi-source\/wp-content\/uploads\/sites\/8\/2021\/03\/I2LHh7ihBF6ckI7Y9TUZFwm3Um0MWzvJFpyhYSwR-768x257.jpeg 768w, https:\/\/www.ecolelasource.ch\/defi-source\/wp-content\/uploads\/sites\/8\/2021\/03\/I2LHh7ihBF6ckI7Y9TUZFwm3Um0MWzvJFpyhYSwR-767x256.jpeg 767w\" sizes=\"(max-width: 332px) 100vw, 332px\" \/><\/p>\n<p>Ensemble, pour votre autonomie!<\/p>\n<p><strong>Porteuse de projet<\/strong>: Catherine Poidevin-Girard<\/p>\n<p><strong>\u00c9quipier\u00b7i\u00e8re\u00b7s<\/strong>: Ingrid Bonin, Gr\u00e9gory Cardot, Fabrice Morciano, Jean-Fran\u00e7ois Richter, Christophe Serrafino<\/p>\n<h3>4<sup>e <\/sup>place | Bulle d&rsquo;attente<\/h3>\n<p><img class=\"wp-image-2047 alignleft\" src=\"https:\/\/www.ecolelasource.ch\/defi-source\/wp-content\/uploads\/sites\/8\/2021\/03\/nilGY7XFcMuPjUfrxqSMpv1RN6RT1tlPhACpPgVg-200x200.jpeg\" alt=\"\" width=\"224\" height=\"224\" srcset=\"https:\/\/www.ecolelasource.ch\/defi-source\/wp-content\/uploads\/sites\/8\/2021\/03\/nilGY7XFcMuPjUfrxqSMpv1RN6RT1tlPhACpPgVg-200x200.jpeg 200w, https:\/\/www.ecolelasource.ch\/defi-source\/wp-content\/uploads\/sites\/8\/2021\/03\/nilGY7XFcMuPjUfrxqSMpv1RN6RT1tlPhACpPgVg-40x40.jpeg 40w, https:\/\/www.ecolelasource.ch\/defi-source\/wp-content\/uploads\/sites\/8\/2021\/03\/nilGY7XFcMuPjUfrxqSMpv1RN6RT1tlPhACpPgVg-60x60.jpeg 60w\" sizes=\"(max-width: 224px) 100vw, 224px\" \/><\/p>\n<p>La solution en kit pour rendre l&rsquo;attente utile et agr\u00e9able<\/p>\n<p><strong>Porteuse de projet<\/strong>: Louise Cardot<\/p>\n<p><strong>\u00c9quipier\u00b7i\u00e8re\u00b7s<\/strong>: Leane Grosh, Simon Laroche, Felippe Mar\u00e7al de Oliveira, Corinne Rosner Mock<\/p>\n<h3>5<sup>e<\/sup> place | Hapstick<\/h3>\n<p><img class=\"wp-image-2051 alignleft\" src=\"https:\/\/www.ecolelasource.ch\/defi-source\/wp-content\/uploads\/sites\/8\/2021\/03\/0DIsOp9RRSdweDsJ0M6r0WXLwVmH0WvMfvN80bZD.jpeg\" alt=\"\" width=\"224\" height=\"149\" srcset=\"https:\/\/www.ecolelasource.ch\/defi-source\/wp-content\/uploads\/sites\/8\/2021\/03\/0DIsOp9RRSdweDsJ0M6r0WXLwVmH0WvMfvN80bZD.jpeg 1920w, https:\/\/www.ecolelasource.ch\/defi-source\/wp-content\/uploads\/sites\/8\/2021\/03\/0DIsOp9RRSdweDsJ0M6r0WXLwVmH0WvMfvN80bZD-300x200.jpeg 300w, https:\/\/www.ecolelasource.ch\/defi-source\/wp-content\/uploads\/sites\/8\/2021\/03\/0DIsOp9RRSdweDsJ0M6r0WXLwVmH0WvMfvN80bZD-1024x683.jpeg 1024w, https:\/\/www.ecolelasource.ch\/defi-source\/wp-content\/uploads\/sites\/8\/2021\/03\/0DIsOp9RRSdweDsJ0M6r0WXLwVmH0WvMfvN80bZD-768x512.jpeg 768w, https:\/\/www.ecolelasource.ch\/defi-source\/wp-content\/uploads\/sites\/8\/2021\/03\/0DIsOp9RRSdweDsJ0M6r0WXLwVmH0WvMfvN80bZD-1536x1024.jpeg 1536w, https:\/\/www.ecolelasource.ch\/defi-source\/wp-content\/uploads\/sites\/8\/2021\/03\/0DIsOp9RRSdweDsJ0M6r0WXLwVmH0WvMfvN80bZD-767x511.jpeg 767w\" sizes=\"(max-width: 224px) 100vw, 224px\" \/><\/p>\n<p>Plus qu&rsquo;une paire de b\u00e9quilles, une exp\u00e9rience de r\u00e9\u00e9ducation connect\u00e9e<\/p>\n<p><strong>Porteuse de projet<\/strong>: Diane Thouvenin<\/p>\n<p><strong>\u00c9quipiers<\/strong>: Jonathan Regef, Harshdeep Singh, Martin Stricker<\/p>\n<h3>6<sup>e<\/sup> place | NURS.I (ancien nom: Care &amp; Share)<\/h3>\n<p><img class=\"wp-image-2052 alignleft\" src=\"https:\/\/www.ecolelasource.ch\/defi-source\/wp-content\/uploads\/sites\/8\/2021\/03\/apkrz6SwiZrZV671IWYf6rzdcXdXkeLyNn8huYUl.png\" alt=\"\" width=\"307\" height=\"100\" srcset=\"https:\/\/www.ecolelasource.ch\/defi-source\/wp-content\/uploads\/sites\/8\/2021\/03\/apkrz6SwiZrZV671IWYf6rzdcXdXkeLyNn8huYUl.png 2560w, https:\/\/www.ecolelasource.ch\/defi-source\/wp-content\/uploads\/sites\/8\/2021\/03\/apkrz6SwiZrZV671IWYf6rzdcXdXkeLyNn8huYUl-300x98.png 300w, https:\/\/www.ecolelasource.ch\/defi-source\/wp-content\/uploads\/sites\/8\/2021\/03\/apkrz6SwiZrZV671IWYf6rzdcXdXkeLyNn8huYUl-1024x333.png 1024w, https:\/\/www.ecolelasource.ch\/defi-source\/wp-content\/uploads\/sites\/8\/2021\/03\/apkrz6SwiZrZV671IWYf6rzdcXdXkeLyNn8huYUl-768x250.png 768w, https:\/\/www.ecolelasource.ch\/defi-source\/wp-content\/uploads\/sites\/8\/2021\/03\/apkrz6SwiZrZV671IWYf6rzdcXdXkeLyNn8huYUl-1536x500.png 1536w, https:\/\/www.ecolelasource.ch\/defi-source\/wp-content\/uploads\/sites\/8\/2021\/03\/apkrz6SwiZrZV671IWYf6rzdcXdXkeLyNn8huYUl-2048x666.png 2048w, https:\/\/www.ecolelasource.ch\/defi-source\/wp-content\/uploads\/sites\/8\/2021\/03\/apkrz6SwiZrZV671IWYf6rzdcXdXkeLyNn8huYUl-767x249.png 767w\" sizes=\"(max-width: 307px) 100vw, 307px\" \/><\/p>\n<p>La qualit\u00e9 des soins 3.0! Pour que le mobile devienne l&rsquo;interface entre l&rsquo;infirmi\u00e8re et le savoir.<\/p>\n<p><strong>Porteuse de projet<\/strong>: Anne Willimann<\/p>\n<p><strong>\u00c9quipier\u00b7i\u00e8re\u00b7s<\/strong>: Catherine Bourguignon, C\u00e9cile Damnon, J\u00e9r\u00f4me Faure, Nicole Isler, Benjamin Suatton<\/p>\n<h3>7<sup>e<\/sup> place | Bloom<\/h3>\n<p><img class=\"wp-image-2057 alignleft\" src=\"https:\/\/www.ecolelasource.ch\/defi-source\/wp-content\/uploads\/sites\/8\/2021\/03\/BCsgnCFXIlxiGZq6g7PVl3akIiDZxzIakWZO9J67.jpeg\" alt=\"\" width=\"205\" height=\"205\" srcset=\"https:\/\/www.ecolelasource.ch\/defi-source\/wp-content\/uploads\/sites\/8\/2021\/03\/BCsgnCFXIlxiGZq6g7PVl3akIiDZxzIakWZO9J67.jpeg 1440w, https:\/\/www.ecolelasource.ch\/defi-source\/wp-content\/uploads\/sites\/8\/2021\/03\/BCsgnCFXIlxiGZq6g7PVl3akIiDZxzIakWZO9J67-300x300.jpeg 300w, https:\/\/www.ecolelasource.ch\/defi-source\/wp-content\/uploads\/sites\/8\/2021\/03\/BCsgnCFXIlxiGZq6g7PVl3akIiDZxzIakWZO9J67-1024x1024.jpeg 1024w, https:\/\/www.ecolelasource.ch\/defi-source\/wp-content\/uploads\/sites\/8\/2021\/03\/BCsgnCFXIlxiGZq6g7PVl3akIiDZxzIakWZO9J67-200x200.jpeg 200w, https:\/\/www.ecolelasource.ch\/defi-source\/wp-content\/uploads\/sites\/8\/2021\/03\/BCsgnCFXIlxiGZq6g7PVl3akIiDZxzIakWZO9J67-768x768.jpeg 768w, https:\/\/www.ecolelasource.ch\/defi-source\/wp-content\/uploads\/sites\/8\/2021\/03\/BCsgnCFXIlxiGZq6g7PVl3akIiDZxzIakWZO9J67-767x767.jpeg 767w, https:\/\/www.ecolelasource.ch\/defi-source\/wp-content\/uploads\/sites\/8\/2021\/03\/BCsgnCFXIlxiGZq6g7PVl3akIiDZxzIakWZO9J67-40x40.jpeg 40w, https:\/\/www.ecolelasource.ch\/defi-source\/wp-content\/uploads\/sites\/8\/2021\/03\/BCsgnCFXIlxiGZq6g7PVl3akIiDZxzIakWZO9J67-60x60.jpeg 60w\" sizes=\"(max-width: 205px) 100vw, 205px\" \/><\/p>\n<p>Une autre mani\u00e8re d\u2019\u00eatre accompagn\u00e9\u00b7e\u00b7s<\/p>\n<p><strong>Porteuse de projet<\/strong>: Tamara Virag<\/p>\n<p><strong>\u00c9quipier\u00b7i\u00e8re<\/strong> Brandon Gonzalez et Soisic Lecroc<\/p>\n<h3>8<sup>e<\/sup> place | My Heart<\/h3>\n<p><img class=\"wp-image-2060 alignleft\" src=\"https:\/\/www.ecolelasource.ch\/defi-source\/wp-content\/uploads\/sites\/8\/2021\/03\/FQJ6wvwSbUO2KTEOJGFsiggPc1kvHAZCYowIyr6R.jpeg\" alt=\"\" width=\"224\" height=\"168\" srcset=\"https:\/\/www.ecolelasource.ch\/defi-source\/wp-content\/uploads\/sites\/8\/2021\/03\/FQJ6wvwSbUO2KTEOJGFsiggPc1kvHAZCYowIyr6R.jpeg 492w, https:\/\/www.ecolelasource.ch\/defi-source\/wp-content\/uploads\/sites\/8\/2021\/03\/FQJ6wvwSbUO2KTEOJGFsiggPc1kvHAZCYowIyr6R-300x225.jpeg 300w\" sizes=\"(max-width: 224px) 100vw, 224px\" \/><\/p>\n<p>Une app afin d\u2019am\u00e9liorer la qualit\u00e9 de vie, la gestion des sympt\u00f4mes et le maintien \u00e0 domicile pour les insuffisants cardiaques<\/p>\n<p><strong>Porteuse de projet<\/strong>: Krystel Vasserot<\/p>\n<p><strong>\u00c9quipiers<\/strong>: Vincent Mazoyer, Chiheb Said<\/p>\n<h3>9<sup>e<\/sup> place | EpilepSim<\/h3>\n<p><img class=\"wp-image-2063 alignleft\" src=\"https:\/\/www.ecolelasource.ch\/defi-source\/wp-content\/uploads\/sites\/8\/2021\/03\/yVOA8ydUb6pRLHG6DKwbC3JS3KayECRt8PYDaZAk.jpeg\" alt=\"\" width=\"266\" height=\"142\" srcset=\"https:\/\/www.ecolelasource.ch\/defi-source\/wp-content\/uploads\/sites\/8\/2021\/03\/yVOA8ydUb6pRLHG6DKwbC3JS3KayECRt8PYDaZAk.jpeg 1200w, https:\/\/www.ecolelasource.ch\/defi-source\/wp-content\/uploads\/sites\/8\/2021\/03\/yVOA8ydUb6pRLHG6DKwbC3JS3KayECRt8PYDaZAk-300x160.jpeg 300w, https:\/\/www.ecolelasource.ch\/defi-source\/wp-content\/uploads\/sites\/8\/2021\/03\/yVOA8ydUb6pRLHG6DKwbC3JS3KayECRt8PYDaZAk-1024x546.jpeg 1024w, https:\/\/www.ecolelasource.ch\/defi-source\/wp-content\/uploads\/sites\/8\/2021\/03\/yVOA8ydUb6pRLHG6DKwbC3JS3KayECRt8PYDaZAk-768x410.jpeg 768w, https:\/\/www.ecolelasource.ch\/defi-source\/wp-content\/uploads\/sites\/8\/2021\/03\/yVOA8ydUb6pRLHG6DKwbC3JS3KayECRt8PYDaZAk-767x409.jpeg 767w\" sizes=\"(max-width: 266px) 100vw, 266px\" \/><\/p>\n<p>Comprendre son \u00e9pilepsie en s&rsquo;amusant<\/p>\n<p><strong>Porteur de projet<\/strong>: Samuel Pinto Da Silva<\/p>\n<p><strong>\u00c9quipier\u00b7i\u00e8re\u00b7s<\/strong>: No\u00e9 Barras, M\u00e9lanie Rais, Am\u00e9lie Torrent, Jeff Zufferey<\/p>\n<h3>10<sup>e<\/sup> place | BetterMatch.ch<\/h3>\n<p><img class=\"wp-image-2069 alignleft\" src=\"https:\/\/www.ecolelasource.ch\/defi-source\/wp-content\/uploads\/sites\/8\/2021\/03\/iPizkNA8gc8IX5jsKmGhv0pF3CmGocMXgenDWWjm.jpeg\" alt=\"\" width=\"222\" height=\"171\" srcset=\"https:\/\/www.ecolelasource.ch\/defi-source\/wp-content\/uploads\/sites\/8\/2021\/03\/iPizkNA8gc8IX5jsKmGhv0pF3CmGocMXgenDWWjm.jpeg 735w, https:\/\/www.ecolelasource.ch\/defi-source\/wp-content\/uploads\/sites\/8\/2021\/03\/iPizkNA8gc8IX5jsKmGhv0pF3CmGocMXgenDWWjm-300x231.jpeg 300w\" sizes=\"(max-width: 222px) 100vw, 222px\" \/><\/p>\n<p>Fixer vos RDV param\u00e9dicaux n\u2019a jamais \u00e9t\u00e9 aussi simple !<\/p>\n<p><strong>Porteuse de projet<\/strong>: Marie-Gabrielle Wick<\/p>\n<p><strong>\u00c9quipier\u00b7i\u00e8re\u00b7s<\/strong>: David Allaigre, Sophie-H\u00e9l\u00e8ne Bataini, Esthelle Le Gallic de Kerizou\u00ebt, Thomas Mellier<\/p>\n<h3>11<sup>e<\/sup> place | LoGan<\/h3>\n<p><img class=\"wp-image-2072 alignleft\" src=\"https:\/\/www.ecolelasource.ch\/defi-source\/wp-content\/uploads\/sites\/8\/2021\/03\/89bWPaZFH2sQcvKDOxDZ5WUZv2SFVba7IJkIJAwF.jpeg\" alt=\"\" width=\"224\" height=\"144\" srcset=\"https:\/\/www.ecolelasource.ch\/defi-source\/wp-content\/uploads\/sites\/8\/2021\/03\/89bWPaZFH2sQcvKDOxDZ5WUZv2SFVba7IJkIJAwF.jpeg 1200w, https:\/\/www.ecolelasource.ch\/defi-source\/wp-content\/uploads\/sites\/8\/2021\/03\/89bWPaZFH2sQcvKDOxDZ5WUZv2SFVba7IJkIJAwF-300x193.jpeg 300w, https:\/\/www.ecolelasource.ch\/defi-source\/wp-content\/uploads\/sites\/8\/2021\/03\/89bWPaZFH2sQcvKDOxDZ5WUZv2SFVba7IJkIJAwF-1024x658.jpeg 1024w, https:\/\/www.ecolelasource.ch\/defi-source\/wp-content\/uploads\/sites\/8\/2021\/03\/89bWPaZFH2sQcvKDOxDZ5WUZv2SFVba7IJkIJAwF-768x493.jpeg 768w, https:\/\/www.ecolelasource.ch\/defi-source\/wp-content\/uploads\/sites\/8\/2021\/03\/89bWPaZFH2sQcvKDOxDZ5WUZv2SFVba7IJkIJAwF-767x493.jpeg 767w\" sizes=\"(max-width: 224px) 100vw, 224px\" \/><\/p>\n<p>La montre qui pr\u00e9serve notre audition<\/p>\n<p><strong>Porteur de projet<\/strong>: Denis Grajcevci<\/p>\n<p><strong>\u00c9quipiers<\/strong>: Lo\u00efc Berthod, St\u00e9phane Roessli, Zian Rossier, Garrett Wollam<\/p>\n<h3>12<sup>e<\/sup> place: SoliVoice &#8211; R\u00e9seau de solidarit\u00e9 entre patients<\/h3>\n<p><img class=\"wp-image-2075 alignleft\" src=\"https:\/\/www.ecolelasource.ch\/defi-source\/wp-content\/uploads\/sites\/8\/2021\/03\/o112Peb03ZWvrTTmkloVtmHltfbESnyNhWpB1bgp.jpeg\" alt=\"\" width=\"226\" height=\"151\" srcset=\"https:\/\/www.ecolelasource.ch\/defi-source\/wp-content\/uploads\/sites\/8\/2021\/03\/o112Peb03ZWvrTTmkloVtmHltfbESnyNhWpB1bgp.jpeg 919w, https:\/\/www.ecolelasource.ch\/defi-source\/wp-content\/uploads\/sites\/8\/2021\/03\/o112Peb03ZWvrTTmkloVtmHltfbESnyNhWpB1bgp-300x200.jpeg 300w, https:\/\/www.ecolelasource.ch\/defi-source\/wp-content\/uploads\/sites\/8\/2021\/03\/o112Peb03ZWvrTTmkloVtmHltfbESnyNhWpB1bgp-768x512.jpeg 768w, https:\/\/www.ecolelasource.ch\/defi-source\/wp-content\/uploads\/sites\/8\/2021\/03\/o112Peb03ZWvrTTmkloVtmHltfbESnyNhWpB1bgp-767x512.jpeg 767w\" sizes=\"(max-width: 226px) 100vw, 226px\" \/><\/p>\n<p>Communaut\u00e9 d&rsquo;entraide vocale entre patient\u00b7e\u00b7s via une app. Pour que la maladie ne rime plus avec solitude<\/p>\n<p><strong>Porteur\u00b7euse de projet<\/strong>: G\u00e9rald Grauer et Jennifer Ribeiro<\/p>\n<p><strong>\u00c9quipier\u00b7i\u00e8re<\/strong>: Sylviane Fellay et Antoine Masson<\/p>\n<p>&nbsp;<\/p>\n<hr \/>\n<p><a href=\"http:\/\/www.innosuisse.ch\/networkingeventseries\"><img class=\"alignnone wp-image-1762\" src=\"https:\/\/www.ecolelasource.ch\/defi-source\/wp-content\/uploads\/sites\/8\/2021\/03\/TFV_Networking_Event_Series_Stempel_Kontur_rgb.png\" alt=\"\" width=\"120\" height=\"120\" srcset=\"https:\/\/www.ecolelasource.ch\/defi-source\/wp-content\/uploads\/sites\/8\/2021\/03\/TFV_Networking_Event_Series_Stempel_Kontur_rgb.png 3000w, https:\/\/www.ecolelasource.ch\/defi-source\/wp-content\/uploads\/sites\/8\/2021\/03\/TFV_Networking_Event_Series_Stempel_Kontur_rgb-300x300.png 300w, https:\/\/www.ecolelasource.ch\/defi-source\/wp-content\/uploads\/sites\/8\/2021\/03\/TFV_Networking_Event_Series_Stempel_Kontur_rgb-1024x1024.png 1024w, https:\/\/www.ecolelasource.ch\/defi-source\/wp-content\/uploads\/sites\/8\/2021\/03\/TFV_Networking_Event_Series_Stempel_Kontur_rgb-200x200.png 200w, https:\/\/www.ecolelasource.ch\/defi-source\/wp-content\/uploads\/sites\/8\/2021\/03\/TFV_Networking_Event_Series_Stempel_Kontur_rgb-768x768.png 768w, https:\/\/www.ecolelasource.ch\/defi-source\/wp-content\/uploads\/sites\/8\/2021\/03\/TFV_Networking_Event_Series_Stempel_Kontur_rgb-1536x1536.png 1536w, https:\/\/www.ecolelasource.ch\/defi-source\/wp-content\/uploads\/sites\/8\/2021\/03\/TFV_Networking_Event_Series_Stempel_Kontur_rgb-2048x2048.png 2048w, https:\/\/www.ecolelasource.ch\/defi-source\/wp-content\/uploads\/sites\/8\/2021\/03\/TFV_Networking_Event_Series_Stempel_Kontur_rgb-767x767.png 767w, https:\/\/www.ecolelasource.ch\/defi-source\/wp-content\/uploads\/sites\/8\/2021\/03\/TFV_Networking_Event_Series_Stempel_Kontur_rgb-40x40.png 40w, https:\/\/www.ecolelasource.ch\/defi-source\/wp-content\/uploads\/sites\/8\/2021\/03\/TFV_Networking_Event_Series_Stempel_Kontur_rgb-60x60.png 60w\" sizes=\"(max-width: 120px) 100vw, 120px\" \/><\/a><\/p>\n","protected":false},"excerpt":{"rendered":"<p>Elles \u00e9taient 28 \u00e9quipes \u00e0 participer au PITCH DAY. Douze ont \u00e9t\u00e9 s\u00e9lectionn\u00e9es par les expert\u00b7e\u00b7s et les participant\u00b7e\u00b7s. Elles ont int\u00e9gr\u00e9 le\u00a0BOOTCAMP le week-end du 30 avril au 2 mai,\u00a0et ont pr\u00e9sent\u00e9 lors du D DAY, le 7 mai 2021, leur projet en 4 minutes chronos devant un jury d&rsquo;expert\u00b7e\u00b7s et le grand pulic. [&hellip;]<\/p>\n","protected":false},"author":13,"featured_media":0,"parent":2436,"menu_order":4,"comment_status":"closed","ping_status":"closed","template":"page.php","meta":[],"acf":[],"_links":{"self":[{"href":"https:\/\/www.ecolelasource.ch\/defi-source\/wp-json\/wp\/v2\/pages\/2012"}],"collection":[{"href":"https:\/\/www.ecolelasource.ch\/defi-source\/wp-json\/wp\/v2\/pages"}],"about":[{"href":"https:\/\/www.ecolelasource.ch\/defi-source\/wp-json\/wp\/v2\/types\/page"}],"author":[{"embeddable":true,"href":"https:\/\/www.ecolelasource.ch\/defi-source\/wp-json\/wp\/v2\/users\/13"}],"replies":[{"embeddable":true,"href":"https:\/\/www.ecolelasource.ch\/defi-source\/wp-json\/wp\/v2\/comments?post=2012"}],"version-history":[{"count":11,"href":"https:\/\/www.ecolelasource.ch\/defi-source\/wp-json\/wp\/v2\/pages\/2012\/revisions"}],"predecessor-version":[{"id":2490,"href":"https:\/\/www.ecolelasource.ch\/defi-source\/wp-json\/wp\/v2\/pages\/2012\/revisions\/2490"}],"up":[{"embeddable":true,"href":"https:\/\/www.ecolelasource.ch\/defi-source\/wp-json\/wp\/v2\/pages\/2436"}],"wp:attachment":[{"href":"https:\/\/www.ecolelasource.ch\/defi-source\/wp-json\/wp\/v2\/media?parent=2012"}],"curies":[{"name":"wp","href":"https:\/\/api.w.org\/{rel}","templated":true}]}}