
{"id":1957,"date":"2021-03-30T13:51:59","date_gmt":"2021-03-30T11:51:59","guid":{"rendered":"https:\/\/www.ecolelasource.ch\/defi-source\/?page_id=1957"},"modified":"2023-01-18T14:35:33","modified_gmt":"2023-01-18T13:35:33","slug":"presse","status":"publish","type":"page","link":"https:\/\/www.ecolelasource.ch\/defi-source\/edition-2021\/presse\/","title":{"rendered":"Presse"},"content":{"rendered":"<h2><strong>Communiqu\u00e9 de presse 8 mai 2021<\/strong><\/h2>\n<p><strong>8 prix d\u00e9cern\u00e9s pour r\u00e9compenser l\u2019innovation dans le domaine de la sant\u00e9 et des soins<\/strong><\/p>\n<p>Vendredi 7 mai, le D DAY, c\u00e9r\u00e9monie de cl\u00f4ture du D\u00e9fi Source 2021, s\u2019est d\u00e9roul\u00e9 en live sur YouTube, de 17h \u00e0 21h. Plus de 670 personnes se sont connect\u00e9es pour assister \u00e0 une pr\u00e9sentation \u00e9clair des 12 solutions innovantes par les porteuses et porteurs de projet et voter pour leur projet pr\u00e9f\u00e9r\u00e9. Au total, 8 prix ont \u00e9t\u00e9 d\u00e9cern\u00e9s. Deux \u00e9quipes se sont particuli\u00e8rement distingu\u00e9es en remportant chacune deux: celle de Louise Cardot, \u00e2g\u00e9e de seulement 11 ans, porteuse du projet \u00abBulle d\u2019attente\u00bb, un kit pour rendre les longs moments pass\u00e9s dans une salle d\u2019attente utiles et agr\u00e9ables, et celle d\u2019Alexandra Yosef et son projet \u00ab\u00c9valuation clinique sans fronti\u00e8res. Pour que la barri\u00e8re de la langue ne soit plus un frein \u00e0 des soins de qualit\u00e9\u00bb. Tous les prix donneront aux laur\u00e9at\u00b7e\u00b7s les moyens n\u00e9cessaires pour transformer leur projet en une v\u00e9ritable solution qui fera la diff\u00e9rence dans le domaine de la sant\u00e9 et des soins.<\/p>\n<p><a class=\"fasc-button fasc-size-medium fasc-type-flat fasc-ico-before dashicons-visibility\" style=\"background-color: #eb4b19;color: #ffffff\" target=\"_blank\" rel=\"noopener noreferrer\" href=\"https:\/\/www.ecolelasource.ch\/communique-d-day-defi-source\/\">Lire la suite<\/a><\/p>\n<p><a class=\"fasc-button fasc-size-medium fasc-type-flat ico-fa fasc-ico-before fa-youtube-play\" style=\"background-color: #de1b1e;color: #ffffff\" target=\"_blank\" rel=\"noopener noreferrer\" href=\"https:\/\/www.youtube.com\/watch?v=H4Go5DRJoTE\">Voir le live du D DAY<\/a><\/p>\n<h3>&nbsp;<\/h3>\n<h2><strong>Compte-rendu du PITCH DAY<\/strong><\/h2>\n<p><strong>12 \u00e9quipes porteuses d&rsquo;id\u00e9es innovantes continuent l&rsquo;aventure du D\u00e9fi Source<\/strong><\/p>\n<p><strong><img class=\" wp-image-1967 alignleft\" src=\"https:\/\/www.ecolelasource.ch\/defi-source\/wp-content\/uploads\/sites\/8\/2021\/03\/MicrosoftTeams-image-11-300x225.jpg\" alt=\"\" width=\"201\" height=\"151\" srcset=\"https:\/\/www.ecolelasource.ch\/defi-source\/wp-content\/uploads\/sites\/8\/2021\/03\/MicrosoftTeams-image-11-300x225.jpg 300w, https:\/\/www.ecolelasource.ch\/defi-source\/wp-content\/uploads\/sites\/8\/2021\/03\/MicrosoftTeams-image-11-1024x768.jpg 1024w, https:\/\/www.ecolelasource.ch\/defi-source\/wp-content\/uploads\/sites\/8\/2021\/03\/MicrosoftTeams-image-11-768x576.jpg 768w, https:\/\/www.ecolelasource.ch\/defi-source\/wp-content\/uploads\/sites\/8\/2021\/03\/MicrosoftTeams-image-11-1536x1152.jpg 1536w, https:\/\/www.ecolelasource.ch\/defi-source\/wp-content\/uploads\/sites\/8\/2021\/03\/MicrosoftTeams-image-11-2048x1536.jpg 2048w, https:\/\/www.ecolelasource.ch\/defi-source\/wp-content\/uploads\/sites\/8\/2021\/03\/MicrosoftTeams-image-11-767x575.jpg 767w\" sizes=\"(max-width: 201px) 100vw, 201px\" \/><\/strong>Samedi 27 mars, de 9h00 \u00e0 17h30, le PITCH DAY a r\u00e9uni \u00e0 la fois en pr\u00e9sentiel sur le site de Beaulieu de l&rsquo;Institut et Haute Ecole de la Sant\u00e9 La Source et en virtuel (en raison des conditions sanitaires) les&nbsp;porteuses et porteurs d&rsquo;id\u00e9es, les personnes inscrites au D\u00e9fi Source et un public d&rsquo;expert\u00b7e\u00b7s.<\/p>\n<p>Parmi les 48 id\u00e9es de solutions d\u00e9pos\u00e9es dans les domaines des soins infirmiers et plus largement de la sant\u00e9, 28 porteuses et porteurs d\u2019id\u00e9es ont pr\u00e9sent\u00e9 leur projet dans l&rsquo;espoir d&rsquo;acc\u00e9der \u00e0 la prochaine \u00e9tape: le BOOTCAMP.<\/p>\n<p>La journ\u00e9e retransmise en direct pour la communaut\u00e9 inscrite, \u00e9tait divis\u00e9e en 4 parties:<\/p>\n<ul>\n<li>Un briefing sur l&rsquo;art de pitcher,<\/li>\n<li>Des coachings sur mesure pour chacun\u00b7e des 28 porteuses et porteurs d&rsquo;id\u00e9es, r\u00e9parti\u00b7e\u00b7s entre 4 coachs,<\/li>\n<li>Une introduction des pitchs par Jacques Chapuis, Directeur de l&rsquo;Institut et Haute Ecole de la Sant\u00e9 La Source, et la pr\u00e9sentation des 28 projets en 3 minutes chrono par chacune\/chacun de leur repr\u00e9sentant\u00b7e,<\/li>\n<li>Le discours de Madame Andreane Jordan Meier, cheffe de service du Service de la promotion de l&rsquo;\u00e9conomie et de l&rsquo;innovation de l&rsquo;\u00c9tat de Vaud, suivi de l&rsquo;annonce tant attendue des 12 solutions innovantes retenues pour le BOOTCAMP.<\/li>\n<\/ul>\n<p>Le panel de votant\u00b7e\u00b7s \u00e9tait constitu\u00e9 des personnes inscrit\u00b7e\u00b7s sur la plateforme de d\u00e9p\u00f4t d&rsquo;id\u00e9es du D\u00e9fi Source, de 27 expert\u00b7e\u00b7s travaillant au sein de diff\u00e9rentes entit\u00e9s en lien avec les domaines de la sant\u00e9, de l&rsquo;innovation ou de l&rsquo;entrepreneuriat (<a href=\"https:\/\/www.lasource.ch\/\" target=\"_blank\" rel=\"noopener noreferrer\">La Clinique La Source<\/a>, <a href=\"https:\/\/www.elca.ch\/fr\" target=\"_blank\" rel=\"noopener noreferrer\">ELCA<\/a>, <a href=\"https:\/\/www.unil.ch\/hub\/fr\/home.html\" target=\"_blank\" rel=\"noopener noreferrer\">UNIL-HEC<\/a>, <a href=\"https:\/\/www.vygon.com\/fr\/\" target=\"_blank\" rel=\"noopener noreferrer\">Vygon<\/a>, <a href=\"https:\/\/bioalps.org\/\" target=\"_blank\" rel=\"noopener noreferrer\">BioAlps<\/a>&#8230;) et de l&rsquo;\u00e9quipe de projet du D\u00e9fi Source: le <a href=\"https:\/\/www.ecolelasource.ch\/innovation\/silab\/\" target=\"_blank\" rel=\"noopener noreferrer\">Source Innovation Lab<\/a>.<\/p>\n<p>Au BOOTCAMP, les \u00e9quipes s\u00e9lectionn\u00e9es pourront co-cr\u00e9er des prototypes innovants et les pr\u00e9senter au D DAY, le vendredi 7 mai, l&rsquo;\u00e9v\u00e9nement de cl\u00f4ture grand public du D\u00e9fi Source durant lequel seront remis <a href=\"https:\/\/www.ecolelasource.ch\/defi-source\/liste-des-prix\/\">les prix<\/a>.<\/p>\n<p><a class=\"fasc-button fasc-size-large fasc-type-flat fasc-ico-before dashicons-visibility\" style=\"background-color: #eb4b19;color: #ffffff\" href=\"https:\/\/www.ecolelasource.ch\/defi-source\/projets-en-lice\/\">Liste des projets s\u00e9lectionn\u00e9s<\/a><\/p>\n<p><a class=\"fasc-button fasc-size-xlarge fasc-type-flat ico-fa fasc-ico-before fa-facebook-square\" style=\"background-color: #eb4b19;color: #ffffff\" target=\"_blank\" rel=\"noopener noreferrer\" href=\"https:\/\/business.facebook.com\/pg\/defisource\/photos\/?tab=album&amp;album_id=271517481123412\">Photos prises sur le vif<\/a><\/p>\n<p>&nbsp;<\/p>\n<h2><strong>Communiqu\u00e9 de presse 10 mars<\/strong><\/h2>\n<p><strong>L\u2019avenir des soins est infirmier!<\/strong><\/p>\n<p>L\u2019Institut et Haute Ecole de la Sant\u00e9 La Source lance son premier D\u00e9fi Source, un \u00e9v\u00e9nement d\u2019innovation collaborative d\u00e9di\u00e9 aux soins. Organis\u00e9 par son laboratoire d\u2019innovation, le Source Innovation Lab, le D\u00e9fi Source s\u2019adresse \u00e0 un large public: \u00e9tudiants ou professionnels du domaine de la sant\u00e9 ou du social, en ing\u00e9nierie, en informatique, en design, en business, en communication, soignants, entrepreneurs, b\u00e9n\u00e9ficiaires de soins et proches aidants. Tous peuvent, d\u00e8s \u00e0 pr\u00e9sent et jusqu\u2019au 26 mars, proposer une id\u00e9e de solution innovante ou rejoindre une \u00e9quipe pour l\u2019aider \u00e0 d\u00e9velopper son projet. Le d\u00e9p\u00f4t d\u2019id\u00e9e et l\u2019inscription se font en ligne sur <a href=\"https:\/\/www.ecolelasource.ch\/defi-source\/\" target=\"_blank\" rel=\"noopener noreferrer\">www.defi-source.ch<\/a>.<br \/>\nSoutenus par des experts et des coachs, les participants passeront par diff\u00e9rentes \u00e9tapes durant lesquelles ils cocr\u00e9eront des prototypes innovants avant de les pr\u00e9senter \u00e0 un jury et au public le 7 mai. Les meilleures solutions seront r\u00e9compens\u00e9es par des prix qui permettront aux laur\u00e9ats de transformer leur projet en une solution concr\u00e8te.<br \/>\nLa Source promeut ainsi l\u2019innovation dans les soins et r\u00e9pond activement aux enjeux socio-sanitaires auxquels la soci\u00e9t\u00e9 devra faire face ces vingt prochaines ann\u00e9es.<\/p>\n<p><a class=\"fasc-button fasc-size-medium fasc-type-flat fasc-ico-before dashicons-visibility\" style=\"background-color: #eb4b19;color: #ffffff\" target=\"_blank\" rel=\"noopener noreferrer\" href=\"https:\/\/www.ecolelasource.ch\/wp-content\/uploads\/CP_LaSource_DefiSource_10.03.21.pdf\">Lire la suite<\/a><\/p>\n<hr>\n<p><a href=\"http:\/\/www.innosuisse.ch\/networkingeventseries\"><img class=\"alignnone wp-image-1762\" src=\"https:\/\/www.ecolelasource.ch\/defi-source\/wp-content\/uploads\/sites\/8\/2021\/03\/TFV_Networking_Event_Series_Stempel_Kontur_rgb.png\" alt=\"\" width=\"120\" height=\"120\" srcset=\"https:\/\/www.ecolelasource.ch\/defi-source\/wp-content\/uploads\/sites\/8\/2021\/03\/TFV_Networking_Event_Series_Stempel_Kontur_rgb.png 3000w, https:\/\/www.ecolelasource.ch\/defi-source\/wp-content\/uploads\/sites\/8\/2021\/03\/TFV_Networking_Event_Series_Stempel_Kontur_rgb-300x300.png 300w, https:\/\/www.ecolelasource.ch\/defi-source\/wp-content\/uploads\/sites\/8\/2021\/03\/TFV_Networking_Event_Series_Stempel_Kontur_rgb-1024x1024.png 1024w, https:\/\/www.ecolelasource.ch\/defi-source\/wp-content\/uploads\/sites\/8\/2021\/03\/TFV_Networking_Event_Series_Stempel_Kontur_rgb-200x200.png 200w, https:\/\/www.ecolelasource.ch\/defi-source\/wp-content\/uploads\/sites\/8\/2021\/03\/TFV_Networking_Event_Series_Stempel_Kontur_rgb-768x768.png 768w, https:\/\/www.ecolelasource.ch\/defi-source\/wp-content\/uploads\/sites\/8\/2021\/03\/TFV_Networking_Event_Series_Stempel_Kontur_rgb-1536x1536.png 1536w, https:\/\/www.ecolelasource.ch\/defi-source\/wp-content\/uploads\/sites\/8\/2021\/03\/TFV_Networking_Event_Series_Stempel_Kontur_rgb-2048x2048.png 2048w, https:\/\/www.ecolelasource.ch\/defi-source\/wp-content\/uploads\/sites\/8\/2021\/03\/TFV_Networking_Event_Series_Stempel_Kontur_rgb-767x767.png 767w, https:\/\/www.ecolelasource.ch\/defi-source\/wp-content\/uploads\/sites\/8\/2021\/03\/TFV_Networking_Event_Series_Stempel_Kontur_rgb-40x40.png 40w, https:\/\/www.ecolelasource.ch\/defi-source\/wp-content\/uploads\/sites\/8\/2021\/03\/TFV_Networking_Event_Series_Stempel_Kontur_rgb-60x60.png 60w\" sizes=\"(max-width: 120px) 100vw, 120px\" \/><\/a><\/p>\n","protected":false},"excerpt":{"rendered":"<p>Communiqu\u00e9 de presse 8 mai 2021 8 prix d\u00e9cern\u00e9s pour r\u00e9compenser l\u2019innovation dans le domaine de la sant\u00e9 et des soins Vendredi 7 mai, le D DAY, c\u00e9r\u00e9monie de cl\u00f4ture du D\u00e9fi Source 2021, s\u2019est d\u00e9roul\u00e9 en live sur YouTube, de 17h \u00e0 21h. Plus de 670 personnes se sont connect\u00e9es pour assister \u00e0 une [&hellip;]<\/p>\n","protected":false},"author":13,"featured_media":0,"parent":2436,"menu_order":9,"comment_status":"closed","ping_status":"closed","template":"page-sommaire.php","meta":[],"acf":[],"_links":{"self":[{"href":"https:\/\/www.ecolelasource.ch\/defi-source\/wp-json\/wp\/v2\/pages\/1957"}],"collection":[{"href":"https:\/\/www.ecolelasource.ch\/defi-source\/wp-json\/wp\/v2\/pages"}],"about":[{"href":"https:\/\/www.ecolelasource.ch\/defi-source\/wp-json\/wp\/v2\/types\/page"}],"author":[{"embeddable":true,"href":"https:\/\/www.ecolelasource.ch\/defi-source\/wp-json\/wp\/v2\/users\/13"}],"replies":[{"embeddable":true,"href":"https:\/\/www.ecolelasource.ch\/defi-source\/wp-json\/wp\/v2\/comments?post=1957"}],"version-history":[{"count":12,"href":"https:\/\/www.ecolelasource.ch\/defi-source\/wp-json\/wp\/v2\/pages\/1957\/revisions"}],"predecessor-version":[{"id":2940,"href":"https:\/\/www.ecolelasource.ch\/defi-source\/wp-json\/wp\/v2\/pages\/1957\/revisions\/2940"}],"up":[{"embeddable":true,"href":"https:\/\/www.ecolelasource.ch\/defi-source\/wp-json\/wp\/v2\/pages\/2436"}],"wp:attachment":[{"href":"https:\/\/www.ecolelasource.ch\/defi-source\/wp-json\/wp\/v2\/media?parent=1957"}],"curies":[{"name":"wp","href":"https:\/\/api.w.org\/{rel}","templated":true}]}}